{"id":51,"date":"2015-11-03T14:12:34","date_gmt":"2015-11-03T13:12:34","guid":{"rendered":"http:\/\/www.jeunessesmusicales.be\/luxembourgbelge\/?page_id=51"},"modified":"2025-03-20T11:12:39","modified_gmt":"2025-03-20T10:12:39","slug":"agenda","status":"publish","type":"page","link":"https:\/\/www.jeunessesmusicales.be\/luxembourgbelge\/agenda\/","title":{"rendered":"Agenda"},"content":{"rendered":"<ul>\n<li>\n<h2>Du 07 juillet 2025 au 11 juillet 2025: <a href=\"https:\/\/www.jeunessesmusicales.be\/luxembourgbelge\/stages-dete-2025-rendez-vous-a-izel\/\">stage d&rsquo;\u00e9t\u00e9 \u00e0 Izel<\/a><\/h2>\n<\/li>\n<li>\n<h2>Le 12 juillet 2025: Notre nouveau festival familial <strong>KazKabane<\/strong> au centre culturel d&rsquo;Izel.<\/h2>\n<\/li>\n<\/ul>\n","protected":false},"excerpt":{"rendered":"<p>Du 07 juillet 2025 au 11 juillet 2025: stage d&rsquo;\u00e9t\u00e9 \u00e0 Izel Le 12 juillet 2025: Notre nouveau festival familial &hellip; <a href=\"https:\/\/www.jeunessesmusicales.be\/luxembourgbelge\/agenda\/\" class=\"more-link\">Continue reading <span class=\"screen-reader-text\">Agenda<\/span><\/a><\/p>\n","protected":false},"author":3,"featured_media":0,"parent":0,"menu_order":0,"comment_status":"closed","ping_status":"closed","template":"page-templates\/archive.php","meta":{"_acf_changed":false,"footnotes":""},"class_list":["post-51","page","type-page","status-publish","hentry"],"acf":[],"_links":{"self":[{"href":"https:\/\/www.jeunessesmusicales.be\/luxembourgbelge\/wp-json\/wp\/v2\/pages\/51","targetHints":{"allow":["GET"]}}],"collection":[{"href":"https:\/\/www.jeunessesmusicales.be\/luxembourgbelge\/wp-json\/wp\/v2\/pages"}],"about":[{"href":"https:\/\/www.jeunessesmusicales.be\/luxembourgbelge\/wp-json\/wp\/v2\/types\/page"}],"author":[{"embeddable":true,"href":"https:\/\/www.jeunessesmusicales.be\/luxembourgbelge\/wp-json\/wp\/v2\/users\/3"}],"replies":[{"embeddable":true,"href":"https:\/\/www.jeunessesmusicales.be\/luxembourgbelge\/wp-json\/wp\/v2\/comments?post=51"}],"version-history":[{"count":6,"href":"https:\/\/www.jeunessesmusicales.be\/luxembourgbelge\/wp-json\/wp\/v2\/pages\/51\/revisions"}],"predecessor-version":[{"id":1877,"href":"https:\/\/www.jeunessesmusicales.be\/luxembourgbelge\/wp-json\/wp\/v2\/pages\/51\/revisions\/1877"}],"wp:attachment":[{"href":"https:\/\/www.jeunessesmusicales.be\/luxembourgbelge\/wp-json\/wp\/v2\/media?parent=51"}],"curies":[{"name":"wp","href":"https:\/\/api.w.org\/{rel}","templated":true}]}}