{"id":57,"date":"2015-11-03T14:13:39","date_gmt":"2015-11-03T13:13:39","guid":{"rendered":"http:\/\/www.jeunessesmusicales.be\/luxembourgbelge\/?page_id=57"},"modified":"2026-01-15T11:40:32","modified_gmt":"2026-01-15T10:40:32","slug":"contact","status":"publish","type":"page","link":"https:\/\/www.jeunessesmusicales.be\/luxembourgbelge\/contact\/","title":{"rendered":"Contact"},"content":{"rendered":"<p style=\"text-align: left;\">\n            \n            \n            \n            <a name='map1'><\/a>\n            \n            \n            \n            \n            <div class=\"wpgmza_map \"  id=\"wpgmza_map_1\" style=\"display:block; overflow:auto; width:50%; height:300px; float:left;\" data-settings='{\"id\":\"1\",\"map_title\":\"Jeunesses Musicales du Luxembourg belge\",\"map_width\":\"50\",\"map_height\":\"300\",\"map_start_lat\":\"49.716393\",\"map_start_lng\":\"5.485536\",\"map_start_location\":\"49.71639293351376,5.485536267812199\",\"map_start_zoom\":\"15\",\"default_marker\":\"0\",\"type\":\"1\",\"alignment\":\"1\",\"directions_enabled\":\"0\",\"styling_enabled\":\"0\",\"styling_json\":\"\",\"active\":\"0\",\"kml\":\"\",\"bicycle\":\"0\",\"traffic\":\"0\",\"dbox\":\"1\",\"dbox_width\":\"500\",\"listmarkers\":\"0\",\"listmarkers_advanced\":\"0\",\"filterbycat\":\"0\",\"ugm_enabled\":\"0\",\"ugm_category_enabled\":\"0\",\"fusion\":\"\",\"map_width_type\":\"\\\\%\",\"map_height_type\":\"px\",\"mass_marker_support\":\"0\",\"ugm_access\":\"0\",\"order_markers_by\":\"1\",\"order_markers_choice\":\"2\",\"show_user_location\":\"2\",\"default_to\":\"\",\"other_settings\":{\"store_locator_enabled\":2,\"wpgmza_store_locator_restrict\":\"\",\"store_locator_distance\":2,\"store_locator_bounce\":1,\"store_locator_hide_before_search\":2,\"store_locator_use_their_location\":2,\"store_locator_name_search\":2,\"store_locator_category\":2,\"store_locator_query_string\":\"Code Postal \\\/ Adresse\",\"store_locator_name_string\":\"Titre \\\/ Description\",\"wpgmza_dbox_width_type\":\"px\",\"map_max_zoom\":\"3\",\"sl_stroke_color\":\"FF0000\",\"sl_stroke_opacity\":\"0.25\",\"sl_fill_color\":\"FF0000\",\"sl_fill_opacity\":\"0.15\",\"click_open_link\":2,\"weather_layer\":2,\"weather_layer_temp_type\":1,\"cloud_layer\":2,\"transport_layer\":0,\"wpgmza_iw_type\":\"\",\"list_markers_by\":\"0\",\"push_in_map\":\"\",\"push_in_map_placement\":\"9\",\"wpgmza_push_in_map_width\":\"\",\"wpgmza_push_in_map_height\":\"\",\"shortcodeAttributes\":{\"id\":\"1\"}}}' data-map-id='1' data-shortcode-attributes='{\"id\":\"1\"}'> <\/div>\n            \n               \n        <\/p>\n<p>&nbsp;<\/p>\n<p style=\"text-align: center;\"><span class=\"Apple-style-span\"><strong>Jeunesses Musicales du Luxembourg belge ASBL<br \/>\n<\/strong>Entreprise n\u00b00419.442.648<\/span><\/p>\n<p style=\"text-align: center;\">Rue Camille Joset,\u00a01 C<br \/>\n<span class=\"Apple-style-span\">6730 ROSSIGNOL<\/span><\/p>\n<div>\n<div class=\"texte tarticle surlignable\">\n<p style=\"text-align: center;\"><strong>T\u00e9l :<\/strong> +32 63 41 22 81<\/p>\n<p style=\"text-align: center;\"><span class=\"Apple-style-span\"><strong>Email :<\/strong> jmlb@jeunessesmusicales.be<\/span><\/p>\n<p style=\"text-align: center;\"><span class=\"Apple-style-span\"><strong>IBAN : <\/strong><\/span>BE64 0680 7697 2052<\/p>\n<p>&nbsp;<\/p>\n<\/div>\n<\/div>\n<p>&nbsp;<\/p>\n<div>\n<div class=\"texte tarticle surlignable\">\n<p><span style=\"color: #ef3740;\"><strong>\u00c9QUIPE INTERNE<\/strong><\/span><\/p>\n<p><span class=\"Apple-style-span\"><strong>Charg\u00e9e de diffusion<\/strong> :\u00a0 Ma\u00eft\u00e9 Graff\u00a0 &#8211; m.graff@jeunessesmusicales.be<\/span><\/p>\n<p><span class=\"Apple-style-span\"><b>Coordinateur d&rsquo;\u00e9veil musical<\/b> : <\/span>Beno\u00eet Lesuisse &#8211; b.lesuisse@jeunessesmusicales.be<\/p>\n<p><strong>Employ\u00e9 administratif:<\/strong>\u00a0 Corentin Besure &#8211; <span class=\"Apple-style-span\">jmlb@jeunessesmusicales.be<\/span><\/p>\n<p><span class=\"Apple-style-span\"><strong>Pr\u00e9sident du Conseil d\u2019Administration<\/strong>\u00a0:\u00a0Beno\u00eet Piedboeuf<\/span><\/p>\n<p>&nbsp;<\/p>\n<p><strong><span style=\"color: #ef3740;\">\u00c9QUIPE D&rsquo;ANIMATION<\/span><\/strong><\/p>\n<p>Beno\u00eet Lesuisse<br \/>\nYoann Grudzien<br \/>\nMaxime Champion<br \/>\nGwendoline Ancia<br \/>\nMarie Lignian<br \/>\nLionel Brack<\/p>\n<p>&nbsp;<\/p>\n<p><span style=\"color: #ef3740;\"><b>Int\u00e9ress\u00e9.e par rejoindre l&rsquo;\u00e9quipe ?<\/b><\/span><\/p>\n<p><a href=\"https:\/\/www.jeunessesmusicales.be\/luxembourgbelge\/emploi\/\">Consultez nos offres d&#8217;emploi ouvertes ou envoyez-nous votre candidature spontan\u00e9e !<\/a><\/p>\n<p>&nbsp;<\/p>\n<p>&nbsp;<\/p>\n<p>&nbsp;<\/p>\n<\/div>\n<\/div>\n","protected":false},"excerpt":{"rendered":"<p>&nbsp; Jeunesses Musicales du Luxembourg belge ASBL Entreprise n\u00b00419.442.648 Rue Camille Joset,\u00a01 C 6730 ROSSIGNOL T\u00e9l : +32 63 41 &hellip; <a href=\"https:\/\/www.jeunessesmusicales.be\/luxembourgbelge\/contact\/\" class=\"more-link\">Continue reading <span class=\"screen-reader-text\">Contact<\/span><\/a><\/p>\n","protected":false},"author":3,"featured_media":0,"parent":0,"menu_order":0,"comment_status":"closed","ping_status":"closed","template":"","meta":{"_acf_changed":false,"footnotes":""},"class_list":["post-57","page","type-page","status-publish","hentry"],"acf":[],"_links":{"self":[{"href":"https:\/\/www.jeunessesmusicales.be\/luxembourgbelge\/wp-json\/wp\/v2\/pages\/57","targetHints":{"allow":["GET"]}}],"collection":[{"href":"https:\/\/www.jeunessesmusicales.be\/luxembourgbelge\/wp-json\/wp\/v2\/pages"}],"about":[{"href":"https:\/\/www.jeunessesmusicales.be\/luxembourgbelge\/wp-json\/wp\/v2\/types\/page"}],"author":[{"embeddable":true,"href":"https:\/\/www.jeunessesmusicales.be\/luxembourgbelge\/wp-json\/wp\/v2\/users\/3"}],"replies":[{"embeddable":true,"href":"https:\/\/www.jeunessesmusicales.be\/luxembourgbelge\/wp-json\/wp\/v2\/comments?post=57"}],"version-history":[{"count":37,"href":"https:\/\/www.jeunessesmusicales.be\/luxembourgbelge\/wp-json\/wp\/v2\/pages\/57\/revisions"}],"predecessor-version":[{"id":2113,"href":"https:\/\/www.jeunessesmusicales.be\/luxembourgbelge\/wp-json\/wp\/v2\/pages\/57\/revisions\/2113"}],"wp:attachment":[{"href":"https:\/\/www.jeunessesmusicales.be\/luxembourgbelge\/wp-json\/wp\/v2\/media?parent=57"}],"curies":[{"name":"wp","href":"https:\/\/api.w.org\/{rel}","templated":true}]}}