{"id":63,"date":"2015-11-03T14:14:38","date_gmt":"2015-11-03T13:14:38","guid":{"rendered":"http:\/\/www.jeunessesmusicales.be\/luxembourgbelge\/?page_id=63"},"modified":"2018-11-28T10:05:42","modified_gmt":"2018-11-28T09:05:42","slug":"medias","status":"publish","type":"page","link":"https:\/\/www.jeunessesmusicales.be\/luxembourgbelge\/medias\/","title":{"rendered":"M\u00e9dias"},"content":{"rendered":"<p>N&rsquo;h\u00e9sitez pas \u00e0 nous suivre via Facebook !<\/p>\n<p><strong>Nous retrouver dans les m\u00e9dias, voici quelques liens de reportages TVLux:<\/strong><\/p>\n<p>10\/05\/2018\u00a0: \u00ab\u00a0Arlon\u00a0: retour des pauses culture\u00a0\u00bb<\/p>\n<p><a href=\"https:\/\/www.tvlux.be\/arlon_le_retour_des_pauses_culture-29102-999-344.html\">https:\/\/www.tvlux.be\/arlon_le_retour_des_pauses_culture-29102-999-344.html<\/a><\/p>\n<p>&nbsp;<\/p>\n<p>06\/07\/18\u00a0: \u00ab\u00a0Une ann\u00e9e de tous les records pour les Jeunesses Musicales\u00a0\u00bb<\/p>\n<p><a href=\"https:\/\/www.tvlux.be\/video\/musique\/une-annee-de-tous-les-records-pour-les-jeunesses-musicales_29527.html\">https:\/\/www.tvlux.be\/video\/musique\/une-annee-de-tous-les-records-pour-les-jeunesses-musicales_29527.html<\/a><\/p>\n","protected":false},"excerpt":{"rendered":"<p>N&rsquo;h\u00e9sitez pas \u00e0 nous suivre via Facebook ! Nous retrouver dans les m\u00e9dias, voici quelques liens de reportages TVLux: 10\/05\/2018\u00a0: &hellip; <a href=\"https:\/\/www.jeunessesmusicales.be\/luxembourgbelge\/medias\/\" class=\"more-link\">Continue reading <span class=\"screen-reader-text\">M\u00e9dias<\/span><\/a><\/p>\n","protected":false},"author":3,"featured_media":0,"parent":0,"menu_order":0,"comment_status":"closed","ping_status":"closed","template":"","meta":{"_acf_changed":false,"footnotes":""},"class_list":["post-63","page","type-page","status-publish","hentry"],"acf":[],"_links":{"self":[{"href":"https:\/\/www.jeunessesmusicales.be\/luxembourgbelge\/wp-json\/wp\/v2\/pages\/63","targetHints":{"allow":["GET"]}}],"collection":[{"href":"https:\/\/www.jeunessesmusicales.be\/luxembourgbelge\/wp-json\/wp\/v2\/pages"}],"about":[{"href":"https:\/\/www.jeunessesmusicales.be\/luxembourgbelge\/wp-json\/wp\/v2\/types\/page"}],"author":[{"embeddable":true,"href":"https:\/\/www.jeunessesmusicales.be\/luxembourgbelge\/wp-json\/wp\/v2\/users\/3"}],"replies":[{"embeddable":true,"href":"https:\/\/www.jeunessesmusicales.be\/luxembourgbelge\/wp-json\/wp\/v2\/comments?post=63"}],"version-history":[{"count":3,"href":"https:\/\/www.jeunessesmusicales.be\/luxembourgbelge\/wp-json\/wp\/v2\/pages\/63\/revisions"}],"predecessor-version":[{"id":804,"href":"https:\/\/www.jeunessesmusicales.be\/luxembourgbelge\/wp-json\/wp\/v2\/pages\/63\/revisions\/804"}],"wp:attachment":[{"href":"https:\/\/www.jeunessesmusicales.be\/luxembourgbelge\/wp-json\/wp\/v2\/media?parent=63"}],"curies":[{"name":"wp","href":"https:\/\/api.w.org\/{rel}","templated":true}]}}