{"id":139,"date":"2015-11-26T09:49:53","date_gmt":"2015-11-26T08:49:53","guid":{"rendered":"http:\/\/www.jeunessesmusicales.be\/monsborinage\/?page_id=139"},"modified":"2026-05-04T14:48:42","modified_gmt":"2026-05-04T12:48:42","slug":"a-propos-de-nous","status":"publish","type":"page","link":"https:\/\/www.jeunessesmusicales.be\/monsborinage\/a-propos-de-nous\/","title":{"rendered":"A propos de nous"},"content":{"rendered":"<p><a rel=\"fancybox[139]\" href=\"https:\/\/www.jeunessesmusicales.be\/monsborinage\/wp-content\/uploads\/sites\/3\/2024\/04\/428606565_385218470928566_2019975407678964353_n.jpg\" class=\"fancybox\"><img loading=\"lazy\" decoding=\"async\" class=\"wp-image-2897 alignleft\" src=\"https:\/\/www.jeunessesmusicales.be\/monsborinage\/wp-content\/uploads\/sites\/3\/2024\/04\/428606565_385218470928566_2019975407678964353_n.jpg\" alt=\"\" width=\"486\" height=\"648\" srcset=\"https:\/\/www.jeunessesmusicales.be\/monsborinage\/wp-content\/uploads\/sites\/3\/2024\/04\/428606565_385218470928566_2019975407678964353_n.jpg 1536w, https:\/\/www.jeunessesmusicales.be\/monsborinage\/wp-content\/uploads\/sites\/3\/2024\/04\/428606565_385218470928566_2019975407678964353_n-225x300.jpg 225w, https:\/\/www.jeunessesmusicales.be\/monsborinage\/wp-content\/uploads\/sites\/3\/2024\/04\/428606565_385218470928566_2019975407678964353_n-768x1024.jpg 768w, https:\/\/www.jeunessesmusicales.be\/monsborinage\/wp-content\/uploads\/sites\/3\/2024\/04\/428606565_385218470928566_2019975407678964353_n-1152x1536.jpg 1152w, https:\/\/www.jeunessesmusicales.be\/monsborinage\/wp-content\/uploads\/sites\/3\/2024\/04\/428606565_385218470928566_2019975407678964353_n-79x105.jpg 79w\" sizes=\"auto, (max-width: 486px) 100vw, 486px\" \/><\/a>Les Jeunesses Musicales ont pour objectif prioritaire de promouvoir l\u2019\u00e9veil<br \/>\net l\u2019initiation de tous les jeunes \u00e0 toutes les musiques, \u00e0 l\u2019expression et \u00e0 la<br \/>\ncr\u00e9ativit\u00e9, dans un souci de qualit\u00e9 constante et dans un esprit de<br \/>\npluralisme culturel.<br \/>\nDans cette optique <strong>les Jeunesses Musicales de Mons-Borinage<\/strong> proposent<br \/>\nen milieu scolaire tant au niveau maternel, primaire que secondaire des<br \/>\nanimations et des \u00ab concerts animations \u00bb avec contenu p\u00e9dagogique.<\/p>\n<p>Hors milieu scolaire la place est belle aux ateliers permanents diversifi\u00e9s<br \/>\nd\u00e9j\u00e0 \u00e0 partir de la naissance :<br \/>\nbatterie, clavier \u00e9lectronique, \u00e9veil musical, ukul\u00e9l\u00e9, guitare classique, guitare \u00e9lectrique, guitare<br \/>\nd\u2019accompagnement, piano sans pr\u00e9requis musical et enfin \u00ab Matin\u00e9es enchant\u00e9es \u00bb.<\/p>\n<p>Pendant les vacances scolaires des stages s\u2019articulent autour des th\u00e8mes<br \/>\nvari\u00e9s et ce pour diff\u00e9rentes tranches d\u2019\u00e2ge : de 3 ans \u00e0 \u2026<br \/>\nN\u2019oublions pas des concerts publics diversifi\u00e9s (classique, rock, blues, jazz,<br \/>\nmusiques du monde, chansons pour enfants, \u2026).<\/p>\n<p>Int\u00e9ress\u00e9 ? \u2026 N\u2019h\u00e9sitez pas \u00e0 nous contacter au 065\/31.76.07<br \/>\nChauss\u00e9e de Maubeuge 430 \u2013 7022 HYON.<br \/>\n<a href=\"mailto:jmm@jeunessesmusicales.be\">jmm@jeunessesmusicales.be<\/a><\/p>\n<p><a rel=\"fancybox[139]\" href=\"https:\/\/www.jeunessesmusicales.be\/monsborinage\/wp-content\/uploads\/sites\/3\/2015\/09\/JMMONS_BGwhite.png\" class=\"fancybox\"><img loading=\"lazy\" decoding=\"async\" class=\"alignnone wp-image-1158\" src=\"https:\/\/www.jeunessesmusicales.be\/monsborinage\/wp-content\/uploads\/sites\/3\/2015\/09\/JMMONS_BGwhite.png\" alt=\"\" width=\"677\" height=\"118\" srcset=\"https:\/\/www.jeunessesmusicales.be\/monsborinage\/wp-content\/uploads\/sites\/3\/2015\/09\/JMMONS_BGwhite.png 11738w, https:\/\/www.jeunessesmusicales.be\/monsborinage\/wp-content\/uploads\/sites\/3\/2015\/09\/JMMONS_BGwhite-300x52.png 300w, https:\/\/www.jeunessesmusicales.be\/monsborinage\/wp-content\/uploads\/sites\/3\/2015\/09\/JMMONS_BGwhite-768x134.png 768w, https:\/\/www.jeunessesmusicales.be\/monsborinage\/wp-content\/uploads\/sites\/3\/2015\/09\/JMMONS_BGwhite-1024x179.png 1024w, https:\/\/www.jeunessesmusicales.be\/monsborinage\/wp-content\/uploads\/sites\/3\/2015\/09\/JMMONS_BGwhite-150x26.png 150w\" sizes=\"auto, (max-width: 677px) 100vw, 677px\" \/><\/a><\/p>\n<p>&nbsp;<\/p>\n","protected":false},"excerpt":{"rendered":"<p>Les Jeunesses Musicales ont pour objectif prioritaire de promouvoir l\u2019\u00e9veil et l\u2019initiation de tous les jeunes \u00e0 toutes les musiques, &hellip; <a href=\"https:\/\/www.jeunessesmusicales.be\/monsborinage\/a-propos-de-nous\/\" class=\"more-link\">Continue reading <span class=\"screen-reader-text\">A propos de nous<\/span><\/a><\/p>\n","protected":false},"author":9,"featured_media":0,"parent":0,"menu_order":0,"comment_status":"closed","ping_status":"closed","template":"","meta":{"_acf_changed":false,"footnotes":""},"class_list":["post-139","page","type-page","status-publish","hentry"],"acf":[],"_links":{"self":[{"href":"https:\/\/www.jeunessesmusicales.be\/monsborinage\/wp-json\/wp\/v2\/pages\/139","targetHints":{"allow":["GET"]}}],"collection":[{"href":"https:\/\/www.jeunessesmusicales.be\/monsborinage\/wp-json\/wp\/v2\/pages"}],"about":[{"href":"https:\/\/www.jeunessesmusicales.be\/monsborinage\/wp-json\/wp\/v2\/types\/page"}],"author":[{"embeddable":true,"href":"https:\/\/www.jeunessesmusicales.be\/monsborinage\/wp-json\/wp\/v2\/users\/9"}],"replies":[{"embeddable":true,"href":"https:\/\/www.jeunessesmusicales.be\/monsborinage\/wp-json\/wp\/v2\/comments?post=139"}],"version-history":[{"count":6,"href":"https:\/\/www.jeunessesmusicales.be\/monsborinage\/wp-json\/wp\/v2\/pages\/139\/revisions"}],"predecessor-version":[{"id":3908,"href":"https:\/\/www.jeunessesmusicales.be\/monsborinage\/wp-json\/wp\/v2\/pages\/139\/revisions\/3908"}],"wp:attachment":[{"href":"https:\/\/www.jeunessesmusicales.be\/monsborinage\/wp-json\/wp\/v2\/media?parent=139"}],"curies":[{"name":"wp","href":"https:\/\/api.w.org\/{rel}","templated":true}]}}