{"id":2610,"date":"2023-05-23T14:35:25","date_gmt":"2023-05-23T12:35:25","guid":{"rendered":"https:\/\/www.jeunessesmusicales.be\/monsborinage\/?page_id=2610"},"modified":"2026-04-10T13:35:30","modified_gmt":"2026-04-10T11:35:30","slug":"ateliers-dans-le-specialise","status":"publish","type":"page","link":"https:\/\/www.jeunessesmusicales.be\/monsborinage\/ateliers-dans-le-specialise\/","title":{"rendered":"Ateliers dans le sp\u00e9cialis\u00e9"},"content":{"rendered":"<h3><strong>Atelier de musicoth\u00e9rapie adapt\u00e9e:<\/strong><\/h3>\n<p>Par des jeux rythmiques et musicaux, par la manipulation d\u2019instruments, la chanson, par l\u2019\u00e9coute et la reconnaissance de sons chaque participant aura la possibilit\u00e9 d\u2019exprimer son \u00e9motion propre et d\u2019apprendre \u00e0 la communiquer.<\/p>\n<p>Ces ateliers sont propos\u00e9s pour les \u00e9tablissements sp\u00e9cialis\u00e9s de 6 ans aux adultes.<\/p>\n<p>Ces ateliers peuvent \u00eatre donn\u00e9s dans nos locaux ou dans l&rsquo;\u00e9tablissement demandeur pour un maximum de 10 personnes par groupe (en dehors des accompagnants).<\/p>\n<p><a rel=\"fancybox[2610]\" href=\"https:\/\/www.jeunessesmusicales.be\/monsborinage\/wp-content\/uploads\/sites\/3\/2023\/05\/notes.jpg\" class=\"fancybox\"><img loading=\"lazy\" decoding=\"async\" class=\"alignnone wp-image-2611\" src=\"https:\/\/www.jeunessesmusicales.be\/monsborinage\/wp-content\/uploads\/sites\/3\/2023\/05\/notes.jpg\" alt=\"\" width=\"342\" height=\"171\" srcset=\"https:\/\/www.jeunessesmusicales.be\/monsborinage\/wp-content\/uploads\/sites\/3\/2023\/05\/notes.jpg 626w, https:\/\/www.jeunessesmusicales.be\/monsborinage\/wp-content\/uploads\/sites\/3\/2023\/05\/notes-300x150.jpg 300w, https:\/\/www.jeunessesmusicales.be\/monsborinage\/wp-content\/uploads\/sites\/3\/2023\/05\/notes-150x75.jpg 150w\" sizes=\"auto, (max-width: 342px) 100vw, 342px\" \/><\/a><a rel=\"fancybox[2610]\" href=\"https:\/\/docs.google.com\/forms\/d\/e\/1FAIpQLSeZZwXNegClVhoz8cah6fZsVBQcu6eERugokgsgbpDsYNw_YA\/viewform?usp=header\" target=\"_blank\" rel=\"noopener\"><img loading=\"lazy\" decoding=\"async\" class=\"wp-image-2910 alignright\" src=\"https:\/\/www.jeunessesmusicales.be\/monsborinage\/wp-content\/uploads\/sites\/3\/2024\/04\/Design-sans-titre-2.png\" alt=\"\" width=\"333\" height=\"333\" \/ class=\"fancybox\" srcset=\"https:\/\/www.jeunessesmusicales.be\/monsborinage\/wp-content\/uploads\/sites\/3\/2024\/04\/Design-sans-titre-2.png 500w, https:\/\/www.jeunessesmusicales.be\/monsborinage\/wp-content\/uploads\/sites\/3\/2024\/04\/Design-sans-titre-2-300x300.png 300w, https:\/\/www.jeunessesmusicales.be\/monsborinage\/wp-content\/uploads\/sites\/3\/2024\/04\/Design-sans-titre-2-150x150.png 150w, https:\/\/www.jeunessesmusicales.be\/monsborinage\/wp-content\/uploads\/sites\/3\/2024\/04\/Design-sans-titre-2-105x105.png 105w, https:\/\/www.jeunessesmusicales.be\/monsborinage\/wp-content\/uploads\/sites\/3\/2024\/04\/Design-sans-titre-2-200x200.png 200w\" sizes=\"auto, (max-width: 333px) 100vw, 333px\" \/><\/a><\/p>\n<p><a rel=\"fancybox[2610]\" href=\"https:\/\/www.jeunessesmusicales.be\/monsborinage\/wp-content\/uploads\/sites\/3\/2026\/04\/Tarifs-et-conditions-SPE.png\" class=\"fancybox\"><img loading=\"lazy\" decoding=\"async\" class=\" wp-image-3854 alignleft\" src=\"https:\/\/www.jeunessesmusicales.be\/monsborinage\/wp-content\/uploads\/sites\/3\/2026\/04\/Tarifs-et-conditions-SPE.png\" alt=\"\" width=\"284\" height=\"505\" srcset=\"https:\/\/www.jeunessesmusicales.be\/monsborinage\/wp-content\/uploads\/sites\/3\/2026\/04\/Tarifs-et-conditions-SPE.png 1080w, https:\/\/www.jeunessesmusicales.be\/monsborinage\/wp-content\/uploads\/sites\/3\/2026\/04\/Tarifs-et-conditions-SPE-169x300.png 169w, https:\/\/www.jeunessesmusicales.be\/monsborinage\/wp-content\/uploads\/sites\/3\/2026\/04\/Tarifs-et-conditions-SPE-576x1024.png 576w, https:\/\/www.jeunessesmusicales.be\/monsborinage\/wp-content\/uploads\/sites\/3\/2026\/04\/Tarifs-et-conditions-SPE-768x1365.png 768w, https:\/\/www.jeunessesmusicales.be\/monsborinage\/wp-content\/uploads\/sites\/3\/2026\/04\/Tarifs-et-conditions-SPE-864x1536.png 864w, https:\/\/www.jeunessesmusicales.be\/monsborinage\/wp-content\/uploads\/sites\/3\/2026\/04\/Tarifs-et-conditions-SPE-59x105.png 59w\" sizes=\"auto, (max-width: 284px) 100vw, 284px\" \/><\/a><\/p>\n<p>&nbsp;<\/p>\n<p>&nbsp;<\/p>\n<p><strong>Proc\u00e9dure:<\/strong><\/p>\n<ul>\n<li>Demande par mail en expliquant vos attentes ainsi que le nom de l&rsquo;\u00e9tablissement, l&rsquo;adresse postale, un num\u00e9ro de t\u00e9l\u00e9phone, une adresse mail, l&rsquo;\u00e2ge et le type d&rsquo;handicap des participants ou en compl\u00e9tant le formulaire ci-dessus (Commande ici).<\/li>\n<li>Les JM prennent contact avec vous pour discuter de votre demande, \u00e9ventuellement prendre un rendez-vous de contact avec notre animateur.<\/li>\n<li>Les J.M. confirment, par l\u2019envoi d\u2019un contrat \u00e0 l\u2019\u00e9tablissement, la r\u00e9alisation des ateliers demand\u00e9s (dont copie \u00e0 nous retourner pour accord).<\/li>\n<li>R\u00e9alisation des animations.<\/li>\n<li>Facturation (facture envoy\u00e9e par mail sauf contrordre de votre part).<\/li>\n<\/ul>\n<p><a rel=\"fancybox[2610]\" href=\"https:\/\/www.jeunessesmusicales.be\/monsborinage\/wp-content\/uploads\/sites\/3\/2026\/03\/Capture-decran-2026-03-19-150049.png\" class=\"fancybox\"><img loading=\"lazy\" decoding=\"async\" class=\" wp-image-3790 alignright\" src=\"https:\/\/www.jeunessesmusicales.be\/monsborinage\/wp-content\/uploads\/sites\/3\/2026\/03\/Capture-decran-2026-03-19-150049.png\" alt=\"\" width=\"442\" height=\"221\" srcset=\"https:\/\/www.jeunessesmusicales.be\/monsborinage\/wp-content\/uploads\/sites\/3\/2026\/03\/Capture-decran-2026-03-19-150049.png 895w, https:\/\/www.jeunessesmusicales.be\/monsborinage\/wp-content\/uploads\/sites\/3\/2026\/03\/Capture-decran-2026-03-19-150049-300x150.png 300w, https:\/\/www.jeunessesmusicales.be\/monsborinage\/wp-content\/uploads\/sites\/3\/2026\/03\/Capture-decran-2026-03-19-150049-768x384.png 768w, https:\/\/www.jeunessesmusicales.be\/monsborinage\/wp-content\/uploads\/sites\/3\/2026\/03\/Capture-decran-2026-03-19-150049-150x75.png 150w\" sizes=\"auto, (max-width: 442px) 100vw, 442px\" \/><\/a><\/p>\n<p>&nbsp;<\/p>\n<p>&nbsp;<\/p>\n","protected":false},"excerpt":{"rendered":"<p>Atelier de musicoth\u00e9rapie adapt\u00e9e: Par des jeux rythmiques et musicaux, par la manipulation d\u2019instruments, la chanson, par l\u2019\u00e9coute et la &hellip; <a href=\"https:\/\/www.jeunessesmusicales.be\/monsborinage\/ateliers-dans-le-specialise\/\" class=\"more-link\">Continue reading <span class=\"screen-reader-text\">Ateliers dans le sp\u00e9cialis\u00e9<\/span><\/a><\/p>\n","protected":false},"author":21,"featured_media":0,"parent":0,"menu_order":0,"comment_status":"closed","ping_status":"closed","template":"","meta":{"_acf_changed":false,"footnotes":""},"class_list":["post-2610","page","type-page","status-publish","hentry"],"acf":[],"_links":{"self":[{"href":"https:\/\/www.jeunessesmusicales.be\/monsborinage\/wp-json\/wp\/v2\/pages\/2610","targetHints":{"allow":["GET"]}}],"collection":[{"href":"https:\/\/www.jeunessesmusicales.be\/monsborinage\/wp-json\/wp\/v2\/pages"}],"about":[{"href":"https:\/\/www.jeunessesmusicales.be\/monsborinage\/wp-json\/wp\/v2\/types\/page"}],"author":[{"embeddable":true,"href":"https:\/\/www.jeunessesmusicales.be\/monsborinage\/wp-json\/wp\/v2\/users\/21"}],"replies":[{"embeddable":true,"href":"https:\/\/www.jeunessesmusicales.be\/monsborinage\/wp-json\/wp\/v2\/comments?post=2610"}],"version-history":[{"count":12,"href":"https:\/\/www.jeunessesmusicales.be\/monsborinage\/wp-json\/wp\/v2\/pages\/2610\/revisions"}],"predecessor-version":[{"id":3855,"href":"https:\/\/www.jeunessesmusicales.be\/monsborinage\/wp-json\/wp\/v2\/pages\/2610\/revisions\/3855"}],"wp:attachment":[{"href":"https:\/\/www.jeunessesmusicales.be\/monsborinage\/wp-json\/wp\/v2\/media?parent=2610"}],"curies":[{"name":"wp","href":"https:\/\/api.w.org\/{rel}","templated":true}]}}