{"id":2687,"date":"2023-08-23T11:55:23","date_gmt":"2023-08-23T09:55:23","guid":{"rendered":"https:\/\/www.jeunessesmusicales.be\/monsborinage\/concerts-a-lecole-copy\/"},"modified":"2026-04-01T15:35:50","modified_gmt":"2026-04-01T13:35:50","slug":"concerts-public","status":"publish","type":"page","link":"https:\/\/www.jeunessesmusicales.be\/monsborinage\/concerts-public\/","title":{"rendered":"Concerts publics"},"content":{"rendered":"<p class=\"entry-title\">Mis \u00e0 part les concerts scolaires, les Jeunesses Musicales organisent toute une s\u00e9rie de concerts publics dans divers lieux et en partenariat avec de nombreux op\u00e9rateurs culturels.<\/p>\n<p><a rel=\"fancybox[2687]\" href=\"https:\/\/www.jeunessesmusicales.be\/monsborinage\/wp-content\/uploads\/sites\/3\/2023\/08\/41884499_940185309514766_2502501122086797312_n.jpg\" class=\"fancybox\"><img loading=\"lazy\" decoding=\"async\" class=\"alignnone wp-image-2690\" src=\"https:\/\/www.jeunessesmusicales.be\/monsborinage\/wp-content\/uploads\/sites\/3\/2023\/08\/41884499_940185309514766_2502501122086797312_n.jpg\" alt=\"\" width=\"510\" height=\"382\" srcset=\"https:\/\/www.jeunessesmusicales.be\/monsborinage\/wp-content\/uploads\/sites\/3\/2023\/08\/41884499_940185309514766_2502501122086797312_n.jpg 1920w, https:\/\/www.jeunessesmusicales.be\/monsborinage\/wp-content\/uploads\/sites\/3\/2023\/08\/41884499_940185309514766_2502501122086797312_n-300x225.jpg 300w, https:\/\/www.jeunessesmusicales.be\/monsborinage\/wp-content\/uploads\/sites\/3\/2023\/08\/41884499_940185309514766_2502501122086797312_n-1024x768.jpg 1024w, https:\/\/www.jeunessesmusicales.be\/monsborinage\/wp-content\/uploads\/sites\/3\/2023\/08\/41884499_940185309514766_2502501122086797312_n-768x576.jpg 768w, https:\/\/www.jeunessesmusicales.be\/monsborinage\/wp-content\/uploads\/sites\/3\/2023\/08\/41884499_940185309514766_2502501122086797312_n-1536x1152.jpg 1536w, https:\/\/www.jeunessesmusicales.be\/monsborinage\/wp-content\/uploads\/sites\/3\/2023\/08\/41884499_940185309514766_2502501122086797312_n-140x105.jpg 140w\" sizes=\"auto, (max-width: 510px) 100vw, 510px\" \/><\/a><\/p>\n<p>&nbsp;<\/p>\n<p><strong><em>Pour l\u2019organisation de vos concerts, n\u2019h\u00e9sitez pas \u00e0 prendre contact avec nous et \u00e0 nous faire part de vos desiderata et de vos possibilit\u00e9s: nous serons \u00e0 m\u00eame de vous faire une proposition ad\u00e9quate.<\/em><\/strong><\/p>\n<p><a rel=\"fancybox[2687]\" href=\"https:\/\/www.jeunessesmusicales.be\/monsborinage\/wp-content\/uploads\/sites\/3\/2025\/04\/JM_Brochure_2025-2026.pdf\" target=\"_blank\" rel=\"noopener\"><img loading=\"lazy\" decoding=\"async\" class=\"wp-image-3366 alignleft\" src=\"https:\/\/www.jeunessesmusicales.be\/monsborinage\/wp-content\/uploads\/sites\/3\/2025\/04\/Briochure-25-26.png\" alt=\"\" width=\"405\" height=\"585\" \/ class=\"fancybox\" srcset=\"https:\/\/www.jeunessesmusicales.be\/monsborinage\/wp-content\/uploads\/sites\/3\/2025\/04\/Briochure-25-26.png 550w, https:\/\/www.jeunessesmusicales.be\/monsborinage\/wp-content\/uploads\/sites\/3\/2025\/04\/Briochure-25-26-208x300.png 208w, https:\/\/www.jeunessesmusicales.be\/monsborinage\/wp-content\/uploads\/sites\/3\/2025\/04\/Briochure-25-26-73x105.png 73w\" sizes=\"auto, (max-width: 405px) 100vw, 405px\" \/><\/a><a rel=\"fancybox[2687]\" href=\"https:\/\/www.jeunessesmusicales.be\/monsborinage\/wp-content\/uploads\/sites\/3\/2026\/04\/BROCHURE_26-27.pdf\" target=\"_blank\" rel=\"noopener\"><img loading=\"lazy\" decoding=\"async\" class=\"wp-image-3811 alignleft\" src=\"https:\/\/www.jeunessesmusicales.be\/monsborinage\/wp-content\/uploads\/sites\/3\/2026\/04\/Capture-decran-2026-04-01-113821.png\" alt=\"\" width=\"413\" height=\"587\" \/ class=\"fancybox\" srcset=\"https:\/\/www.jeunessesmusicales.be\/monsborinage\/wp-content\/uploads\/sites\/3\/2026\/04\/Capture-decran-2026-04-01-113821.png 508w, https:\/\/www.jeunessesmusicales.be\/monsborinage\/wp-content\/uploads\/sites\/3\/2026\/04\/Capture-decran-2026-04-01-113821-211x300.png 211w, https:\/\/www.jeunessesmusicales.be\/monsborinage\/wp-content\/uploads\/sites\/3\/2026\/04\/Capture-decran-2026-04-01-113821-74x105.png 74w\" sizes=\"auto, (max-width: 413px) 100vw, 413px\" \/><br \/>\n<\/a><\/p>\n<p>&nbsp;<\/p>\n<p>&nbsp;<\/p>\n<p>&nbsp;<\/p>\n<p>&nbsp;<\/p>\n<p>&nbsp;<\/p>\n<p>&nbsp;<\/p>\n<p>&nbsp;<\/p>\n<p>&nbsp;<\/p>\n<p>&nbsp;<\/p>\n<p>&nbsp;<\/p>\n<p>&nbsp;<\/p>\n<p>&nbsp;<\/p>\n<p>&nbsp;<\/p>\n<p><a rel=\"fancybox[2687]\" href=\"mailto:n.maistriau@jeunessesmusicales.be\"><img loading=\"lazy\" decoding=\"async\" class=\"alignnone  wp-image-3792\" src=\"https:\/\/www.jeunessesmusicales.be\/monsborinage\/wp-content\/uploads\/sites\/3\/2026\/03\/Capture-decran-2026-03-19-150527.png\" alt=\"\" width=\"567\" height=\"293\" \/ class=\"fancybox\" srcset=\"https:\/\/www.jeunessesmusicales.be\/monsborinage\/wp-content\/uploads\/sites\/3\/2026\/03\/Capture-decran-2026-03-19-150527.png 884w, https:\/\/www.jeunessesmusicales.be\/monsborinage\/wp-content\/uploads\/sites\/3\/2026\/03\/Capture-decran-2026-03-19-150527-300x155.png 300w, https:\/\/www.jeunessesmusicales.be\/monsborinage\/wp-content\/uploads\/sites\/3\/2026\/03\/Capture-decran-2026-03-19-150527-768x397.png 768w, https:\/\/www.jeunessesmusicales.be\/monsborinage\/wp-content\/uploads\/sites\/3\/2026\/03\/Capture-decran-2026-03-19-150527-150x78.png 150w\" sizes=\"auto, (max-width: 567px) 100vw, 567px\" \/><\/a><a rel=\"fancybox[2687]\" href=\"https:\/\/docs.google.com\/forms\/d\/e\/1FAIpQLSdz4tcKT89U622aU-h2gBuzWfhCmxMqePmgv4uEctzh0371OQ\/viewform?usp=header\" target=\"_blank\" rel=\"noopener\"><img loading=\"lazy\" decoding=\"async\" class=\"wp-image-2909 alignleft\" src=\"https:\/\/www.jeunessesmusicales.be\/monsborinage\/wp-content\/uploads\/sites\/3\/2024\/04\/Design-sans-titre-1.png\" alt=\"\" width=\"305\" height=\"305\" \/ class=\"fancybox\" srcset=\"https:\/\/www.jeunessesmusicales.be\/monsborinage\/wp-content\/uploads\/sites\/3\/2024\/04\/Design-sans-titre-1.png 500w, https:\/\/www.jeunessesmusicales.be\/monsborinage\/wp-content\/uploads\/sites\/3\/2024\/04\/Design-sans-titre-1-300x300.png 300w, https:\/\/www.jeunessesmusicales.be\/monsborinage\/wp-content\/uploads\/sites\/3\/2024\/04\/Design-sans-titre-1-150x150.png 150w, https:\/\/www.jeunessesmusicales.be\/monsborinage\/wp-content\/uploads\/sites\/3\/2024\/04\/Design-sans-titre-1-105x105.png 105w, https:\/\/www.jeunessesmusicales.be\/monsborinage\/wp-content\/uploads\/sites\/3\/2024\/04\/Design-sans-titre-1-200x200.png 200w\" sizes=\"auto, (max-width: 305px) 100vw, 305px\" \/><\/a><\/p>\n<p>&nbsp;<\/p>\n<p>&nbsp;<\/p>\n","protected":false},"excerpt":{"rendered":"<p>Mis \u00e0 part les concerts scolaires, les Jeunesses Musicales organisent toute une s\u00e9rie de concerts publics dans divers lieux et &hellip; <a href=\"https:\/\/www.jeunessesmusicales.be\/monsborinage\/concerts-public\/\" class=\"more-link\">Continue reading <span class=\"screen-reader-text\">Concerts publics<\/span><\/a><\/p>\n","protected":false},"author":21,"featured_media":0,"parent":0,"menu_order":0,"comment_status":"closed","ping_status":"closed","template":"","meta":{"_acf_changed":false,"footnotes":""},"class_list":["post-2687","page","type-page","status-publish","hentry"],"acf":[],"_links":{"self":[{"href":"https:\/\/www.jeunessesmusicales.be\/monsborinage\/wp-json\/wp\/v2\/pages\/2687","targetHints":{"allow":["GET"]}}],"collection":[{"href":"https:\/\/www.jeunessesmusicales.be\/monsborinage\/wp-json\/wp\/v2\/pages"}],"about":[{"href":"https:\/\/www.jeunessesmusicales.be\/monsborinage\/wp-json\/wp\/v2\/types\/page"}],"author":[{"embeddable":true,"href":"https:\/\/www.jeunessesmusicales.be\/monsborinage\/wp-json\/wp\/v2\/users\/21"}],"replies":[{"embeddable":true,"href":"https:\/\/www.jeunessesmusicales.be\/monsborinage\/wp-json\/wp\/v2\/comments?post=2687"}],"version-history":[{"count":9,"href":"https:\/\/www.jeunessesmusicales.be\/monsborinage\/wp-json\/wp\/v2\/pages\/2687\/revisions"}],"predecessor-version":[{"id":2689,"href":"https:\/\/www.jeunessesmusicales.be\/monsborinage\/wp-json\/wp\/v2\/pages\/2687\/revisions\/2689"}],"wp:attachment":[{"href":"https:\/\/www.jeunessesmusicales.be\/monsborinage\/wp-json\/wp\/v2\/media?parent=2687"}],"curies":[{"name":"wp","href":"https:\/\/api.w.org\/{rel}","templated":true}]}}