{"id":271,"date":"2016-01-07T15:43:21","date_gmt":"2016-01-07T14:43:21","guid":{"rendered":"http:\/\/www.jeunessesmusicales.be\/monsborinage\/?page_id=271"},"modified":"2026-04-08T14:52:03","modified_gmt":"2026-04-08T12:52:03","slug":"les-journees-j-m","status":"publish","type":"page","link":"https:\/\/www.jeunessesmusicales.be\/monsborinage\/les-journees-j-m\/","title":{"rendered":"Les Journ\u00e9es J.M."},"content":{"rendered":"<h2 style=\"text-align: center;\"><strong><span style=\"text-decoration: underline; color: #35c4e8;\"><a rel=\"fancybox[271]\" href=\"https:\/\/www.jeunessesmusicales.be\/monsborinage\/wp-content\/uploads\/sites\/3\/2025\/05\/Blue-Green-and-Yellow-Collage-Music-Quiz-Presentation.jpg\" class=\"fancybox\"><img loading=\"lazy\" decoding=\"async\" class=\"alignnone size-full wp-image-3427\" src=\"https:\/\/www.jeunessesmusicales.be\/monsborinage\/wp-content\/uploads\/sites\/3\/2025\/05\/Blue-Green-and-Yellow-Collage-Music-Quiz-Presentation.jpg\" alt=\"\" width=\"1920\" height=\"1080\" srcset=\"https:\/\/www.jeunessesmusicales.be\/monsborinage\/wp-content\/uploads\/sites\/3\/2025\/05\/Blue-Green-and-Yellow-Collage-Music-Quiz-Presentation.jpg 1920w, https:\/\/www.jeunessesmusicales.be\/monsborinage\/wp-content\/uploads\/sites\/3\/2025\/05\/Blue-Green-and-Yellow-Collage-Music-Quiz-Presentation-300x169.jpg 300w, https:\/\/www.jeunessesmusicales.be\/monsborinage\/wp-content\/uploads\/sites\/3\/2025\/05\/Blue-Green-and-Yellow-Collage-Music-Quiz-Presentation-1024x576.jpg 1024w, https:\/\/www.jeunessesmusicales.be\/monsborinage\/wp-content\/uploads\/sites\/3\/2025\/05\/Blue-Green-and-Yellow-Collage-Music-Quiz-Presentation-768x432.jpg 768w, https:\/\/www.jeunessesmusicales.be\/monsborinage\/wp-content\/uploads\/sites\/3\/2025\/05\/Blue-Green-and-Yellow-Collage-Music-Quiz-Presentation-1536x864.jpg 1536w, https:\/\/www.jeunessesmusicales.be\/monsborinage\/wp-content\/uploads\/sites\/3\/2025\/05\/Blue-Green-and-Yellow-Collage-Music-Quiz-Presentation-150x84.jpg 150w\" sizes=\"auto, (max-width: 1920px) 100vw, 1920px\" \/><\/a><\/span><\/strong><\/h2>\n<p>&nbsp;<\/p>\n<h1><\/h1>\n<h3><span style=\"color: #ef3740;\">Conditions pratiques<\/span><\/h3>\n<p><a rel=\"fancybox[271]\" href=\"mailto:c.cornil@jeunessesmusicales.be\" target=\"_blank\" rel=\"noopener\"><img loading=\"lazy\" decoding=\"async\" class=\" wp-image-2890 alignright\" src=\"https:\/\/www.jeunessesmusicales.be\/monsborinage\/wp-content\/uploads\/sites\/3\/2024\/04\/Design-sans-titre.png\" alt=\"\" width=\"228\" height=\"228\" \/ class=\"fancybox\" srcset=\"https:\/\/www.jeunessesmusicales.be\/monsborinage\/wp-content\/uploads\/sites\/3\/2024\/04\/Design-sans-titre.png 500w, https:\/\/www.jeunessesmusicales.be\/monsborinage\/wp-content\/uploads\/sites\/3\/2024\/04\/Design-sans-titre-300x300.png 300w, https:\/\/www.jeunessesmusicales.be\/monsborinage\/wp-content\/uploads\/sites\/3\/2024\/04\/Design-sans-titre-150x150.png 150w, https:\/\/www.jeunessesmusicales.be\/monsborinage\/wp-content\/uploads\/sites\/3\/2024\/04\/Design-sans-titre-105x105.png 105w, https:\/\/www.jeunessesmusicales.be\/monsborinage\/wp-content\/uploads\/sites\/3\/2024\/04\/Design-sans-titre-200x200.png 200w\" sizes=\"auto, (max-width: 228px) 100vw, 228px\" \/><\/a><\/p>\n<p>Les journ\u00e9es J.M se d\u00e9rouleront <span class=\"OYPEnA font-feature-liga-off font-feature-clig-off font-feature-calt-off text-decoration-none text-strikethrough-none\"> les 9, 11, 12, 16, 18 et le 23 juin 2026 de 9h30 \u00e0 15h30 dans nos locaux.<\/span><\/p>\n<p>Un minimum de 30 enfants doit \u00eatre accueilli pour cette journ\u00e9e de d\u00e9couverte active de la musique.<\/p>\n<p>Co\u00fbt\u00a0: 18\u20ac\/participants<\/p>\n<p><strong>Toute r\u00e9servation donne lieu au paiement d\u2019un acompte de 200,- \u20ac qui sera retenu en cas d\u2019annulation de l\u2019\u00e9cole.<\/strong><\/p>\n<h3>La journ\u00e9e se cl\u00f4turera par le spectacle de<\/h3>\n<h3><span style=\"color: #e0316f;\"><strong>Olivier Richard &amp; Anne Dethier &#8211; Le secret de l&rsquo;Arbre.<\/strong><\/span><\/h3>\n<h3 class=\"\" data-start=\"74\" data-end=\"115\"><strong data-start=\"78\" data-end=\"113\"><a rel=\"fancybox[271]\" href=\"https:\/\/www.jeunessesmusicales.be\/monsborinage\/wp-content\/uploads\/sites\/3\/2025\/05\/Olivier-Richard.png\" class=\"fancybox\"><img loading=\"lazy\" decoding=\"async\" class=\" wp-image-3428 alignleft\" src=\"https:\/\/www.jeunessesmusicales.be\/monsborinage\/wp-content\/uploads\/sites\/3\/2025\/05\/Olivier-Richard.png\" alt=\"\" width=\"383\" height=\"383\" srcset=\"https:\/\/www.jeunessesmusicales.be\/monsborinage\/wp-content\/uploads\/sites\/3\/2025\/05\/Olivier-Richard.png 500w, https:\/\/www.jeunessesmusicales.be\/monsborinage\/wp-content\/uploads\/sites\/3\/2025\/05\/Olivier-Richard-300x300.png 300w, https:\/\/www.jeunessesmusicales.be\/monsborinage\/wp-content\/uploads\/sites\/3\/2025\/05\/Olivier-Richard-150x150.png 150w, https:\/\/www.jeunessesmusicales.be\/monsborinage\/wp-content\/uploads\/sites\/3\/2025\/05\/Olivier-Richard-105x105.png 105w, https:\/\/www.jeunessesmusicales.be\/monsborinage\/wp-content\/uploads\/sites\/3\/2025\/05\/Olivier-Richard-200x200.png 200w\" sizes=\"auto, (max-width: 383px) 100vw, 383px\" \/><\/a><\/strong><strong data-start=\"78\" data-end=\"113\">Des petites graines de musique\u2026<\/strong><\/h3>\n<p class=\"\" data-start=\"116\" data-end=\"415\">C\u2019est l\u2019histoire d\u2019une\u00a0<strong data-start=\"139\" data-end=\"159\">graine minuscule<\/strong>\u00a0qui tombe et se plante, cherchant sa place dans la\u00a0<strong data-start=\"211\" data-end=\"220\">for\u00eat<\/strong>\u00a0et sur notre plan\u00e8te. Une plan\u00e8te vivante, peupl\u00e9e d\u2019innombrables graines qui grandissent, deviennent\u00a0<strong data-start=\"323\" data-end=\"334\">plantes<\/strong>, puis\u00a0<strong data-start=\"341\" data-end=\"362\">arbres majestueux<\/strong>, recouvrant la Terre d\u2019une\u00a0<strong data-start=\"390\" data-end=\"412\">robe vert \u00e9meraude<\/strong>.<\/p>\n<p class=\"\" data-start=\"417\" data-end=\"604\"><strong data-start=\"417\" data-end=\"445\">\u00ab Le Secret de l\u2019Arbre \u00bb<\/strong>, c\u2019est le r\u00e9cit du\u00a0<strong data-start=\"465\" data-end=\"484\">cycle fascinant<\/strong>\u00a0d\u2019un arbre, de son\u00a0<strong data-start=\"504\" data-end=\"527\">adaptation au monde<\/strong>, de ses\u00a0<strong data-start=\"536\" data-end=\"556\">peurs surmont\u00e9es<\/strong>\u00a0et de son\u00a0<strong data-start=\"567\" data-end=\"585\">\u00e9panouissement<\/strong>\u00a0parmi les siens.<\/p>\n<p>&nbsp;<\/p>\n<p>&nbsp;<\/p>\n<p>&nbsp;<\/p>\n<p>&nbsp;<\/p>\n<hr class=\"\" data-start=\"606\" data-end=\"609\" \/>\n<h3 class=\"\" data-start=\"611\" data-end=\"653\"><strong data-start=\"615\" data-end=\"651\">Une fable \u00e9cologique et musicale<\/strong><\/h3>\n<p class=\"\" data-start=\"654\" data-end=\"846\">Personnage haut en couleur,\u00a0<strong data-start=\"682\" data-end=\"727\">conteur, voyageur et multi-instrumentiste<\/strong>,\u00a0<strong data-start=\"729\" data-end=\"748\">Olivier Richard<\/strong>\u00a0nous entra\u00eene, aux c\u00f4t\u00e9s d\u2019<strong data-start=\"776\" data-end=\"792\">Anne Dethier<\/strong>, dans une\u00a0<strong data-start=\"803\" data-end=\"843\">aventure musicale magique et ludique<\/strong>.<\/p>\n<p class=\"\" data-start=\"848\" data-end=\"1066\">\u00c0 travers ce conte, ils c\u00e9l\u00e8brent la\u00a0<strong data-start=\"885\" data-end=\"938\">nature, sa fragilit\u00e9, ses bienfaits et ses forces<\/strong>. Ils nous invitent \u00e0 comprendre notre\u00a0<strong data-start=\"977\" data-end=\"1007\">impact sur l\u2019environnement<\/strong>\u00a0et l\u2019importance de vivre en\u00a0<strong data-start=\"1036\" data-end=\"1063\">harmonie avec la nature<\/strong>.<\/p>\n<p class=\"\" data-start=\"1068\" data-end=\"1237\">Ce spectacle nous emm\u00e8ne dans un voyage\u00a0<strong data-start=\"1108\" data-end=\"1143\">de la pr\u00e9histoire \u00e0 aujourd\u2019hui<\/strong>, \u00e0 la\u00a0<strong data-start=\"1150\" data-end=\"1184\">d\u00e9couverte du monde des arbres<\/strong>, ponctu\u00e9 de\u00a0<strong data-start=\"1197\" data-end=\"1234\">po\u00e9sie et d\u2019aventures palpitantes<\/strong>.<\/p>\n<p><strong>Si vous souhaitez r\u00e9server votre journ\u00e9e, n\u2019h\u00e9sitez pas \u00e0 nous contacter\u00a0au 065 31 76 07 ou par mail jmm@jeunessesmusicales.be.<br \/>\n<\/strong><\/p>\n<h1><span style=\"color: #a72af5;\"><strong>INFORMATIONS JOURNEES JM 2027<\/strong><\/span><\/h1>\n<h3><span style=\"color: #ef3740;\">Conditions pratiques<\/span><\/h3>\n<p><a rel=\"fancybox[271]\" href=\"mailto:c.cornil@jeunessesmusicales.be\" target=\"_blank\" rel=\"noopener\"><img loading=\"lazy\" decoding=\"async\" class=\" wp-image-2890 alignright\" src=\"https:\/\/www.jeunessesmusicales.be\/monsborinage\/wp-content\/uploads\/sites\/3\/2024\/04\/Design-sans-titre.png\" alt=\"\" width=\"228\" height=\"228\" \/ class=\"fancybox\" srcset=\"https:\/\/www.jeunessesmusicales.be\/monsborinage\/wp-content\/uploads\/sites\/3\/2024\/04\/Design-sans-titre.png 500w, https:\/\/www.jeunessesmusicales.be\/monsborinage\/wp-content\/uploads\/sites\/3\/2024\/04\/Design-sans-titre-300x300.png 300w, https:\/\/www.jeunessesmusicales.be\/monsborinage\/wp-content\/uploads\/sites\/3\/2024\/04\/Design-sans-titre-150x150.png 150w, https:\/\/www.jeunessesmusicales.be\/monsborinage\/wp-content\/uploads\/sites\/3\/2024\/04\/Design-sans-titre-105x105.png 105w, https:\/\/www.jeunessesmusicales.be\/monsborinage\/wp-content\/uploads\/sites\/3\/2024\/04\/Design-sans-titre-200x200.png 200w\" sizes=\"auto, (max-width: 228px) 100vw, 228px\" \/><\/a><\/p>\n<p>Les journ\u00e9es J.M se d\u00e9rouleront <span class=\"OYPEnA font-feature-liga-off font-feature-clig-off font-feature-calt-off text-decoration-none text-strikethrough-none\"> les 7, 8, 10, 11, 14, 15, 17, 18, 21, 22 et 24 juin 2027 de 9h30 \u00e0 15h30 dans nos locaux.<\/span><\/p>\n<p>Un minimum de 30 enfants doit \u00eatre accueilli pour cette journ\u00e9e de d\u00e9couverte active de la musique.<\/p>\n<p>Co\u00fbt\u00a0: 18\u20ac\/participants<\/p>\n<p><strong>Toute r\u00e9servation donne lieu au paiement d\u2019un acompte de 200,- \u20ac qui sera retenu en cas d\u2019annulation de l\u2019\u00e9cole.<\/strong><\/p>\n<h3>La journ\u00e9e se cl\u00f4turera par le spectacle de notre programmation.<\/h3>\n","protected":false},"excerpt":{"rendered":"<p>&nbsp; Conditions pratiques Les journ\u00e9es J.M se d\u00e9rouleront les 9, 11, 12, 16, 18 et le 23 juin 2026 de &hellip; <a href=\"https:\/\/www.jeunessesmusicales.be\/monsborinage\/les-journees-j-m\/\" class=\"more-link\">Continue reading <span class=\"screen-reader-text\">Les Journ\u00e9es J.M.<\/span><\/a><\/p>\n","protected":false},"author":7,"featured_media":3428,"parent":0,"menu_order":0,"comment_status":"closed","ping_status":"closed","template":"","meta":{"_acf_changed":false,"footnotes":""},"class_list":["post-271","page","type-page","status-publish","has-post-thumbnail","hentry"],"acf":[],"_links":{"self":[{"href":"https:\/\/www.jeunessesmusicales.be\/monsborinage\/wp-json\/wp\/v2\/pages\/271","targetHints":{"allow":["GET"]}}],"collection":[{"href":"https:\/\/www.jeunessesmusicales.be\/monsborinage\/wp-json\/wp\/v2\/pages"}],"about":[{"href":"https:\/\/www.jeunessesmusicales.be\/monsborinage\/wp-json\/wp\/v2\/types\/page"}],"author":[{"embeddable":true,"href":"https:\/\/www.jeunessesmusicales.be\/monsborinage\/wp-json\/wp\/v2\/users\/7"}],"replies":[{"embeddable":true,"href":"https:\/\/www.jeunessesmusicales.be\/monsborinage\/wp-json\/wp\/v2\/comments?post=271"}],"version-history":[{"count":54,"href":"https:\/\/www.jeunessesmusicales.be\/monsborinage\/wp-json\/wp\/v2\/pages\/271\/revisions"}],"predecessor-version":[{"id":3834,"href":"https:\/\/www.jeunessesmusicales.be\/monsborinage\/wp-json\/wp\/v2\/pages\/271\/revisions\/3834"}],"wp:featuredmedia":[{"embeddable":true,"href":"https:\/\/www.jeunessesmusicales.be\/monsborinage\/wp-json\/wp\/v2\/media\/3428"}],"wp:attachment":[{"href":"https:\/\/www.jeunessesmusicales.be\/monsborinage\/wp-json\/wp\/v2\/media?parent=271"}],"curies":[{"name":"wp","href":"https:\/\/api.w.org\/{rel}","templated":true}]}}