{"id":2993,"date":"2024-05-16T09:06:31","date_gmt":"2024-05-16T07:06:31","guid":{"rendered":"https:\/\/www.jeunessesmusicales.be\/monsborinage\/ateliers-dans-le-specialise-copy\/"},"modified":"2026-04-22T10:02:23","modified_gmt":"2026-04-22T08:02:23","slug":"ateliers-tout-petits","status":"publish","type":"page","link":"https:\/\/www.jeunessesmusicales.be\/monsborinage\/ateliers-tout-petits\/","title":{"rendered":"Ateliers pour les tout-petits en cr\u00e8che ou ONE"},"content":{"rendered":"<h3><\/h3>\n<p>Le but de cet \u00e9veil est d\u2019amener le b\u00e9b\u00e9 \u00e0 utiliser tous ses sens, \u00e0 acqu\u00e9rir de l\u2019ind\u00e9pendance et faire part rapidement de ses envies (musique, apprentissage d\u2019un instrument&#8230;)<br \/>\nPlus tard il fera preuve d\u2019une \u00e9coute attentive \u00e0 l\u2019\u00e9cole et \u00e0 l\u2019\u00e9gard de ses parents puisqu\u2019il aura \u00ab appris \u00bb \u00e0 \u00e9couter.<\/p>\n<p><a rel=\"fancybox[2993]\" href=\"https:\/\/www.jeunessesmusicales.be\/monsborinage\/wp-content\/uploads\/sites\/3\/2025\/03\/ME-creches-one.png\" class=\"fancybox\"><img loading=\"lazy\" decoding=\"async\" class=\"alignnone size-full wp-image-3356\" src=\"https:\/\/www.jeunessesmusicales.be\/monsborinage\/wp-content\/uploads\/sites\/3\/2025\/03\/ME-creches-one.png\" alt=\"\" width=\"1920\" height=\"1080\" srcset=\"https:\/\/www.jeunessesmusicales.be\/monsborinage\/wp-content\/uploads\/sites\/3\/2025\/03\/ME-creches-one.png 1920w, https:\/\/www.jeunessesmusicales.be\/monsborinage\/wp-content\/uploads\/sites\/3\/2025\/03\/ME-creches-one-300x169.png 300w, https:\/\/www.jeunessesmusicales.be\/monsborinage\/wp-content\/uploads\/sites\/3\/2025\/03\/ME-creches-one-1024x576.png 1024w, https:\/\/www.jeunessesmusicales.be\/monsborinage\/wp-content\/uploads\/sites\/3\/2025\/03\/ME-creches-one-768x432.png 768w, https:\/\/www.jeunessesmusicales.be\/monsborinage\/wp-content\/uploads\/sites\/3\/2025\/03\/ME-creches-one-1536x864.png 1536w, https:\/\/www.jeunessesmusicales.be\/monsborinage\/wp-content\/uploads\/sites\/3\/2025\/03\/ME-creches-one-150x84.png 150w\" sizes=\"auto, (max-width: 1920px) 100vw, 1920px\" \/><\/a><\/p>\n<h3><span style=\"color: #000000;\"><a style=\"color: #000000;\" rel=\"fancybox[2993]\" href=\"https:\/\/www.jeunessesmusicales.be\/monsborinage\/wp-content\/uploads\/sites\/3\/2025\/05\/blue-notification-warning-icon-attention-sms-sign-internet-message-3d-rendering.png\" class=\"fancybox\">\u00a0 \u00a0 \u00a0 \u00a0 <img loading=\"lazy\" decoding=\"async\" class=\"alignnone wp-image-3441\" src=\"https:\/\/www.jeunessesmusicales.be\/monsborinage\/wp-content\/uploads\/sites\/3\/2025\/05\/blue-notification-warning-icon-attention-sms-sign-internet-message-3d-rendering.png\" alt=\"\" width=\"199\" height=\"149\" srcset=\"https:\/\/www.jeunessesmusicales.be\/monsborinage\/wp-content\/uploads\/sites\/3\/2025\/05\/blue-notification-warning-icon-attention-sms-sign-internet-message-3d-rendering.png 1920w, https:\/\/www.jeunessesmusicales.be\/monsborinage\/wp-content\/uploads\/sites\/3\/2025\/05\/blue-notification-warning-icon-attention-sms-sign-internet-message-3d-rendering-300x225.png 300w, https:\/\/www.jeunessesmusicales.be\/monsborinage\/wp-content\/uploads\/sites\/3\/2025\/05\/blue-notification-warning-icon-attention-sms-sign-internet-message-3d-rendering-1024x768.png 1024w, https:\/\/www.jeunessesmusicales.be\/monsborinage\/wp-content\/uploads\/sites\/3\/2025\/05\/blue-notification-warning-icon-attention-sms-sign-internet-message-3d-rendering-768x576.png 768w, https:\/\/www.jeunessesmusicales.be\/monsborinage\/wp-content\/uploads\/sites\/3\/2025\/05\/blue-notification-warning-icon-attention-sms-sign-internet-message-3d-rendering-1536x1152.png 1536w, https:\/\/www.jeunessesmusicales.be\/monsborinage\/wp-content\/uploads\/sites\/3\/2025\/05\/blue-notification-warning-icon-attention-sms-sign-internet-message-3d-rendering-140x105.png 140w\" sizes=\"auto, (max-width: 199px) 100vw, 199px\" \/><\/a><span style=\"color: #2a3deb;\"><strong>Aucune demande ne sera prise par t\u00e9l\u00e9phone<\/strong><\/span><a style=\"color: #000000;\" rel=\"fancybox[2993]\" href=\"https:\/\/www.jeunessesmusicales.be\/monsborinage\/wp-content\/uploads\/sites\/3\/2025\/05\/blue-notification-warning-icon-attention-sms-sign-internet-message-3d-rendering.png\" class=\"fancybox\"><img loading=\"lazy\" decoding=\"async\" class=\"alignnone wp-image-3441\" src=\"https:\/\/www.jeunessesmusicales.be\/monsborinage\/wp-content\/uploads\/sites\/3\/2025\/05\/blue-notification-warning-icon-attention-sms-sign-internet-message-3d-rendering.png\" alt=\"\" width=\"199\" height=\"149\" srcset=\"https:\/\/www.jeunessesmusicales.be\/monsborinage\/wp-content\/uploads\/sites\/3\/2025\/05\/blue-notification-warning-icon-attention-sms-sign-internet-message-3d-rendering.png 1920w, https:\/\/www.jeunessesmusicales.be\/monsborinage\/wp-content\/uploads\/sites\/3\/2025\/05\/blue-notification-warning-icon-attention-sms-sign-internet-message-3d-rendering-300x225.png 300w, https:\/\/www.jeunessesmusicales.be\/monsborinage\/wp-content\/uploads\/sites\/3\/2025\/05\/blue-notification-warning-icon-attention-sms-sign-internet-message-3d-rendering-1024x768.png 1024w, https:\/\/www.jeunessesmusicales.be\/monsborinage\/wp-content\/uploads\/sites\/3\/2025\/05\/blue-notification-warning-icon-attention-sms-sign-internet-message-3d-rendering-768x576.png 768w, https:\/\/www.jeunessesmusicales.be\/monsborinage\/wp-content\/uploads\/sites\/3\/2025\/05\/blue-notification-warning-icon-attention-sms-sign-internet-message-3d-rendering-1536x1152.png 1536w, https:\/\/www.jeunessesmusicales.be\/monsborinage\/wp-content\/uploads\/sites\/3\/2025\/05\/blue-notification-warning-icon-attention-sms-sign-internet-message-3d-rendering-140x105.png 140w\" sizes=\"auto, (max-width: 199px) 100vw, 199px\" \/><\/a><\/span><\/h3>\n<p><a rel=\"fancybox[2993]\" href=\"https:\/\/docs.google.com\/forms\/d\/e\/1FAIpQLSeZZwXNegClVhoz8cah6fZsVBQcu6eERugokgsgbpDsYNw_YA\/viewform?usp=header\" target=\"_blank\" rel=\"noopener\"><img loading=\"lazy\" decoding=\"async\" class=\"wp-image-2910 alignright\" src=\"https:\/\/www.jeunessesmusicales.be\/monsborinage\/wp-content\/uploads\/sites\/3\/2024\/04\/Design-sans-titre-2.png\" alt=\"\" width=\"333\" height=\"333\" \/ class=\"fancybox\" srcset=\"https:\/\/www.jeunessesmusicales.be\/monsborinage\/wp-content\/uploads\/sites\/3\/2024\/04\/Design-sans-titre-2.png 500w, https:\/\/www.jeunessesmusicales.be\/monsborinage\/wp-content\/uploads\/sites\/3\/2024\/04\/Design-sans-titre-2-300x300.png 300w, https:\/\/www.jeunessesmusicales.be\/monsborinage\/wp-content\/uploads\/sites\/3\/2024\/04\/Design-sans-titre-2-150x150.png 150w, https:\/\/www.jeunessesmusicales.be\/monsborinage\/wp-content\/uploads\/sites\/3\/2024\/04\/Design-sans-titre-2-105x105.png 105w, https:\/\/www.jeunessesmusicales.be\/monsborinage\/wp-content\/uploads\/sites\/3\/2024\/04\/Design-sans-titre-2-200x200.png 200w\" sizes=\"auto, (max-width: 333px) 100vw, 333px\" \/><\/a><\/p>\n<p><a rel=\"fancybox[2993]\" href=\"https:\/\/www.jeunessesmusicales.be\/monsborinage\/wp-content\/uploads\/sites\/3\/2026\/04\/Tarifs-et-conditions-ME-1.png\" class=\"fancybox\"><img loading=\"lazy\" decoding=\"async\" class=\" wp-image-3851 alignleft\" src=\"https:\/\/www.jeunessesmusicales.be\/monsborinage\/wp-content\/uploads\/sites\/3\/2026\/04\/Tarifs-et-conditions-ME-1.png\" alt=\"\" width=\"357\" height=\"635\" srcset=\"https:\/\/www.jeunessesmusicales.be\/monsborinage\/wp-content\/uploads\/sites\/3\/2026\/04\/Tarifs-et-conditions-ME-1.png 1080w, https:\/\/www.jeunessesmusicales.be\/monsborinage\/wp-content\/uploads\/sites\/3\/2026\/04\/Tarifs-et-conditions-ME-1-169x300.png 169w, https:\/\/www.jeunessesmusicales.be\/monsborinage\/wp-content\/uploads\/sites\/3\/2026\/04\/Tarifs-et-conditions-ME-1-576x1024.png 576w, https:\/\/www.jeunessesmusicales.be\/monsborinage\/wp-content\/uploads\/sites\/3\/2026\/04\/Tarifs-et-conditions-ME-1-768x1365.png 768w, https:\/\/www.jeunessesmusicales.be\/monsborinage\/wp-content\/uploads\/sites\/3\/2026\/04\/Tarifs-et-conditions-ME-1-864x1536.png 864w, https:\/\/www.jeunessesmusicales.be\/monsborinage\/wp-content\/uploads\/sites\/3\/2026\/04\/Tarifs-et-conditions-ME-1-59x105.png 59w\" sizes=\"auto, (max-width: 357px) 100vw, 357px\" \/><\/a><\/p>\n<h5><span style=\"color: #ef3740;\">\u00a0A partir de septembre, nos animations pour la petite enfance se d\u00e9rouleront <strong>exclusivement les mardis et vendredis matin<\/strong>.<\/span><\/h5>\n<p>&nbsp;<\/p>\n<p><strong>Proc\u00e9dure:<\/strong><\/p>\n<ul>\n<li>Demande par mail en expliquant vos attentes ainsi que le nom de l&rsquo;\u00e9tablissement, l&rsquo;adresse postale, un num\u00e9ro de t\u00e9l\u00e9phone, une adresse mail ou en compl\u00e9tant le formulaire ci-dessus (Commande ici).<\/li>\n<li>Les JM prennent contact avec vous pour discuter de votre demande, \u00e9ventuellement prendre un rendez-vous de contact avec notre animateur.<\/li>\n<li>Les J.M. confirment, par l\u2019envoi d\u2019un contrat \u00e0 l\u2019\u00e9tablissement, la r\u00e9alisation des ateliers demand\u00e9s (dont copie \u00e0 nous retourner pour accord).<\/li>\n<li>R\u00e9alisation des animations.<\/li>\n<li>Facturation (facture envoy\u00e9e par mail sauf contrordre de votre part).<\/li>\n<\/ul>\n<p><a rel=\"fancybox[2993]\" href=\"https:\/\/www.jeunessesmusicales.be\/monsborinage\/wp-content\/uploads\/sites\/3\/2026\/03\/Capture-decran-2026-03-19-150049.png\" class=\"fancybox\"><img loading=\"lazy\" decoding=\"async\" class=\" wp-image-3790 alignright\" src=\"https:\/\/www.jeunessesmusicales.be\/monsborinage\/wp-content\/uploads\/sites\/3\/2026\/03\/Capture-decran-2026-03-19-150049.png\" alt=\"\" width=\"434\" height=\"217\" srcset=\"https:\/\/www.jeunessesmusicales.be\/monsborinage\/wp-content\/uploads\/sites\/3\/2026\/03\/Capture-decran-2026-03-19-150049.png 895w, https:\/\/www.jeunessesmusicales.be\/monsborinage\/wp-content\/uploads\/sites\/3\/2026\/03\/Capture-decran-2026-03-19-150049-300x150.png 300w, https:\/\/www.jeunessesmusicales.be\/monsborinage\/wp-content\/uploads\/sites\/3\/2026\/03\/Capture-decran-2026-03-19-150049-768x384.png 768w, https:\/\/www.jeunessesmusicales.be\/monsborinage\/wp-content\/uploads\/sites\/3\/2026\/03\/Capture-decran-2026-03-19-150049-150x75.png 150w\" sizes=\"auto, (max-width: 434px) 100vw, 434px\" \/><\/a><\/p>\n","protected":false},"excerpt":{"rendered":"<p>Le but de cet \u00e9veil est d\u2019amener le b\u00e9b\u00e9 \u00e0 utiliser tous ses sens, \u00e0 acqu\u00e9rir de l\u2019ind\u00e9pendance et faire &hellip; <a href=\"https:\/\/www.jeunessesmusicales.be\/monsborinage\/ateliers-tout-petits\/\" class=\"more-link\">Continue reading <span class=\"screen-reader-text\">Ateliers pour les tout-petits en cr\u00e8che ou ONE<\/span><\/a><\/p>\n","protected":false},"author":21,"featured_media":0,"parent":0,"menu_order":0,"comment_status":"closed","ping_status":"closed","template":"","meta":{"_acf_changed":false,"footnotes":""},"class_list":["post-2993","page","type-page","status-publish","hentry"],"acf":[],"_links":{"self":[{"href":"https:\/\/www.jeunessesmusicales.be\/monsborinage\/wp-json\/wp\/v2\/pages\/2993","targetHints":{"allow":["GET"]}}],"collection":[{"href":"https:\/\/www.jeunessesmusicales.be\/monsborinage\/wp-json\/wp\/v2\/pages"}],"about":[{"href":"https:\/\/www.jeunessesmusicales.be\/monsborinage\/wp-json\/wp\/v2\/types\/page"}],"author":[{"embeddable":true,"href":"https:\/\/www.jeunessesmusicales.be\/monsborinage\/wp-json\/wp\/v2\/users\/21"}],"replies":[{"embeddable":true,"href":"https:\/\/www.jeunessesmusicales.be\/monsborinage\/wp-json\/wp\/v2\/comments?post=2993"}],"version-history":[{"count":16,"href":"https:\/\/www.jeunessesmusicales.be\/monsborinage\/wp-json\/wp\/v2\/pages\/2993\/revisions"}],"predecessor-version":[{"id":3870,"href":"https:\/\/www.jeunessesmusicales.be\/monsborinage\/wp-json\/wp\/v2\/pages\/2993\/revisions\/3870"}],"wp:attachment":[{"href":"https:\/\/www.jeunessesmusicales.be\/monsborinage\/wp-json\/wp\/v2\/media?parent=2993"}],"curies":[{"name":"wp","href":"https:\/\/api.w.org\/{rel}","templated":true}]}}