{"id":36,"date":"2015-11-03T13:42:13","date_gmt":"2015-11-03T12:42:13","guid":{"rendered":"http:\/\/www.jeunessesmusicales.be\/monsborinage\/?page_id=36"},"modified":"2026-04-01T15:29:55","modified_gmt":"2026-04-01T13:29:55","slug":"concerts-a-lecole","status":"publish","type":"page","link":"https:\/\/www.jeunessesmusicales.be\/monsborinage\/concerts-a-lecole\/","title":{"rendered":"Concerts \u00e0 l&rsquo;\u00e9cole"},"content":{"rendered":"<p><a rel=\"fancybox[36]\" href=\"https:\/\/www.jeunessesmusicales.be\/monsborinage\/wp-content\/uploads\/sites\/3\/2024\/04\/concerts-scolaires.png\" class=\"fancybox\"><img loading=\"lazy\" decoding=\"async\" class=\"alignnone size-full wp-image-2935\" src=\"https:\/\/www.jeunessesmusicales.be\/monsborinage\/wp-content\/uploads\/sites\/3\/2024\/04\/concerts-scolaires.png\" alt=\"\" width=\"1920\" height=\"1357\" srcset=\"https:\/\/www.jeunessesmusicales.be\/monsborinage\/wp-content\/uploads\/sites\/3\/2024\/04\/concerts-scolaires.png 1920w, https:\/\/www.jeunessesmusicales.be\/monsborinage\/wp-content\/uploads\/sites\/3\/2024\/04\/concerts-scolaires-300x212.png 300w, https:\/\/www.jeunessesmusicales.be\/monsborinage\/wp-content\/uploads\/sites\/3\/2024\/04\/concerts-scolaires-1024x724.png 1024w, https:\/\/www.jeunessesmusicales.be\/monsborinage\/wp-content\/uploads\/sites\/3\/2024\/04\/concerts-scolaires-768x543.png 768w, https:\/\/www.jeunessesmusicales.be\/monsborinage\/wp-content\/uploads\/sites\/3\/2024\/04\/concerts-scolaires-1536x1086.png 1536w, https:\/\/www.jeunessesmusicales.be\/monsborinage\/wp-content\/uploads\/sites\/3\/2024\/04\/concerts-scolaires-150x105.png 150w\" sizes=\"auto, (max-width: 1920px) 100vw, 1920px\" \/><\/a><\/p>\n<p><strong><em>Pour l\u2019organisation de vos concerts, n\u2019h\u00e9sitez pas \u00e0 nous contacter et \u00e0 nous faire part de vos desiderata et de vos possibilit\u00e9s: nous serons \u00e0 m\u00eame de vous faire une proposition ad\u00e9quate.<\/em><\/strong><\/p>\n<p><strong><em><a rel=\"fancybox[36]\" href=\"https:\/\/www.jeunessesmusicales.be\/monsborinage\/wp-content\/uploads\/sites\/3\/2025\/04\/JM_Brochure_2025-2026.pdf\" target=\"_blank\" rel=\"noopener\"><img loading=\"lazy\" decoding=\"async\" class=\"wp-image-3366 alignleft\" src=\"https:\/\/www.jeunessesmusicales.be\/monsborinage\/wp-content\/uploads\/sites\/3\/2025\/04\/Briochure-25-26.png\" alt=\"\" width=\"340\" height=\"492\" \/ class=\"fancybox\" srcset=\"https:\/\/www.jeunessesmusicales.be\/monsborinage\/wp-content\/uploads\/sites\/3\/2025\/04\/Briochure-25-26.png 550w, https:\/\/www.jeunessesmusicales.be\/monsborinage\/wp-content\/uploads\/sites\/3\/2025\/04\/Briochure-25-26-208x300.png 208w, https:\/\/www.jeunessesmusicales.be\/monsborinage\/wp-content\/uploads\/sites\/3\/2025\/04\/Briochure-25-26-73x105.png 73w\" sizes=\"auto, (max-width: 340px) 100vw, 340px\" \/><\/a><a rel=\"fancybox[36]\" href=\"https:\/\/www.jeunessesmusicales.be\/monsborinage\/wp-content\/uploads\/sites\/3\/2026\/04\/BROCHURE_26-27.pdf\" target=\"_blank\" rel=\"noopener\"><img loading=\"lazy\" decoding=\"async\" class=\"wp-image-3811 alignleft\" src=\"https:\/\/www.jeunessesmusicales.be\/monsborinage\/wp-content\/uploads\/sites\/3\/2026\/04\/Capture-decran-2026-04-01-113821.png\" alt=\"\" width=\"346\" height=\"491\" \/ class=\"fancybox\" srcset=\"https:\/\/www.jeunessesmusicales.be\/monsborinage\/wp-content\/uploads\/sites\/3\/2026\/04\/Capture-decran-2026-04-01-113821.png 508w, https:\/\/www.jeunessesmusicales.be\/monsborinage\/wp-content\/uploads\/sites\/3\/2026\/04\/Capture-decran-2026-04-01-113821-211x300.png 211w, https:\/\/www.jeunessesmusicales.be\/monsborinage\/wp-content\/uploads\/sites\/3\/2026\/04\/Capture-decran-2026-04-01-113821-74x105.png 74w\" sizes=\"auto, (max-width: 346px) 100vw, 346px\" \/><\/a><\/em><\/strong><\/p>\n<p>&nbsp;<\/p>\n<p>&nbsp;<\/p>\n<p>&nbsp;<\/p>\n<p>&nbsp;<\/p>\n<p>&nbsp;<\/p>\n<p>&nbsp;<\/p>\n<p>&nbsp;<\/p>\n<p>&nbsp;<\/p>\n<p>&nbsp;<\/p>\n<p>&nbsp;<\/p>\n<p>&nbsp;<\/p>\n<p><a rel=\"fancybox[36]\" href=\"mailto:n.maistriau@jeunessesmusicales.be\" target=\"_blank\" rel=\"noopener\"><img loading=\"lazy\" decoding=\"async\" class=\"wp-image-3792 alignright\" src=\"https:\/\/www.jeunessesmusicales.be\/monsborinage\/wp-content\/uploads\/sites\/3\/2026\/03\/Capture-decran-2026-03-19-150527.png\" alt=\"\" width=\"547\" height=\"283\" \/ class=\"fancybox\" srcset=\"https:\/\/www.jeunessesmusicales.be\/monsborinage\/wp-content\/uploads\/sites\/3\/2026\/03\/Capture-decran-2026-03-19-150527.png 884w, https:\/\/www.jeunessesmusicales.be\/monsborinage\/wp-content\/uploads\/sites\/3\/2026\/03\/Capture-decran-2026-03-19-150527-300x155.png 300w, https:\/\/www.jeunessesmusicales.be\/monsborinage\/wp-content\/uploads\/sites\/3\/2026\/03\/Capture-decran-2026-03-19-150527-768x397.png 768w, https:\/\/www.jeunessesmusicales.be\/monsborinage\/wp-content\/uploads\/sites\/3\/2026\/03\/Capture-decran-2026-03-19-150527-150x78.png 150w\" sizes=\"auto, (max-width: 547px) 100vw, 547px\" \/><\/a><a rel=\"fancybox[36]\" href=\"https:\/\/docs.google.com\/forms\/d\/e\/1FAIpQLSdz4tcKT89U622aU-h2gBuzWfhCmxMqePmgv4uEctzh0371OQ\/viewform?usp=header\" target=\"_blank\" rel=\"noopener\"><img loading=\"lazy\" decoding=\"async\" class=\"wp-image-2909 alignleft\" src=\"https:\/\/www.jeunessesmusicales.be\/monsborinage\/wp-content\/uploads\/sites\/3\/2024\/04\/Design-sans-titre-1.png\" alt=\"\" width=\"298\" height=\"298\" \/ class=\"fancybox\" srcset=\"https:\/\/www.jeunessesmusicales.be\/monsborinage\/wp-content\/uploads\/sites\/3\/2024\/04\/Design-sans-titre-1.png 500w, https:\/\/www.jeunessesmusicales.be\/monsborinage\/wp-content\/uploads\/sites\/3\/2024\/04\/Design-sans-titre-1-300x300.png 300w, https:\/\/www.jeunessesmusicales.be\/monsborinage\/wp-content\/uploads\/sites\/3\/2024\/04\/Design-sans-titre-1-150x150.png 150w, https:\/\/www.jeunessesmusicales.be\/monsborinage\/wp-content\/uploads\/sites\/3\/2024\/04\/Design-sans-titre-1-105x105.png 105w, https:\/\/www.jeunessesmusicales.be\/monsborinage\/wp-content\/uploads\/sites\/3\/2024\/04\/Design-sans-titre-1-200x200.png 200w\" sizes=\"auto, (max-width: 298px) 100vw, 298px\" \/><\/a><\/p>\n<p>&nbsp;<\/p>\n","protected":false},"excerpt":{"rendered":"<p>Pour l\u2019organisation de vos concerts, n\u2019h\u00e9sitez pas \u00e0 nous contacter et \u00e0 nous faire part de vos desiderata et de &hellip; <a href=\"https:\/\/www.jeunessesmusicales.be\/monsborinage\/concerts-a-lecole\/\" class=\"more-link\">Continue reading <span class=\"screen-reader-text\">Concerts \u00e0 l&rsquo;\u00e9cole<\/span><\/a><\/p>\n","protected":false},"author":3,"featured_media":0,"parent":0,"menu_order":0,"comment_status":"closed","ping_status":"closed","template":"","meta":{"_acf_changed":false,"footnotes":""},"class_list":["post-36","page","type-page","status-publish","hentry"],"acf":[],"_links":{"self":[{"href":"https:\/\/www.jeunessesmusicales.be\/monsborinage\/wp-json\/wp\/v2\/pages\/36","targetHints":{"allow":["GET"]}}],"collection":[{"href":"https:\/\/www.jeunessesmusicales.be\/monsborinage\/wp-json\/wp\/v2\/pages"}],"about":[{"href":"https:\/\/www.jeunessesmusicales.be\/monsborinage\/wp-json\/wp\/v2\/types\/page"}],"author":[{"embeddable":true,"href":"https:\/\/www.jeunessesmusicales.be\/monsborinage\/wp-json\/wp\/v2\/users\/3"}],"replies":[{"embeddable":true,"href":"https:\/\/www.jeunessesmusicales.be\/monsborinage\/wp-json\/wp\/v2\/comments?post=36"}],"version-history":[{"count":16,"href":"https:\/\/www.jeunessesmusicales.be\/monsborinage\/wp-json\/wp\/v2\/pages\/36\/revisions"}],"predecessor-version":[{"id":3823,"href":"https:\/\/www.jeunessesmusicales.be\/monsborinage\/wp-json\/wp\/v2\/pages\/36\/revisions\/3823"}],"wp:attachment":[{"href":"https:\/\/www.jeunessesmusicales.be\/monsborinage\/wp-json\/wp\/v2\/media?parent=36"}],"curies":[{"name":"wp","href":"https:\/\/api.w.org\/{rel}","templated":true}]}}