{"id":3677,"date":"2026-01-12T12:05:35","date_gmt":"2026-01-12T11:05:35","guid":{"rendered":"https:\/\/www.jeunessesmusicales.be\/monsborinage\/?page_id=3677"},"modified":"2026-03-06T09:22:35","modified_gmt":"2026-03-06T08:22:35","slug":"stages-printemps-2026","status":"publish","type":"page","link":"https:\/\/www.jeunessesmusicales.be\/monsborinage\/stages-printemps-2026\/","title":{"rendered":"Stages de Printemps 2026"},"content":{"rendered":"<p><a rel=\"fancybox[3677]\" href=\"https:\/\/www.jeunessesmusicales.be\/monsborinage\/wp-content\/uploads\/sites\/3\/2026\/01\/Stages-de-Printemps-2026.png\" class=\"fancybox\"><img loading=\"lazy\" decoding=\"async\" class=\"alignnone wp-image-3678\" src=\"https:\/\/www.jeunessesmusicales.be\/monsborinage\/wp-content\/uploads\/sites\/3\/2026\/01\/Stages-de-Printemps-2026.png\" alt=\"\" width=\"1172\" height=\"434\" srcset=\"https:\/\/www.jeunessesmusicales.be\/monsborinage\/wp-content\/uploads\/sites\/3\/2026\/01\/Stages-de-Printemps-2026.png 851w, https:\/\/www.jeunessesmusicales.be\/monsborinage\/wp-content\/uploads\/sites\/3\/2026\/01\/Stages-de-Printemps-2026-300x111.png 300w, https:\/\/www.jeunessesmusicales.be\/monsborinage\/wp-content\/uploads\/sites\/3\/2026\/01\/Stages-de-Printemps-2026-768x284.png 768w, https:\/\/www.jeunessesmusicales.be\/monsborinage\/wp-content\/uploads\/sites\/3\/2026\/01\/Stages-de-Printemps-2026-150x56.png 150w\" sizes=\"auto, (max-width: 1172px) 100vw, 1172px\" \/><\/a><\/p>\n<p><strong>Offrez une exp\u00e9rience musicale inoubliable !<\/strong><\/p>\n<p>Vous cherchez une id\u00e9e originale et enrichissante \u00e0 offrir ? D\u00e9couvrez notre toute nouvelle possibilit\u00e9 : le <strong>bon cadeau pour un stage musical<\/strong> aux <strong>Jeunesses Musicales de Mons-Borinage<\/strong> !<\/p>\n<p><strong>Pourquoi choisir un bon cadeau ?<\/strong><\/p>\n<ul>\n<li>Offrez bien plus qu\u2019un simple objet : un moment de d\u00e9couverte, de cr\u00e9ativit\u00e9 et de plaisir !<\/li>\n<li>Id\u00e9al pour les enfants de 3 \u00e0 14 ans!<\/li>\n<\/ul>\n<p><strong>Comment \u00e7a fonctionne ?<\/strong><\/p>\n<ol>\n<li>Vous cliquez sur \u00ab\u00a0Inscription ici\u00a0\u00bb<\/li>\n<li>Vous s\u00e9lectionnez \u00ab\u00a0oui\u00a0\u00bb dans Bon cadeau.<\/li>\n<li>Vous s\u00e9lectionnez le stage choisi de votre bon cadeau.<\/li>\n<li>Nous pr\u00e9parons une jolie carte cadeau personnalisable et vous envoyons la confirmation avec toutes les coordonn\u00e9es (paiement, adresse, date,&#8230;)<\/li>\n<\/ol>\n<p><strong>Faites plaisir \u00e0 vos proches en leur offrant l\u2019occasion de plonger dans le monde magique de la musique !<\/strong><\/p>\n<p>\u27a1\ufe0f <strong>Commandez votre bon cadeau d\u00e8s aujourd\u2019hui !<\/strong><\/p>\n<p>Offrez un cadeau qui r\u00e9sonne dans les c\u0153urs et inspire les talents de demain !<\/p>\n<p>&nbsp;<\/p>\n<p><a rel=\"fancybox[3677]\" href=\"https:\/\/forms.gle\/xQ8v151nnVNskEB57\" target=\"_blank\" rel=\"noopener\"><img loading=\"lazy\" decoding=\"async\" class=\" wp-image-2890 alignright\" src=\"https:\/\/www.jeunessesmusicales.be\/monsborinage\/wp-content\/uploads\/sites\/3\/2024\/04\/Design-sans-titre.png\" alt=\"\" width=\"303\" height=\"303\" \/ class=\"fancybox\" srcset=\"https:\/\/www.jeunessesmusicales.be\/monsborinage\/wp-content\/uploads\/sites\/3\/2024\/04\/Design-sans-titre.png 500w, https:\/\/www.jeunessesmusicales.be\/monsborinage\/wp-content\/uploads\/sites\/3\/2024\/04\/Design-sans-titre-300x300.png 300w, https:\/\/www.jeunessesmusicales.be\/monsborinage\/wp-content\/uploads\/sites\/3\/2024\/04\/Design-sans-titre-150x150.png 150w, https:\/\/www.jeunessesmusicales.be\/monsborinage\/wp-content\/uploads\/sites\/3\/2024\/04\/Design-sans-titre-105x105.png 105w, https:\/\/www.jeunessesmusicales.be\/monsborinage\/wp-content\/uploads\/sites\/3\/2024\/04\/Design-sans-titre-200x200.png 200w\" sizes=\"auto, (max-width: 303px) 100vw, 303px\" \/><\/a><\/p>\n<p>&nbsp;<\/p>\n<p><strong>Du 27 au 30 avril 2026 (4 jours):\u00a0 <\/strong><\/p>\n<p><a rel=\"fancybox[3677]\" href=\"https:\/\/www.jeunessesmusicales.be\/monsborinage\/wp-content\/uploads\/sites\/3\/2026\/01\/1.png\" class=\"fancybox\"><img loading=\"lazy\" decoding=\"async\" class=\"wp-image-3673 alignleft\" src=\"https:\/\/www.jeunessesmusicales.be\/monsborinage\/wp-content\/uploads\/sites\/3\/2026\/01\/1.png\" alt=\"\" width=\"226\" height=\"234\" srcset=\"https:\/\/www.jeunessesmusicales.be\/monsborinage\/wp-content\/uploads\/sites\/3\/2026\/01\/1.png 1373w, https:\/\/www.jeunessesmusicales.be\/monsborinage\/wp-content\/uploads\/sites\/3\/2026\/01\/1-289x300.png 289w, https:\/\/www.jeunessesmusicales.be\/monsborinage\/wp-content\/uploads\/sites\/3\/2026\/01\/1-988x1024.png 988w, https:\/\/www.jeunessesmusicales.be\/monsborinage\/wp-content\/uploads\/sites\/3\/2026\/01\/1-768x796.png 768w, https:\/\/www.jeunessesmusicales.be\/monsborinage\/wp-content\/uploads\/sites\/3\/2026\/01\/1-101x105.png 101w\" sizes=\"auto, (max-width: 226px) 100vw, 226px\" \/><\/a><\/p>\n<p><strong><span style=\"color: #f07b16;\">Eveil Musical: Jours de f\u00eate<\/span><\/strong><\/p>\n<p>De 3 \u00e0 5 ans \u2013 de 9 \u00e0 16h: 85\u20ac<\/p>\n<p><a rel=\"fancybox[3677]\" href=\"https:\/\/www.jeunessesmusicales.be\/monsborinage\/wp-content\/uploads\/sites\/3\/2026\/03\/ChatGPT-Image-6-mars-2026-09_21_20.png\" class=\"fancybox\"><img loading=\"lazy\" decoding=\"async\" class=\"alignnone  wp-image-3753\" src=\"https:\/\/www.jeunessesmusicales.be\/monsborinage\/wp-content\/uploads\/sites\/3\/2026\/03\/ChatGPT-Image-6-mars-2026-09_21_20.png\" alt=\"\" width=\"254\" height=\"169\" srcset=\"https:\/\/www.jeunessesmusicales.be\/monsborinage\/wp-content\/uploads\/sites\/3\/2026\/03\/ChatGPT-Image-6-mars-2026-09_21_20.png 1536w, https:\/\/www.jeunessesmusicales.be\/monsborinage\/wp-content\/uploads\/sites\/3\/2026\/03\/ChatGPT-Image-6-mars-2026-09_21_20-300x200.png 300w, https:\/\/www.jeunessesmusicales.be\/monsborinage\/wp-content\/uploads\/sites\/3\/2026\/03\/ChatGPT-Image-6-mars-2026-09_21_20-1024x683.png 1024w, https:\/\/www.jeunessesmusicales.be\/monsborinage\/wp-content\/uploads\/sites\/3\/2026\/03\/ChatGPT-Image-6-mars-2026-09_21_20-768x512.png 768w, https:\/\/www.jeunessesmusicales.be\/monsborinage\/wp-content\/uploads\/sites\/3\/2026\/03\/ChatGPT-Image-6-mars-2026-09_21_20-150x100.png 150w\" sizes=\"auto, (max-width: 254px) 100vw, 254px\" \/><\/a><\/p>\n<p>&nbsp;<\/p>\n<p>&nbsp;<\/p>\n<p>&nbsp;<\/p>\n<p>&nbsp;<\/p>\n<p><strong>Du 4 au 8 mai 2026:<\/strong><\/p>\n<p><a rel=\"fancybox[3677]\" href=\"https:\/\/www.jeunessesmusicales.be\/monsborinage\/wp-content\/uploads\/sites\/3\/2025\/09\/Design-sans-titre-5-e1758010046619.png\" class=\"fancybox\"><img loading=\"lazy\" decoding=\"async\" class=\"wp-image-3551 alignleft\" src=\"https:\/\/www.jeunessesmusicales.be\/monsborinage\/wp-content\/uploads\/sites\/3\/2025\/09\/Design-sans-titre-5-e1758010046619.png\" alt=\"\" width=\"262\" height=\"264\" srcset=\"https:\/\/www.jeunessesmusicales.be\/monsborinage\/wp-content\/uploads\/sites\/3\/2025\/09\/Design-sans-titre-5-e1758010046619.png 1230w, https:\/\/www.jeunessesmusicales.be\/monsborinage\/wp-content\/uploads\/sites\/3\/2025\/09\/Design-sans-titre-5-e1758010046619-298x300.png 298w, https:\/\/www.jeunessesmusicales.be\/monsborinage\/wp-content\/uploads\/sites\/3\/2025\/09\/Design-sans-titre-5-e1758010046619-1017x1024.png 1017w, https:\/\/www.jeunessesmusicales.be\/monsborinage\/wp-content\/uploads\/sites\/3\/2025\/09\/Design-sans-titre-5-e1758010046619-150x150.png 150w, https:\/\/www.jeunessesmusicales.be\/monsborinage\/wp-content\/uploads\/sites\/3\/2025\/09\/Design-sans-titre-5-e1758010046619-768x773.png 768w, https:\/\/www.jeunessesmusicales.be\/monsborinage\/wp-content\/uploads\/sites\/3\/2025\/09\/Design-sans-titre-5-e1758010046619-104x105.png 104w\" sizes=\"auto, (max-width: 262px) 100vw, 262px\" \/><\/a><\/p>\n<p>&nbsp;<\/p>\n<p><strong><span style=\"color: #f07b16;\">Initiation Musicale: Je construis mes propres instruments de musique<\/span><\/strong><\/p>\n<p>De 6 \u00e0 12 ans \u2013 de 9 \u00e0 16h: 100\u20ac<\/p>\n<p>&nbsp;<\/p>\n<p>&nbsp;<\/p>\n<p>&nbsp;<\/p>\n<p>&nbsp;<\/p>\n<p>&nbsp;<\/p>\n<p>&nbsp;<\/p>\n<p><strong><u>Conditions g\u00e9n\u00e9rales:<\/u><\/strong><\/p>\n<p><strong><u><a rel=\"fancybox[3677]\" href=\"https:\/\/www.jeunessesmusicales.be\/monsborinage\/wp-content\/uploads\/sites\/3\/2024\/10\/Yellow-Modern-Warning-with-Sun-Rays-Instagram-Story.png\" class=\"fancybox\"><img loading=\"lazy\" decoding=\"async\" class=\" wp-image-3194 alignright\" src=\"https:\/\/www.jeunessesmusicales.be\/monsborinage\/wp-content\/uploads\/sites\/3\/2024\/10\/Yellow-Modern-Warning-with-Sun-Rays-Instagram-Story.png\" alt=\"\" width=\"363\" height=\"466\" srcset=\"https:\/\/www.jeunessesmusicales.be\/monsborinage\/wp-content\/uploads\/sites\/3\/2024\/10\/Yellow-Modern-Warning-with-Sun-Rays-Instagram-Story.png 1556w, https:\/\/www.jeunessesmusicales.be\/monsborinage\/wp-content\/uploads\/sites\/3\/2024\/10\/Yellow-Modern-Warning-with-Sun-Rays-Instagram-Story-233x300.png 233w, https:\/\/www.jeunessesmusicales.be\/monsborinage\/wp-content\/uploads\/sites\/3\/2024\/10\/Yellow-Modern-Warning-with-Sun-Rays-Instagram-Story-797x1024.png 797w, https:\/\/www.jeunessesmusicales.be\/monsborinage\/wp-content\/uploads\/sites\/3\/2024\/10\/Yellow-Modern-Warning-with-Sun-Rays-Instagram-Story-768x987.png 768w, https:\/\/www.jeunessesmusicales.be\/monsborinage\/wp-content\/uploads\/sites\/3\/2024\/10\/Yellow-Modern-Warning-with-Sun-Rays-Instagram-Story-1195x1536.png 1195w, https:\/\/www.jeunessesmusicales.be\/monsborinage\/wp-content\/uploads\/sites\/3\/2024\/10\/Yellow-Modern-Warning-with-Sun-Rays-Instagram-Story-82x105.png 82w\" sizes=\"auto, (max-width: 363px) 100vw, 363px\" \/><\/a><\/u><\/strong><u><strong><a rel=\"fancybox[3677]\" href=\"https:\/\/www.jeunessesmusicales.be\/monsborinage\/wp-content\/uploads\/sites\/3\/2026\/02\/Projet-dAccueil-JMMB.pdf\" target=\"_blank\" rel=\"noopener\"><img loading=\"lazy\" decoding=\"async\" class=\"alignnone wp-image-3717\" src=\"https:\/\/www.jeunessesmusicales.be\/monsborinage\/wp-content\/uploads\/sites\/3\/2026\/02\/Stickers-rond-bravo-felicitation-moderne-degrade-manuscrit.png\" alt=\"\" width=\"193\" height=\"193\" \/ class=\"fancybox\" srcset=\"https:\/\/www.jeunessesmusicales.be\/monsborinage\/wp-content\/uploads\/sites\/3\/2026\/02\/Stickers-rond-bravo-felicitation-moderne-degrade-manuscrit.png 1181w, https:\/\/www.jeunessesmusicales.be\/monsborinage\/wp-content\/uploads\/sites\/3\/2026\/02\/Stickers-rond-bravo-felicitation-moderne-degrade-manuscrit-300x300.png 300w, https:\/\/www.jeunessesmusicales.be\/monsborinage\/wp-content\/uploads\/sites\/3\/2026\/02\/Stickers-rond-bravo-felicitation-moderne-degrade-manuscrit-1024x1024.png 1024w, https:\/\/www.jeunessesmusicales.be\/monsborinage\/wp-content\/uploads\/sites\/3\/2026\/02\/Stickers-rond-bravo-felicitation-moderne-degrade-manuscrit-150x150.png 150w, https:\/\/www.jeunessesmusicales.be\/monsborinage\/wp-content\/uploads\/sites\/3\/2026\/02\/Stickers-rond-bravo-felicitation-moderne-degrade-manuscrit-768x768.png 768w, https:\/\/www.jeunessesmusicales.be\/monsborinage\/wp-content\/uploads\/sites\/3\/2026\/02\/Stickers-rond-bravo-felicitation-moderne-degrade-manuscrit-105x105.png 105w, https:\/\/www.jeunessesmusicales.be\/monsborinage\/wp-content\/uploads\/sites\/3\/2026\/02\/Stickers-rond-bravo-felicitation-moderne-degrade-manuscrit-200x200.png 200w\" sizes=\"auto, (max-width: 193px) 100vw, 193px\" \/><\/a><a rel=\"fancybox[3677]\" href=\"https:\/\/www.jeunessesmusicales.be\/monsborinage\/wp-content\/uploads\/sites\/3\/2026\/02\/Capture-decran-2026-02-04-100524.png\" class=\"fancybox\"><img loading=\"lazy\" decoding=\"async\" class=\"alignnone wp-image-3718\" src=\"https:\/\/www.jeunessesmusicales.be\/monsborinage\/wp-content\/uploads\/sites\/3\/2026\/02\/Capture-decran-2026-02-04-100524.png\" alt=\"\" width=\"299\" height=\"178\" srcset=\"https:\/\/www.jeunessesmusicales.be\/monsborinage\/wp-content\/uploads\/sites\/3\/2026\/02\/Capture-decran-2026-02-04-100524.png 745w, https:\/\/www.jeunessesmusicales.be\/monsborinage\/wp-content\/uploads\/sites\/3\/2026\/02\/Capture-decran-2026-02-04-100524-300x179.png 300w, https:\/\/www.jeunessesmusicales.be\/monsborinage\/wp-content\/uploads\/sites\/3\/2026\/02\/Capture-decran-2026-02-04-100524-150x89.png 150w\" sizes=\"auto, (max-width: 299px) 100vw, 299px\" \/><\/a><\/strong><\/u><\/p>\n<ul>\n<li>Sauf indication contraire les stages se d\u00e9roulent dans les locaux des JMMB<\/li>\n<li><span style=\"text-decoration: underline;\"><span style=\"color: #ef3740;\"><strong>Votre enfant doit IMPERATIVEMENT \u00eatre propre.<\/strong><\/span><\/span><\/li>\n<li>Pr\u00e9voir pique-nique (froid) et collations<\/li>\n<li>Une garderie gratuite est ouverte de 8h et jusque 17h.<\/li>\n<li><strong><span style=\"color: #ef3740;\"><u>Paiement \u00e0 l\u2019inscription sur le compte IBAN BE03 0682 0407 4384 + en communication le nom et pr\u00e9nom du stagiaire ainsi que le stage choisi.<\/u><\/span><\/strong><\/li>\n<\/ul>\n<p>Le taux d\u2019encadrement des enfants respecte les normes\u00a0<strong>ONE<\/strong>\u00a0:<\/p>\n<ul>\n<li style=\"list-style-type: none;\">\n<ul class=\"font_8\">\n<li>\n<p class=\"font_8\">Un animateur pour un groupe de maximum 8 enfants de moins de 6 ans<\/p>\n<\/li>\n<li>\n<p class=\"font_8\">Un animateur pour un groupe de maximum 12 enfants de plus de 6 ans<\/p>\n<\/li>\n<li>\n<p class=\"font_8\">Un aide animateur est \u00e9galement pr\u00e9sent pour garantir le bon d\u00e9roulement des activit\u00e9s<\/p>\n<\/li>\n<\/ul>\n<\/li>\n<\/ul>\n","protected":false},"excerpt":{"rendered":"<p>Offrez une exp\u00e9rience musicale inoubliable ! Vous cherchez une id\u00e9e originale et enrichissante \u00e0 offrir ? D\u00e9couvrez notre toute nouvelle &hellip; <a href=\"https:\/\/www.jeunessesmusicales.be\/monsborinage\/stages-printemps-2026\/\" class=\"more-link\">Continue reading <span class=\"screen-reader-text\">Stages de Printemps 2026<\/span><\/a><\/p>\n","protected":false},"author":21,"featured_media":0,"parent":0,"menu_order":0,"comment_status":"closed","ping_status":"closed","template":"","meta":{"_acf_changed":false,"footnotes":""},"class_list":["post-3677","page","type-page","status-publish","hentry"],"acf":[],"_links":{"self":[{"href":"https:\/\/www.jeunessesmusicales.be\/monsborinage\/wp-json\/wp\/v2\/pages\/3677","targetHints":{"allow":["GET"]}}],"collection":[{"href":"https:\/\/www.jeunessesmusicales.be\/monsborinage\/wp-json\/wp\/v2\/pages"}],"about":[{"href":"https:\/\/www.jeunessesmusicales.be\/monsborinage\/wp-json\/wp\/v2\/types\/page"}],"author":[{"embeddable":true,"href":"https:\/\/www.jeunessesmusicales.be\/monsborinage\/wp-json\/wp\/v2\/users\/21"}],"replies":[{"embeddable":true,"href":"https:\/\/www.jeunessesmusicales.be\/monsborinage\/wp-json\/wp\/v2\/comments?post=3677"}],"version-history":[{"count":5,"href":"https:\/\/www.jeunessesmusicales.be\/monsborinage\/wp-json\/wp\/v2\/pages\/3677\/revisions"}],"predecessor-version":[{"id":3755,"href":"https:\/\/www.jeunessesmusicales.be\/monsborinage\/wp-json\/wp\/v2\/pages\/3677\/revisions\/3755"}],"wp:attachment":[{"href":"https:\/\/www.jeunessesmusicales.be\/monsborinage\/wp-json\/wp\/v2\/media?parent=3677"}],"curies":[{"name":"wp","href":"https:\/\/api.w.org\/{rel}","templated":true}]}}