{"id":3856,"date":"2026-04-15T14:11:21","date_gmt":"2026-04-15T12:11:21","guid":{"rendered":"https:\/\/www.jeunessesmusicales.be\/monsborinage\/?page_id=3856"},"modified":"2026-04-15T14:28:01","modified_gmt":"2026-04-15T12:28:01","slug":"stages-saison-2027","status":"publish","type":"page","link":"https:\/\/www.jeunessesmusicales.be\/monsborinage\/stages-saison-2027\/","title":{"rendered":"Stages saison 2027"},"content":{"rendered":"<p><a rel=\"fancybox[3856]\" href=\"https:\/\/www.jeunessesmusicales.be\/monsborinage\/wp-content\/uploads\/sites\/3\/2026\/04\/Couverture-stages-26.png\" class=\"fancybox\"><img loading=\"lazy\" decoding=\"async\" class=\"alignnone  wp-image-3857\" src=\"https:\/\/www.jeunessesmusicales.be\/monsborinage\/wp-content\/uploads\/sites\/3\/2026\/04\/Couverture-stages-26.png\" alt=\"\" width=\"1167\" height=\"432\" srcset=\"https:\/\/www.jeunessesmusicales.be\/monsborinage\/wp-content\/uploads\/sites\/3\/2026\/04\/Couverture-stages-26.png 851w, https:\/\/www.jeunessesmusicales.be\/monsborinage\/wp-content\/uploads\/sites\/3\/2026\/04\/Couverture-stages-26-300x111.png 300w, https:\/\/www.jeunessesmusicales.be\/monsborinage\/wp-content\/uploads\/sites\/3\/2026\/04\/Couverture-stages-26-768x284.png 768w, https:\/\/www.jeunessesmusicales.be\/monsborinage\/wp-content\/uploads\/sites\/3\/2026\/04\/Couverture-stages-26-150x56.png 150w\" sizes=\"auto, (max-width: 1167px) 100vw, 1167px\" \/><\/a><\/p>\n<h1 style=\"text-align: center;\"><span style=\"color: #1776eb;\"><strong>BIENT\u00d4T EN LIGNE<\/strong><\/span><\/h1>\n<p><strong>Offrez une exp\u00e9rience musicale inoubliable !<\/strong><\/p>\n<p>Vous cherchez une id\u00e9e originale et enrichissante \u00e0 offrir ? D\u00e9couvrez notre toute nouvelle possibilit\u00e9 : le <strong>bon cadeau pour un stage musical<\/strong> aux <strong>Jeunesses Musicales de Mons-Borinage<\/strong> !<\/p>\n<p><strong>Pourquoi choisir un bon cadeau ?<\/strong><\/p>\n<ul>\n<li>Offrez bien plus qu\u2019un simple objet : un moment de d\u00e9couverte, de cr\u00e9ativit\u00e9 et de plaisir !<\/li>\n<li>Id\u00e9al pour les enfants de 3 \u00e0 14 ans!<\/li>\n<\/ul>\n<p><strong>Comment \u00e7a fonctionne ?<\/strong><\/p>\n<ol>\n<li>Vous cliquez sur \u00ab\u00a0Inscription ici\u00a0\u00bb<\/li>\n<li>Vous s\u00e9lectionnez \u00ab\u00a0oui\u00a0\u00bb dans Bon cadeau.<\/li>\n<li>Vous s\u00e9lectionnez le stage choisi de votre bon cadeau.<\/li>\n<li>Nous pr\u00e9parons une jolie carte cadeau personnalisable et vous envoyons la confirmation avec toutes les coordonn\u00e9es (paiement, adresse, date,&#8230;)<\/li>\n<\/ol>\n<p><strong>Faites plaisir \u00e0 vos proches en leur offrant l\u2019occasion de plonger dans le monde magique de la musique !<\/strong><\/p>\n<p>&#x27a1;&#xfe0f; <strong>Commandez votre bon cadeau d\u00e8s aujourd\u2019hui !<\/strong><\/p>\n<p>Offrez un cadeau qui r\u00e9sonne dans les c\u0153urs et inspire les talents de demain !<\/p>\n<p>&nbsp;<\/p>\n<p>&nbsp;<\/p>\n<p><a rel=\"fancybox[3856]\" href=\"https:\/\/www.jeunessesmusicales.be\/monsborinage\/wp-content\/uploads\/sites\/3\/2026\/04\/Plus-dinformations-ici.png\" class=\"fancybox\"><img loading=\"lazy\" decoding=\"async\" class=\" wp-image-3859 alignright\" src=\"https:\/\/www.jeunessesmusicales.be\/monsborinage\/wp-content\/uploads\/sites\/3\/2026\/04\/Plus-dinformations-ici.png\" alt=\"\" width=\"276\" height=\"276\" srcset=\"https:\/\/www.jeunessesmusicales.be\/monsborinage\/wp-content\/uploads\/sites\/3\/2026\/04\/Plus-dinformations-ici.png 500w, https:\/\/www.jeunessesmusicales.be\/monsborinage\/wp-content\/uploads\/sites\/3\/2026\/04\/Plus-dinformations-ici-300x300.png 300w, https:\/\/www.jeunessesmusicales.be\/monsborinage\/wp-content\/uploads\/sites\/3\/2026\/04\/Plus-dinformations-ici-150x150.png 150w, https:\/\/www.jeunessesmusicales.be\/monsborinage\/wp-content\/uploads\/sites\/3\/2026\/04\/Plus-dinformations-ici-105x105.png 105w, https:\/\/www.jeunessesmusicales.be\/monsborinage\/wp-content\/uploads\/sites\/3\/2026\/04\/Plus-dinformations-ici-200x200.png 200w\" sizes=\"auto, (max-width: 276px) 100vw, 276px\" \/><\/a><\/p>\n<p><strong><u>Conditions g\u00e9n\u00e9rales:<\/u><\/strong><\/p>\n<p><strong><u><a rel=\"fancybox[3856]\" href=\"https:\/\/www.jeunessesmusicales.be\/monsborinage\/wp-content\/uploads\/sites\/3\/2026\/02\/Projet-dAccueil-JMMB.pdf\" target=\"_blank\" rel=\"noopener\"><img loading=\"lazy\" decoding=\"async\" class=\"alignnone wp-image-3717\" src=\"https:\/\/www.jeunessesmusicales.be\/monsborinage\/wp-content\/uploads\/sites\/3\/2026\/02\/Stickers-rond-bravo-felicitation-moderne-degrade-manuscrit.png\" alt=\"\" width=\"193\" height=\"193\" \/ class=\"fancybox\" srcset=\"https:\/\/www.jeunessesmusicales.be\/monsborinage\/wp-content\/uploads\/sites\/3\/2026\/02\/Stickers-rond-bravo-felicitation-moderne-degrade-manuscrit.png 1181w, https:\/\/www.jeunessesmusicales.be\/monsborinage\/wp-content\/uploads\/sites\/3\/2026\/02\/Stickers-rond-bravo-felicitation-moderne-degrade-manuscrit-300x300.png 300w, https:\/\/www.jeunessesmusicales.be\/monsborinage\/wp-content\/uploads\/sites\/3\/2026\/02\/Stickers-rond-bravo-felicitation-moderne-degrade-manuscrit-1024x1024.png 1024w, https:\/\/www.jeunessesmusicales.be\/monsborinage\/wp-content\/uploads\/sites\/3\/2026\/02\/Stickers-rond-bravo-felicitation-moderne-degrade-manuscrit-150x150.png 150w, https:\/\/www.jeunessesmusicales.be\/monsborinage\/wp-content\/uploads\/sites\/3\/2026\/02\/Stickers-rond-bravo-felicitation-moderne-degrade-manuscrit-768x768.png 768w, https:\/\/www.jeunessesmusicales.be\/monsborinage\/wp-content\/uploads\/sites\/3\/2026\/02\/Stickers-rond-bravo-felicitation-moderne-degrade-manuscrit-105x105.png 105w, https:\/\/www.jeunessesmusicales.be\/monsborinage\/wp-content\/uploads\/sites\/3\/2026\/02\/Stickers-rond-bravo-felicitation-moderne-degrade-manuscrit-200x200.png 200w\" sizes=\"auto, (max-width: 193px) 100vw, 193px\" \/><\/a><a rel=\"fancybox[3856]\" href=\"https:\/\/www.jeunessesmusicales.be\/monsborinage\/wp-content\/uploads\/sites\/3\/2026\/02\/Capture-decran-2026-02-04-100524.png\" class=\"fancybox\"><img loading=\"lazy\" decoding=\"async\" class=\"alignnone wp-image-3718\" src=\"https:\/\/www.jeunessesmusicales.be\/monsborinage\/wp-content\/uploads\/sites\/3\/2026\/02\/Capture-decran-2026-02-04-100524.png\" alt=\"\" width=\"299\" height=\"178\" srcset=\"https:\/\/www.jeunessesmusicales.be\/monsborinage\/wp-content\/uploads\/sites\/3\/2026\/02\/Capture-decran-2026-02-04-100524.png 745w, https:\/\/www.jeunessesmusicales.be\/monsborinage\/wp-content\/uploads\/sites\/3\/2026\/02\/Capture-decran-2026-02-04-100524-300x179.png 300w, https:\/\/www.jeunessesmusicales.be\/monsborinage\/wp-content\/uploads\/sites\/3\/2026\/02\/Capture-decran-2026-02-04-100524-150x89.png 150w\" sizes=\"auto, (max-width: 299px) 100vw, 299px\" \/><\/a><\/u><\/strong><\/p>\n<p>&nbsp;<\/p>\n<p>&nbsp;<\/p>\n<p><strong><u><a rel=\"fancybox[3856]\" href=\"https:\/\/www.jeunessesmusicales.be\/monsborinage\/wp-content\/uploads\/sites\/3\/2024\/10\/Yellow-Modern-Warning-with-Sun-Rays-Instagram-Story.png\" class=\"fancybox\"><img loading=\"lazy\" decoding=\"async\" class=\" wp-image-3194 alignright\" src=\"https:\/\/www.jeunessesmusicales.be\/monsborinage\/wp-content\/uploads\/sites\/3\/2024\/10\/Yellow-Modern-Warning-with-Sun-Rays-Instagram-Story.png\" alt=\"\" width=\"363\" height=\"466\" srcset=\"https:\/\/www.jeunessesmusicales.be\/monsborinage\/wp-content\/uploads\/sites\/3\/2024\/10\/Yellow-Modern-Warning-with-Sun-Rays-Instagram-Story.png 1556w, https:\/\/www.jeunessesmusicales.be\/monsborinage\/wp-content\/uploads\/sites\/3\/2024\/10\/Yellow-Modern-Warning-with-Sun-Rays-Instagram-Story-233x300.png 233w, https:\/\/www.jeunessesmusicales.be\/monsborinage\/wp-content\/uploads\/sites\/3\/2024\/10\/Yellow-Modern-Warning-with-Sun-Rays-Instagram-Story-797x1024.png 797w, https:\/\/www.jeunessesmusicales.be\/monsborinage\/wp-content\/uploads\/sites\/3\/2024\/10\/Yellow-Modern-Warning-with-Sun-Rays-Instagram-Story-768x987.png 768w, https:\/\/www.jeunessesmusicales.be\/monsborinage\/wp-content\/uploads\/sites\/3\/2024\/10\/Yellow-Modern-Warning-with-Sun-Rays-Instagram-Story-1195x1536.png 1195w, https:\/\/www.jeunessesmusicales.be\/monsborinage\/wp-content\/uploads\/sites\/3\/2024\/10\/Yellow-Modern-Warning-with-Sun-Rays-Instagram-Story-82x105.png 82w\" sizes=\"auto, (max-width: 363px) 100vw, 363px\" \/><\/a><\/u><\/strong><\/p>\n<ul>\n<li>Sauf indication contraire les stages se d\u00e9roulent dans les locaux des JMMB<\/li>\n<li><span style=\"text-decoration: underline;\"><span style=\"color: #ef3740;\"><strong>Votre enfant doit IMPERATIVEMENT \u00eatre propre.<\/strong><\/span><\/span><\/li>\n<li>Pr\u00e9voir pique-nique (froid) et collations<\/li>\n<li>Une garderie gratuite est ouverte de 8h et jusque 17h.<\/li>\n<li><strong><span style=\"color: #ef3740;\"><u>Paiement \u00e0 l\u2019inscription sur le compte IBAN BE03 0682 0407 4384 + en communication le nom et pr\u00e9nom du stagiaire ainsi que le stage choisi.<\/u><\/span><\/strong><\/li>\n<\/ul>\n<p>Le taux d\u2019encadrement des enfants respecte les normes\u00a0<strong>ONE<\/strong>\u00a0:<\/p>\n<ul>\n<li style=\"list-style-type: none;\">\n<ul class=\"font_8\">\n<li>\n<p class=\"font_8\">Un animateur pour un groupe de maximum 8 enfants de moins de 6 ans<\/p>\n<\/li>\n<li>\n<p class=\"font_8\">Un animateur pour un groupe de maximum 12 enfants de plus de 6 ans<\/p>\n<\/li>\n<li>\n<p class=\"font_8\">Un aide animateur est \u00e9galement pr\u00e9sent pour garantir le bon d\u00e9roulement des activit\u00e9s<\/p>\n<\/li>\n<\/ul>\n<\/li>\n<\/ul>\n","protected":false},"excerpt":{"rendered":"<p>BIENT\u00d4T EN LIGNE Offrez une exp\u00e9rience musicale inoubliable ! Vous cherchez une id\u00e9e originale et enrichissante \u00e0 offrir ? D\u00e9couvrez &hellip; <a href=\"https:\/\/www.jeunessesmusicales.be\/monsborinage\/stages-saison-2027\/\" class=\"more-link\">Continue reading <span class=\"screen-reader-text\">Stages saison 2027<\/span><\/a><\/p>\n","protected":false},"author":21,"featured_media":0,"parent":0,"menu_order":0,"comment_status":"closed","ping_status":"closed","template":"","meta":{"_acf_changed":false,"footnotes":""},"class_list":["post-3856","page","type-page","status-publish","hentry"],"acf":[],"_links":{"self":[{"href":"https:\/\/www.jeunessesmusicales.be\/monsborinage\/wp-json\/wp\/v2\/pages\/3856","targetHints":{"allow":["GET"]}}],"collection":[{"href":"https:\/\/www.jeunessesmusicales.be\/monsborinage\/wp-json\/wp\/v2\/pages"}],"about":[{"href":"https:\/\/www.jeunessesmusicales.be\/monsborinage\/wp-json\/wp\/v2\/types\/page"}],"author":[{"embeddable":true,"href":"https:\/\/www.jeunessesmusicales.be\/monsborinage\/wp-json\/wp\/v2\/users\/21"}],"replies":[{"embeddable":true,"href":"https:\/\/www.jeunessesmusicales.be\/monsborinage\/wp-json\/wp\/v2\/comments?post=3856"}],"version-history":[{"count":3,"href":"https:\/\/www.jeunessesmusicales.be\/monsborinage\/wp-json\/wp\/v2\/pages\/3856\/revisions"}],"predecessor-version":[{"id":3861,"href":"https:\/\/www.jeunessesmusicales.be\/monsborinage\/wp-json\/wp\/v2\/pages\/3856\/revisions\/3861"}],"wp:attachment":[{"href":"https:\/\/www.jeunessesmusicales.be\/monsborinage\/wp-json\/wp\/v2\/media?parent=3856"}],"curies":[{"name":"wp","href":"https:\/\/api.w.org\/{rel}","templated":true}]}}