{"id":1292,"date":"2017-07-18T11:02:40","date_gmt":"2017-07-18T09:02:40","guid":{"rendered":"http:\/\/www.jeunessesmusicales.be\/namur\/ateliers-andenne-copy\/"},"modified":"2025-11-03T11:11:03","modified_gmt":"2025-11-03T10:11:03","slug":"namur","status":"publish","type":"page","link":"https:\/\/www.jeunessesmusicales.be\/namur\/ateliers\/namur\/","title":{"rendered":"Ateliers Namur &#8211; Bomel"},"content":{"rendered":"<h3><img loading=\"lazy\" decoding=\"async\" class=\"aligncenter\" src=\"https:\/\/www.jeunessesmusicales.be\/namur\/wp-content\/uploads\/sites\/2\/2025\/06\/Cocci-Kiddy-site-test-copie.jpg\" alt=\"\" width=\"645\" height=\"336\" \/><\/h3>\n<h3>Sessions 2025-2026<\/h3>\n<p><strong>Horaire:<\/strong><br \/>\nCoccinote (0-3 ans): de 9h30 \u00e0 10h30 <span style=\"color: #ef3740;\"><strong>COMPLET<\/strong><\/span><br \/>\nCoccinote (0-3 ans): de 10h30 \u00e0 11h30 <span style=\"color: #ef3740;\"><strong>COMPLET<\/strong><\/span><br \/>\nKiddynote (3-6 ans): de 11h30 \u00e0 12h30 <span style=\"color: #ef3740;\"><strong>COMPLET<\/strong><\/span><br \/>\n<strong>Lieu :<\/strong> Centre culturel\u00a0de Namur (Anciens Abattoirs de Bomel &#8211; Traverse des Muses 18 5000 Namur)<br \/>\n<strong>Dates:<\/strong> 4\/10, 18\/10, 15\/11, 13\/12, 17\/1, 31\/1, 7\/2, 7\/3, 21\/3, 4\/4, 18\/4, 23\/5, 6\/6, 20\/6<br \/>\n<strong>Prix :<\/strong> 140\u20ac la session de 14 samedis<\/p>\n<h3>Formulaire d&rsquo;inscription<\/h3>\n<p><em>(Le mail de confirmation d\u2019inscription tarde \u00e0 arriver? V\u00e9rifiez si celui-ci ne se trouve pas dans votre courrier ind\u00e9sirable)<\/em><\/p>\n","protected":false},"excerpt":{"rendered":"<p>Sessions 2025-2026 Horaire: Coccinote (0-3 ans): de 9h30 \u00e0 10h30 COMPLET Coccinote (0-3 ans): de 10h30 \u00e0 11h30 COMPLET Kiddynote &hellip; <a href=\"https:\/\/www.jeunessesmusicales.be\/namur\/ateliers\/namur\/\" class=\"more-link\">Continue reading <span class=\"screen-reader-text\">Ateliers Namur &#8211; Bomel<\/span><\/a><\/p>\n","protected":false},"author":10,"featured_media":0,"parent":39,"menu_order":0,"comment_status":"closed","ping_status":"closed","template":"","meta":{"_acf_changed":false,"om_disable_all_campaigns":false,"_monsterinsights_skip_tracking":false,"_monsterinsights_sitenote_active":false,"_monsterinsights_sitenote_note":"","_monsterinsights_sitenote_category":0,"footnotes":""},"class_list":["post-1292","page","type-page","status-publish","hentry"],"acf":[],"aioseo_notices":[],"_links":{"self":[{"href":"https:\/\/www.jeunessesmusicales.be\/namur\/wp-json\/wp\/v2\/pages\/1292","targetHints":{"allow":["GET"]}}],"collection":[{"href":"https:\/\/www.jeunessesmusicales.be\/namur\/wp-json\/wp\/v2\/pages"}],"about":[{"href":"https:\/\/www.jeunessesmusicales.be\/namur\/wp-json\/wp\/v2\/types\/page"}],"author":[{"embeddable":true,"href":"https:\/\/www.jeunessesmusicales.be\/namur\/wp-json\/wp\/v2\/users\/10"}],"replies":[{"embeddable":true,"href":"https:\/\/www.jeunessesmusicales.be\/namur\/wp-json\/wp\/v2\/comments?post=1292"}],"version-history":[{"count":97,"href":"https:\/\/www.jeunessesmusicales.be\/namur\/wp-json\/wp\/v2\/pages\/1292\/revisions"}],"predecessor-version":[{"id":4284,"href":"https:\/\/www.jeunessesmusicales.be\/namur\/wp-json\/wp\/v2\/pages\/1292\/revisions\/4284"}],"up":[{"embeddable":true,"href":"https:\/\/www.jeunessesmusicales.be\/namur\/wp-json\/wp\/v2\/pages\/39"}],"wp:attachment":[{"href":"https:\/\/www.jeunessesmusicales.be\/namur\/wp-json\/wp\/v2\/media?parent=1292"}],"curies":[{"name":"wp","href":"https:\/\/api.w.org\/{rel}","templated":true}]}}