{"id":1671,"date":"2018-06-22T10:13:51","date_gmt":"2018-06-22T08:13:51","guid":{"rendered":"https:\/\/www.jeunessesmusicales.be\/namur\/?page_id=1671"},"modified":"2026-04-08T10:15:16","modified_gmt":"2026-04-08T08:15:16","slug":"little-pop-school","status":"publish","type":"page","link":"https:\/\/www.jeunessesmusicales.be\/namur\/little-pop-school\/","title":{"rendered":"Little Pop School (6-12 ans)"},"content":{"rendered":"<p><img loading=\"lazy\" decoding=\"async\" class=\"aligncenter wp-image-1971\" src=\"https:\/\/www.jeunessesmusicales.be\/namur\/wp-content\/uploads\/sites\/2\/2018\/06\/lpsweb-01-971x1024.png\" alt=\"lpsweb-01\" width=\"400\" height=\"422\" srcset=\"https:\/\/www.jeunessesmusicales.be\/namur\/wp-content\/uploads\/sites\/2\/2018\/06\/lpsweb-01-971x1024.png 971w, https:\/\/www.jeunessesmusicales.be\/namur\/wp-content\/uploads\/sites\/2\/2018\/06\/lpsweb-01-285x300.png 285w, https:\/\/www.jeunessesmusicales.be\/namur\/wp-content\/uploads\/sites\/2\/2018\/06\/lpsweb-01-768x810.png 768w, https:\/\/www.jeunessesmusicales.be\/namur\/wp-content\/uploads\/sites\/2\/2018\/06\/lpsweb-01-100x105.png 100w\" sizes=\"auto, (max-width: 400px) 100vw, 400px\" \/><\/p>\n<p>La\u00a0<strong>Little Pop School<\/strong> est une collaboration entre les Jeunesses Musicales de Namur et la Rock\u2019s Cool.<\/p>\n<p>Il s\u2019agit d&rsquo;une \u00e9cole de musique destin\u00e9e aux enfants de 6 \u00e0 12 ans et \u00ab pr\u00e9paratoire \u00bb \u00e0 la Rock\u2019s Cool. Les cours se d\u00e9roulent en deux modules : un module de 2 ans pour les 6-8 ans et un module pour les 9-12 ans.<\/p>\n<p>L\u2019<strong>objectif principal<\/strong> de la\u00a0Little Pop School\u00a0est de <strong>construire la personnalit\u00e9 artistique de chaque enfant<\/strong> en les familiarisant aux diff\u00e9rents aspects de la musique actuelle. Et cela, afin de leur permettre de choisir de fa\u00e7on plus assur\u00e9e leur instrument et de prendre plus vite du plaisir avec celui-ci.<\/p>\n<p>Lors du <strong>premier module<\/strong> (6-8 ans), les enfants seront amen\u00e9s \u00e0 <strong>d\u00e9couvrir les diff\u00e9rents param\u00e8tres de la musique<\/strong> sans passer par la case \u00ab solf\u00e8ge \u00bb, \u00e0 travers un r\u00e9pertoire pop\/rock adapt\u00e9 : rythme, harmonie, approche des principaux instruments enseign\u00e9s \u00e0 la Rock&rsquo;s Cool, chant, polyphonie, d\u00e9couverte des styles musicaux\u2026 seront abord\u00e9s dans un esprit ludique.<\/p>\n<p>Au terme des deux premi\u00e8res ann\u00e9es, les enfants de 9 \u00e0 12 ans d\u00e9couvriront, lors de <strong>cours semi-collectifs<\/strong>, la guitare, la basse, la batterie, le clavier et le chant de mani\u00e8re plus approfondie.<\/p>\n<p>Durant la <strong>premi\u00e8re moiti\u00e9 de l\u2019ann\u00e9e<\/strong> les \u00e9l\u00e8ves apprendront les rudiments de chaque discipline instrumentale et vocale. Une heure de cours sera articul\u00e9e autour de 2 ou 3 instruments (chant compris).<\/p>\n<p>Apr\u00e8s cette p\u00e9riode de d\u00e9couverte, les \u00e9l\u00e8ves auront d\u00e9velopp\u00e9 des affinit\u00e9s avec un ou plusieurs instruments; en concertation avec leur professeur, un \u00ab r\u00f4le \u00bb dans un morceau du concert de fin d\u2019ann\u00e9e leur sera attribu\u00e9. Ils continueront cependant \u00e0 travailler les autres disciplines en parall\u00e8le.<\/p>\n<p>La <strong>seconde partie de l\u2019ann\u00e9e<\/strong> se fera en groupe, sur les morceaux choisis pour le concert de fin d\u2019ann\u00e9e.<\/p>\n<p>La Little Pop School est <strong>ouverte \u00e0 tous les enfants de 6 \u00e0 12 ans<\/strong>, qu\u2019ils aient pour projet d\u2019int\u00e9grer la Rock\u2019s Cool ou non. Aucun pr\u00e9-requis n&rsquo;est n\u00e9cessaire.<\/p>\n<p>Les jeunes musiciens de la Little Pop School se produiront sur sc\u00e8ne lors du <strong>concert de la Rock\u2019s Cool en fin d\u2019ann\u00e9e<\/strong> scolaire et ce d\u00e8s leur premi\u00e8re ann\u00e9e.<\/p>\n<p>Tarifs\u00a0:<\/p>\n<p>1<sup>er<\/sup> module (6-8) &#8211; Kids :\u00a0\u00a0\u00a0\u00a0 180 Euros pour 25 cours<\/p>\n<p>2<sup>e<\/sup> module (9-12) &#8211; Rock Band :\u00a0\u00a0\u00a0 250 Euros pour 25 cours<\/p>\n<h3>Informations pratiques:<\/h3>\n<h4><strong>A Namur\u00a0<\/strong><\/h4>\n<p><em>Quand?<\/em><br \/>\nLPS Kids (6-8 ans) : le mercredi \u00e0 13h30 (groupe 1), 14h30 (groupe 2) et 15h30 (groupe 3).<br \/>\nLPS Rock Bands (9-12 ans) : le mercredi \u00e0 13h30, 14h30, 15h30, 16h30 ou 17h30<br \/>\nle samedi 9h30, 10h30, 11h30, 12h30 ou 13h30 (horaires \u00e0 confirmer avec le professeur).<\/p>\n<p><em>O\u00f9?<\/em><br \/>\nA la Rock&rsquo;s Cool de Namur, 85b chauss\u00e9e de Charleroi 5000 Namur (Salzinnes)<\/p>\n<h4><strong>A Walcourt<\/strong><\/h4>\n<p><em>Quand?<\/em><br \/>\nLPS Kids (6-8 ans) : le mardi de 16h30 \u00e0 17h30.<br \/>\nLPS Rock Band (9-12 ans) : le mardi \u00e0 16h30, 17h30, 18h30 ou 19h30.<\/p>\n<p><em>O\u00f9?<\/em><br \/>\nAu Centre d&rsquo;expression et de cr\u00e9ativit\u00e9 (Rue de Fraire, 5650 Walcourt)<\/p>\n<p><span style=\"color: #ef3740;\"><strong>Les cours 2025-2026 sont complets. Nous ouvrirons les inscriptions pour 2026-2027 en juin. Nous organisons des stages Little Pop School \u00e0 Salzinnes et \u00e0 Walcourt cet \u00e9t\u00e9. Vous pouvez vous inscrire via la page \u00ab\u00a0Stages\u00a0\u00bb de ce site.<\/strong><\/span><\/p>\n<p>&nbsp;<\/p>\n<h4><img loading=\"lazy\" decoding=\"async\" class=\"aligncenter wp-image-2388\" src=\"https:\/\/www.jeunessesmusicales.be\/namur\/wp-content\/uploads\/sites\/2\/2020\/06\/Untitled-1-01-01-1024x135.png\" alt=\"\" width=\"600\" height=\"79\" srcset=\"https:\/\/www.jeunessesmusicales.be\/namur\/wp-content\/uploads\/sites\/2\/2020\/06\/Untitled-1-01-01-1024x135.png 1024w, https:\/\/www.jeunessesmusicales.be\/namur\/wp-content\/uploads\/sites\/2\/2020\/06\/Untitled-1-01-01-300x40.png 300w, https:\/\/www.jeunessesmusicales.be\/namur\/wp-content\/uploads\/sites\/2\/2020\/06\/Untitled-1-01-01-768x102.png 768w, https:\/\/www.jeunessesmusicales.be\/namur\/wp-content\/uploads\/sites\/2\/2020\/06\/Untitled-1-01-01-150x20.png 150w, https:\/\/www.jeunessesmusicales.be\/namur\/wp-content\/uploads\/sites\/2\/2020\/06\/Untitled-1-01-01.png 1920w\" sizes=\"auto, (max-width: 600px) 100vw, 600px\" \/><\/h4>\n<h4><\/h4>\n","protected":false},"excerpt":{"rendered":"<p>La\u00a0Little Pop School est une collaboration entre les Jeunesses Musicales de Namur et la Rock\u2019s Cool. Il s\u2019agit d&rsquo;une \u00e9cole &hellip; <a href=\"https:\/\/www.jeunessesmusicales.be\/namur\/little-pop-school\/\" class=\"more-link\">Continue reading <span class=\"screen-reader-text\">Little Pop School (6-12 ans)<\/span><\/a><\/p>\n","protected":false},"author":10,"featured_media":0,"parent":0,"menu_order":0,"comment_status":"closed","ping_status":"closed","template":"","meta":{"_acf_changed":false,"om_disable_all_campaigns":false,"_monsterinsights_skip_tracking":false,"_monsterinsights_sitenote_active":false,"_monsterinsights_sitenote_note":"","_monsterinsights_sitenote_category":0,"footnotes":""},"class_list":["post-1671","page","type-page","status-publish","hentry"],"acf":[],"aioseo_notices":[],"_links":{"self":[{"href":"https:\/\/www.jeunessesmusicales.be\/namur\/wp-json\/wp\/v2\/pages\/1671","targetHints":{"allow":["GET"]}}],"collection":[{"href":"https:\/\/www.jeunessesmusicales.be\/namur\/wp-json\/wp\/v2\/pages"}],"about":[{"href":"https:\/\/www.jeunessesmusicales.be\/namur\/wp-json\/wp\/v2\/types\/page"}],"author":[{"embeddable":true,"href":"https:\/\/www.jeunessesmusicales.be\/namur\/wp-json\/wp\/v2\/users\/10"}],"replies":[{"embeddable":true,"href":"https:\/\/www.jeunessesmusicales.be\/namur\/wp-json\/wp\/v2\/comments?post=1671"}],"version-history":[{"count":73,"href":"https:\/\/www.jeunessesmusicales.be\/namur\/wp-json\/wp\/v2\/pages\/1671\/revisions"}],"predecessor-version":[{"id":4411,"href":"https:\/\/www.jeunessesmusicales.be\/namur\/wp-json\/wp\/v2\/pages\/1671\/revisions\/4411"}],"wp:attachment":[{"href":"https:\/\/www.jeunessesmusicales.be\/namur\/wp-json\/wp\/v2\/media?parent=1671"}],"curies":[{"name":"wp","href":"https:\/\/api.w.org\/{rel}","templated":true}]}}