{"id":1786,"date":"2018-11-21T14:33:53","date_gmt":"2018-11-21T13:33:53","guid":{"rendered":"https:\/\/www.jeunessesmusicales.be\/namur\/floreffe-copy\/"},"modified":"2026-01-14T08:56:27","modified_gmt":"2026-01-14T07:56:27","slug":"floreffe","status":"publish","type":"page","link":"https:\/\/www.jeunessesmusicales.be\/namur\/ateliers\/floreffe\/","title":{"rendered":"Ateliers Floreffe"},"content":{"rendered":"<h3><img loading=\"lazy\" decoding=\"async\" class=\"aligncenter\" src=\"https:\/\/www.jeunessesmusicales.be\/namur\/wp-content\/uploads\/sites\/2\/2025\/06\/Cocci-Kiddy-site-test-copie.jpg\" alt=\"\" width=\"617\" height=\"321\" \/><\/h3>\n<h3>Sessions 2025-2026<\/h3>\n<p><strong>Horaire:<\/strong><br \/>\n9h30-10h30 : Atelier Coccinote (0-3 ans) <span style=\"color: #ef3740;\"><strong>COMPLET<\/strong><\/span><br \/>\n10h30-11h30: Atelier Coccinote (0-3 ans) <span style=\"color: #ef3740;\"><strong>COMPLET<\/strong><\/span><br \/>\n11h30-12h30: Atelier Kiddynote (3-6 ans) <span style=\"color: #ef3740;\"><strong>COMPLET<\/strong><\/span><br \/>\n<strong>Dates:<\/strong> 4\/10, 18\/10, 29\/11, 13\/12, 17\/1, 31\/1, 7\/2, 7\/3, 4\/4, 18\/4, 25\/4, 16\/5, 6\/6, 13\/6<br \/>\n<strong>Lieu :<\/strong> Maison de la Parentalit\u00e9 (Chemin Priv\u00e9 2B, 5150 Frani\u00e8re)<br \/>\n<strong>Prix :<\/strong> 140\u20ac la session de 14 samedis<\/p>\n<h3>Formulaire d&rsquo;inscription<\/h3>\n<p><em>(Le mail de confirmation d\u2019inscription tarde \u00e0 arriver? V\u00e9rifiez si celui-ci ne se trouve pas dans votre courrier ind\u00e9sirable)<\/em><\/p>\n<p>&nbsp;<\/p>\n","protected":false},"excerpt":{"rendered":"<p>Sessions 2025-2026 Horaire: 9h30-10h30 : Atelier Coccinote (0-3 ans) COMPLET 10h30-11h30: Atelier Coccinote (0-3 ans) COMPLET 11h30-12h30: Atelier Kiddynote (3-6 &hellip; <a href=\"https:\/\/www.jeunessesmusicales.be\/namur\/ateliers\/floreffe\/\" class=\"more-link\">Continue reading <span class=\"screen-reader-text\">Ateliers Floreffe<\/span><\/a><\/p>\n","protected":false},"author":10,"featured_media":0,"parent":39,"menu_order":0,"comment_status":"closed","ping_status":"closed","template":"","meta":{"_acf_changed":false,"om_disable_all_campaigns":false,"_monsterinsights_skip_tracking":false,"_monsterinsights_sitenote_active":false,"_monsterinsights_sitenote_note":"","_monsterinsights_sitenote_category":0,"footnotes":""},"class_list":["post-1786","page","type-page","status-publish","hentry"],"acf":[],"aioseo_notices":[],"_links":{"self":[{"href":"https:\/\/www.jeunessesmusicales.be\/namur\/wp-json\/wp\/v2\/pages\/1786","targetHints":{"allow":["GET"]}}],"collection":[{"href":"https:\/\/www.jeunessesmusicales.be\/namur\/wp-json\/wp\/v2\/pages"}],"about":[{"href":"https:\/\/www.jeunessesmusicales.be\/namur\/wp-json\/wp\/v2\/types\/page"}],"author":[{"embeddable":true,"href":"https:\/\/www.jeunessesmusicales.be\/namur\/wp-json\/wp\/v2\/users\/10"}],"replies":[{"embeddable":true,"href":"https:\/\/www.jeunessesmusicales.be\/namur\/wp-json\/wp\/v2\/comments?post=1786"}],"version-history":[{"count":64,"href":"https:\/\/www.jeunessesmusicales.be\/namur\/wp-json\/wp\/v2\/pages\/1786\/revisions"}],"predecessor-version":[{"id":4352,"href":"https:\/\/www.jeunessesmusicales.be\/namur\/wp-json\/wp\/v2\/pages\/1786\/revisions\/4352"}],"up":[{"embeddable":true,"href":"https:\/\/www.jeunessesmusicales.be\/namur\/wp-json\/wp\/v2\/pages\/39"}],"wp:attachment":[{"href":"https:\/\/www.jeunessesmusicales.be\/namur\/wp-json\/wp\/v2\/media?parent=1786"}],"curies":[{"name":"wp","href":"https:\/\/api.w.org\/{rel}","templated":true}]}}