{"id":1862,"date":"2019-01-28T10:35:26","date_gmt":"2019-01-28T09:35:26","guid":{"rendered":"https:\/\/www.jeunessesmusicales.be\/namur\/?page_id=1862"},"modified":"2019-05-16T14:10:11","modified_gmt":"2019-05-16T12:10:11","slug":"logos-jeunesses-musicales-namur","status":"publish","type":"page","link":"https:\/\/www.jeunessesmusicales.be\/namur\/logos-jeunesses-musicales-namur\/","title":{"rendered":"Logos &#8211; Charte Graphique"},"content":{"rendered":"<p>Vous trouverez sur cette page les diff\u00e9rentes version du logo des JM Namur.<\/p>\n<p>&nbsp;<\/p>\n<p><img loading=\"lazy\" decoding=\"async\" class=\"aligncenter size-medium wp-image-1865\" src=\"https:\/\/www.jeunessesmusicales.be\/namur\/wp-content\/uploads\/sites\/2\/2019\/01\/logo-JMNAMUR_BGwhite-300x52.png\" alt=\"logo JMNAMUR_BGwhite\" width=\"300\" height=\"52\" srcset=\"https:\/\/www.jeunessesmusicales.be\/namur\/wp-content\/uploads\/sites\/2\/2019\/01\/logo-JMNAMUR_BGwhite-300x52.png 300w, https:\/\/www.jeunessesmusicales.be\/namur\/wp-content\/uploads\/sites\/2\/2019\/01\/logo-JMNAMUR_BGwhite-768x134.png 768w, https:\/\/www.jeunessesmusicales.be\/namur\/wp-content\/uploads\/sites\/2\/2019\/01\/logo-JMNAMUR_BGwhite-1024x179.png 1024w, https:\/\/www.jeunessesmusicales.be\/namur\/wp-content\/uploads\/sites\/2\/2019\/01\/logo-JMNAMUR_BGwhite-150x26.png 150w\" sizes=\"auto, (max-width: 300px) 100vw, 300px\" \/> <img loading=\"lazy\" decoding=\"async\" class=\"aligncenter size-medium wp-image-1863\" src=\"https:\/\/www.jeunessesmusicales.be\/namur\/wp-content\/uploads\/sites\/2\/2019\/01\/logo-JMNAMUR_BGsolid-300x52.png\" alt=\"logo JMNAMUR_BGsolid\" width=\"300\" height=\"52\" srcset=\"https:\/\/www.jeunessesmusicales.be\/namur\/wp-content\/uploads\/sites\/2\/2019\/01\/logo-JMNAMUR_BGsolid-300x52.png 300w, https:\/\/www.jeunessesmusicales.be\/namur\/wp-content\/uploads\/sites\/2\/2019\/01\/logo-JMNAMUR_BGsolid-768x134.png 768w, https:\/\/www.jeunessesmusicales.be\/namur\/wp-content\/uploads\/sites\/2\/2019\/01\/logo-JMNAMUR_BGsolid-1024x179.png 1024w, https:\/\/www.jeunessesmusicales.be\/namur\/wp-content\/uploads\/sites\/2\/2019\/01\/logo-JMNAMUR_BGsolid-150x26.png 150w\" sizes=\"auto, (max-width: 300px) 100vw, 300px\" \/> <img loading=\"lazy\" decoding=\"async\" class=\"aligncenter size-medium wp-image-1866\" src=\"https:\/\/www.jeunessesmusicales.be\/namur\/wp-content\/uploads\/sites\/2\/2019\/01\/logo-JMNAMUR_black-300x52.png\" alt=\"logo JMNAMUR_black\" width=\"300\" height=\"52\" srcset=\"https:\/\/www.jeunessesmusicales.be\/namur\/wp-content\/uploads\/sites\/2\/2019\/01\/logo-JMNAMUR_black-300x52.png 300w, https:\/\/www.jeunessesmusicales.be\/namur\/wp-content\/uploads\/sites\/2\/2019\/01\/logo-JMNAMUR_black-768x134.png 768w, https:\/\/www.jeunessesmusicales.be\/namur\/wp-content\/uploads\/sites\/2\/2019\/01\/logo-JMNAMUR_black-1024x179.png 1024w, https:\/\/www.jeunessesmusicales.be\/namur\/wp-content\/uploads\/sites\/2\/2019\/01\/logo-JMNAMUR_black-150x26.png 150w\" sizes=\"auto, (max-width: 300px) 100vw, 300px\" \/> <img loading=\"lazy\" decoding=\"async\" class=\"aligncenter size-medium wp-image-1867\" src=\"https:\/\/www.jeunessesmusicales.be\/namur\/wp-content\/uploads\/sites\/2\/2019\/01\/logo-JMNAMUR_red-300x52.png\" alt=\"logo JMNAMUR_red\" width=\"300\" height=\"52\" srcset=\"https:\/\/www.jeunessesmusicales.be\/namur\/wp-content\/uploads\/sites\/2\/2019\/01\/logo-JMNAMUR_red-300x52.png 300w, https:\/\/www.jeunessesmusicales.be\/namur\/wp-content\/uploads\/sites\/2\/2019\/01\/logo-JMNAMUR_red-768x134.png 768w, https:\/\/www.jeunessesmusicales.be\/namur\/wp-content\/uploads\/sites\/2\/2019\/01\/logo-JMNAMUR_red-1024x179.png 1024w, https:\/\/www.jeunessesmusicales.be\/namur\/wp-content\/uploads\/sites\/2\/2019\/01\/logo-JMNAMUR_red-150x26.png 150w\" sizes=\"auto, (max-width: 300px) 100vw, 300px\" \/> <img loading=\"lazy\" decoding=\"async\" class=\"aligncenter size-medium wp-image-1868\" src=\"https:\/\/www.jeunessesmusicales.be\/namur\/wp-content\/uploads\/sites\/2\/2019\/01\/logo-JMNAMUR_white-300x52.png\" alt=\"logo JMNAMUR_white\" width=\"300\" height=\"52\" srcset=\"https:\/\/www.jeunessesmusicales.be\/namur\/wp-content\/uploads\/sites\/2\/2019\/01\/logo-JMNAMUR_white-300x52.png 300w, https:\/\/www.jeunessesmusicales.be\/namur\/wp-content\/uploads\/sites\/2\/2019\/01\/logo-JMNAMUR_white-768x134.png 768w, https:\/\/www.jeunessesmusicales.be\/namur\/wp-content\/uploads\/sites\/2\/2019\/01\/logo-JMNAMUR_white-1024x179.png 1024w, https:\/\/www.jeunessesmusicales.be\/namur\/wp-content\/uploads\/sites\/2\/2019\/01\/logo-JMNAMUR_white-150x26.png 150w\" sizes=\"auto, (max-width: 300px) 100vw, 300px\" \/><\/p>\n<p><a class=\"btn btn-primary\" href=\"https:\/\/drive.google.com\/drive\/folders\/1vQDKtS4UBP6AcChqdU0aXvb1JbD5ELO4?usp=sharing\" target=\"_blank\">T\u00e9l\u00e9charger les logos Jeunesses Musicales de Namur<\/a><\/p>\n","protected":false},"excerpt":{"rendered":"<p>Vous trouverez sur cette page les diff\u00e9rentes version du logo des JM Namur. &nbsp; T\u00e9l\u00e9charger les logos Jeunesses Musicales de &hellip; <a href=\"https:\/\/www.jeunessesmusicales.be\/namur\/logos-jeunesses-musicales-namur\/\" class=\"more-link\">Continue reading <span class=\"screen-reader-text\">Logos &#8211; Charte Graphique<\/span><\/a><\/p>\n","protected":false},"author":10,"featured_media":0,"parent":0,"menu_order":0,"comment_status":"closed","ping_status":"closed","template":"","meta":{"_acf_changed":false,"om_disable_all_campaigns":false,"_monsterinsights_skip_tracking":false,"_monsterinsights_sitenote_active":false,"_monsterinsights_sitenote_note":"","_monsterinsights_sitenote_category":0,"footnotes":""},"class_list":["post-1862","page","type-page","status-publish","hentry"],"acf":[],"aioseo_notices":[],"_links":{"self":[{"href":"https:\/\/www.jeunessesmusicales.be\/namur\/wp-json\/wp\/v2\/pages\/1862","targetHints":{"allow":["GET"]}}],"collection":[{"href":"https:\/\/www.jeunessesmusicales.be\/namur\/wp-json\/wp\/v2\/pages"}],"about":[{"href":"https:\/\/www.jeunessesmusicales.be\/namur\/wp-json\/wp\/v2\/types\/page"}],"author":[{"embeddable":true,"href":"https:\/\/www.jeunessesmusicales.be\/namur\/wp-json\/wp\/v2\/users\/10"}],"replies":[{"embeddable":true,"href":"https:\/\/www.jeunessesmusicales.be\/namur\/wp-json\/wp\/v2\/comments?post=1862"}],"version-history":[{"count":3,"href":"https:\/\/www.jeunessesmusicales.be\/namur\/wp-json\/wp\/v2\/pages\/1862\/revisions"}],"predecessor-version":[{"id":1937,"href":"https:\/\/www.jeunessesmusicales.be\/namur\/wp-json\/wp\/v2\/pages\/1862\/revisions\/1937"}],"wp:attachment":[{"href":"https:\/\/www.jeunessesmusicales.be\/namur\/wp-json\/wp\/v2\/media?parent=1862"}],"curies":[{"name":"wp","href":"https:\/\/api.w.org\/{rel}","templated":true}]}}