{"id":2,"date":"2015-09-28T07:53:23","date_gmt":"2015-09-28T06:53:23","guid":{"rendered":"http:\/\/www.jeunessesmusicales.be\/namur\/?page_id=2"},"modified":"2022-08-08T13:54:07","modified_gmt":"2022-08-08T11:54:07","slug":"page-d-exemple","status":"publish","type":"page","link":"https:\/\/www.jeunessesmusicales.be\/namur\/","title":{"rendered":"Accueil"},"content":{"rendered":"<p style=\"text-align: justify;\">Fortes d\u2019une \u00e9quipe volontaire et soud\u00e9e, les JM de Namur prennent une place de choix dans le monde culturel namurois. Les collaborations et partenariats avec les divers acteurs socio-culturels de la r\u00e9gion\u00a0enrichissent chaque jour le travail de l\u2019ASBL et\u00a0motivation, dynamisme et savoir-faire se d\u00e9clinent en musique aux JM de Namur !<\/p>\n<p style=\"text-align: justify;\">Pour les directeurs, accueillants et enseignants: vous trouverez dans ces pages la panoplie d\u2019activit\u00e9s qui peuvent prendre place dans votre \u00e9tablissement. Eveil musical, ateliers th\u00e9matiques, ateliers parascolaires au sein de l\u2019\u00e9cole et concerts font partie de l\u2019\u00e9ventail propos\u00e9 sans pour autant \u00eatre exhaustif. Contactez-nous pour que nous construisions ensemble votre projet.<\/p>\n<p style=\"text-align: justify;\">Chers parents: vous d\u00e9couvrirez dans ses pages nos ateliers permanents des mercredis et samedis apr\u00e8s-midi et nos stages musicaux pendant les vacances scolaires. N&rsquo;h\u00e9sitez-pas \u00e0 vous inscrire \u00e0 la newsletter pour recevoir r\u00e9guli\u00e8rement les derni\u00e8res informations.<\/p>\n<p style=\"text-align: left;\"><strong>Nous sommes bien entendu \u00e0 votre disposition pour tout autre renseignement. <\/strong><\/p>\n<p style=\"text-align: left;\"><strong>Envoyez-nous <a href=\"mailto:jmn@jeunessesmusicales.be\">un mail<\/a> ou t\u00e9l\u00e9phonez-nous au 081\/ 74 63 53<\/strong><\/p>\n<p style=\"text-align: left;\"><a class=\"btn btn-primary\" href=\"http:\/\/eepurl.com\/cVGVlv\">S&rsquo;inscrire \u00e0 la newsletter<\/a><\/p>\n<p style=\"text-align: left;\">\n","protected":false},"excerpt":{"rendered":"<p>Fortes d\u2019une \u00e9quipe volontaire et soud\u00e9e, les JM de Namur prennent une place de choix dans le monde culturel namurois. &hellip; <a href=\"https:\/\/www.jeunessesmusicales.be\/namur\/\" class=\"more-link\">Continue reading <span class=\"screen-reader-text\">Accueil<\/span><\/a><\/p>\n","protected":false},"author":1,"featured_media":0,"parent":0,"menu_order":0,"comment_status":"closed","ping_status":"closed","template":"","meta":{"_acf_changed":false,"om_disable_all_campaigns":false,"_monsterinsights_skip_tracking":false,"_monsterinsights_sitenote_active":false,"_monsterinsights_sitenote_note":"","_monsterinsights_sitenote_category":0,"footnotes":""},"class_list":["post-2","page","type-page","status-publish","hentry"],"acf":[],"aioseo_notices":[],"_links":{"self":[{"href":"https:\/\/www.jeunessesmusicales.be\/namur\/wp-json\/wp\/v2\/pages\/2","targetHints":{"allow":["GET"]}}],"collection":[{"href":"https:\/\/www.jeunessesmusicales.be\/namur\/wp-json\/wp\/v2\/pages"}],"about":[{"href":"https:\/\/www.jeunessesmusicales.be\/namur\/wp-json\/wp\/v2\/types\/page"}],"author":[{"embeddable":true,"href":"https:\/\/www.jeunessesmusicales.be\/namur\/wp-json\/wp\/v2\/users\/1"}],"replies":[{"embeddable":true,"href":"https:\/\/www.jeunessesmusicales.be\/namur\/wp-json\/wp\/v2\/comments?post=2"}],"version-history":[{"count":38,"href":"https:\/\/www.jeunessesmusicales.be\/namur\/wp-json\/wp\/v2\/pages\/2\/revisions"}],"predecessor-version":[{"id":3048,"href":"https:\/\/www.jeunessesmusicales.be\/namur\/wp-json\/wp\/v2\/pages\/2\/revisions\/3048"}],"wp:attachment":[{"href":"https:\/\/www.jeunessesmusicales.be\/namur\/wp-json\/wp\/v2\/media?parent=2"}],"curies":[{"name":"wp","href":"https:\/\/api.w.org\/{rel}","templated":true}]}}