{"id":2314,"date":"2020-04-06T10:39:38","date_gmt":"2020-04-06T08:39:38","guid":{"rendered":"https:\/\/www.jeunessesmusicales.be\/namur\/stages\/ete-copy\/"},"modified":"2026-04-22T10:46:53","modified_gmt":"2026-04-22T08:46:53","slug":"lps","status":"publish","type":"page","link":"https:\/\/www.jeunessesmusicales.be\/namur\/stages\/lps\/","title":{"rendered":"Stages Little Pop School (6-12 ans)"},"content":{"rendered":"<h3><img loading=\"lazy\" decoding=\"async\" class=\"aligncenter\" src=\"https:\/\/www.jeunessesmusicales.be\/namur\/wp-content\/uploads\/sites\/2\/2018\/06\/lpsweb-01.png\" alt=\"\" width=\"300\" height=\"316\" \/><\/h3>\n<h3>Cet \u00e9t\u00e9 2026, nous organisons 3 stages de d\u00e9couverte rock \u00ab\u00a0Little Pop School\u00a0\u00bb: 2 \u00e0 Salzinnes et 1 \u00e0 Walcourt.<\/h3>\n<p><strong>A Salzinnes: <\/strong><br \/>\nStage du 6 au 10 juillet pour les enfants de <span style=\"text-decoration: underline;\">6 \u00e0 10 ans<\/span> &#8211; 150\u20ac <span style=\"color: #ef3740;\"><strong>COMPLET (inscription sur liste d&rsquo;attente)<\/strong><\/span><br \/>\nStage du 17 au 21 aout pour les enfants de <span style=\"text-decoration: underline;\">6\u00a0\u00e0 12 ans<\/span> &#8211; 150\u20ac<br \/>\n<strong>A Walcourt:<\/strong><br \/>\nStage du 17 au 21 aout pour les enfants de <span style=\"text-decoration: underline;\">8 \u00e0 12 ans<\/span> &#8211; 150\u20ac<\/p>\n<p>Votre enfant r\u00eave de faire partie d\u2019un groupe pop-rock le temps d\u2019une semaine ? Alors le stage Little Pop School est fait pour lui ! Les enfants de 6 \u00e0 8 ans y d\u00e9couvrent le chant, l&rsquo;harmonie et le rythme en jouant, en exp\u00e9rimentant divers instruments comme le ukul\u00e9l\u00e9, les cloches&#8230; et m\u00eame en apprenant des chor\u00e9graphies rythmiques. Les plus grands, de 8 \u00e0 12 ans, s&rsquo;essayent au chant et aux diff\u00e9rents instruments embl\u00e9matiques du rock<em>\u00a0<\/em>: batterie, basse, guitare \u00e9lectrique et clavier. Let&rsquo;s rock !<\/p>\n<p>Ce stage est <strong>ouvert \u00e0 tous<\/strong>: \u00e9l\u00e8ves d\u00e9j\u00e0 inscrits \u00e0 la Little Pop School et d\u00e9butants n&rsquo;ayant aucune notion musicale, qu&rsquo;ils aient pour projet de rejoindre la Little Pop School ou non.<\/p>\n<p><strong>Lieux:<\/strong> dans les locaux de la Rock&rsquo;s Cool:<br \/>\nSalzinnes: Chauss\u00e9e de Charleroi 85, 5000 Namur<br \/>\nWalcourt: Rue de Fraire, 5650 Walcourt<\/p>\n<p><strong>Horaire:<\/strong> Activit\u00e9s de 9h30 \u00e0 15h30. Accueil \u00e0 partir de 9h et jusque 16h. Pas de garderie.<\/p>\n<p><span style=\"color: #ef3740;\"><em>Les stages ne peuvent \u00eatre assur\u00e9s qu\u2019avec la participation d\u2019un minimum d&rsquo;enfants.<\/em><\/span><\/p>\n<h3>Formulaires d&rsquo;inscription<\/h3>\n\n<div class=\"wpcf7 no-js\" id=\"wpcf7-f2319-o1\" lang=\"fr-FR\" dir=\"ltr\" data-wpcf7-id=\"2319\">\n<div class=\"screen-reader-response\"><p role=\"status\" aria-live=\"polite\" aria-atomic=\"true\"><\/p> <ul><\/ul><\/div>\n<form action=\"\/namur\/wp-json\/wp\/v2\/pages\/2314#wpcf7-f2319-o1\" method=\"post\" class=\"wpcf7-form init\" aria-label=\"Formulaire de contact\" novalidate=\"novalidate\" data-status=\"init\">\n<fieldset class=\"hidden-fields-container\"><input type=\"hidden\" name=\"_wpcf7\" value=\"2319\" \/><input type=\"hidden\" name=\"_wpcf7_version\" value=\"6.1.5\" \/><input type=\"hidden\" name=\"_wpcf7_locale\" value=\"fr_FR\" \/><input type=\"hidden\" name=\"_wpcf7_unit_tag\" value=\"wpcf7-f2319-o1\" \/><input type=\"hidden\" name=\"_wpcf7_container_post\" value=\"0\" \/><input type=\"hidden\" name=\"_wpcf7_posted_data_hash\" value=\"\" \/><input type=\"hidden\" name=\"_wpcf7_recaptcha_response\" value=\"\" \/>\n<\/fieldset>\n<p>Stage choisi: <span class=\"wpcf7-form-control-wrap\" data-name=\"stage\"><select class=\"wpcf7-form-control wpcf7-select wpcf7-validates-as-required\" aria-required=\"true\" aria-invalid=\"false\" name=\"stage\"><option value=\"Stage LPS Salzinnes 6 au 10 juillet\">Stage LPS Salzinnes 6 au 10 juillet<\/option><option value=\"Stage LPS Salzinnes 17 au 21 aout\">Stage LPS Salzinnes 17 au 21 aout<\/option><option value=\"Stage LPS Walcourt 17 au 21 aout\">Stage LPS Walcourt 17 au 21 aout<\/option><\/select><\/span>\n<\/p>\n<p>Nom de famille de l'enfant (obligatoire)\n<\/p>\n<p><span class=\"wpcf7-form-control-wrap\" data-name=\"nom\"><input size=\"40\" maxlength=\"400\" class=\"wpcf7-form-control wpcf7-text wpcf7-validates-as-required\" aria-required=\"true\" aria-invalid=\"false\" value=\"\" type=\"text\" name=\"nom\" \/><\/span>\n<\/p>\n<p>Pr\u00e9nom de l'enfant (obligatoire)\n<\/p>\n<p><span class=\"wpcf7-form-control-wrap\" data-name=\"prenom\"><input size=\"40\" maxlength=\"400\" class=\"wpcf7-form-control wpcf7-text wpcf7-validates-as-required\" aria-required=\"true\" aria-invalid=\"false\" value=\"\" type=\"text\" name=\"prenom\" \/><\/span>\n<\/p>\n<p>Date de naissance (obligatoire)\n<\/p>\n<p><span class=\"wpcf7-form-control-wrap\" data-name=\"datenaissance\"><input size=\"40\" maxlength=\"400\" class=\"wpcf7-form-control wpcf7-text wpcf7-validates-as-required\" aria-required=\"true\" aria-invalid=\"false\" placeholder=\"jj\/mm\/aaaa\" value=\"\" type=\"text\" name=\"datenaissance\" \/><\/span>\n<\/p>\n<p>Adresse (obligatoire)\n<\/p>\n<p><span class=\"wpcf7-form-control-wrap\" data-name=\"adresse\"><input size=\"40\" maxlength=\"400\" class=\"wpcf7-form-control wpcf7-text wpcf7-validates-as-required\" aria-required=\"true\" aria-invalid=\"false\" placeholder=\"rue, num\u00e9ro\" value=\"\" type=\"text\" name=\"adresse\" \/><\/span>\n<\/p>\n<p>Code postal (obligatoire)\n<\/p>\n<p><span class=\"wpcf7-form-control-wrap\" data-name=\"codepostal\"><input size=\"40\" maxlength=\"400\" class=\"wpcf7-form-control wpcf7-text wpcf7-validates-as-required\" aria-required=\"true\" aria-invalid=\"false\" value=\"\" type=\"text\" name=\"codepostal\" \/><\/span>\n<\/p>\n<p>Ville (obligatoire)\n<\/p>\n<p><span class=\"wpcf7-form-control-wrap\" data-name=\"ville\"><input size=\"40\" maxlength=\"400\" class=\"wpcf7-form-control wpcf7-text wpcf7-validates-as-required\" aria-required=\"true\" aria-invalid=\"false\" value=\"\" type=\"text\" name=\"ville\" \/><\/span>\n<\/p>\n<p>Num\u00e9ro de t\u00e9l\u00e9phone 1 (obligatoire)\n<\/p>\n<p><span class=\"wpcf7-form-control-wrap\" data-name=\"telephone1\"><input size=\"40\" maxlength=\"400\" class=\"wpcf7-form-control wpcf7-text wpcf7-validates-as-required\" aria-required=\"true\" aria-invalid=\"false\" value=\"\" type=\"text\" name=\"telephone1\" \/><\/span>\n<\/p>\n<p>Num\u00e9ro de t\u00e9l\u00e9phone 2\n<\/p>\n<p><span class=\"wpcf7-form-control-wrap\" data-name=\"telephone2\"><input size=\"40\" maxlength=\"400\" class=\"wpcf7-form-control wpcf7-text\" aria-invalid=\"false\" value=\"\" type=\"text\" name=\"telephone2\" \/><\/span>\n<\/p>\n<p>Adresse email (obligatoire)\n<\/p>\n<p><span class=\"wpcf7-form-control-wrap\" data-name=\"email\"><input size=\"40\" maxlength=\"400\" class=\"wpcf7-form-control wpcf7-email wpcf7-validates-as-required wpcf7-text wpcf7-validates-as-email\" aria-required=\"true\" aria-invalid=\"false\" value=\"\" type=\"email\" name=\"email\" \/><\/span>\n<\/p>\n<p><span class=\"wpcf7-form-control-wrap\" data-name=\"politique-conf\"><span class=\"wpcf7-form-control wpcf7-acceptance\"><span class=\"wpcf7-list-item\"><label><input type=\"checkbox\" name=\"politique-conf\" value=\"1\" aria-invalid=\"false\" \/><span class=\"wpcf7-list-item-label\">J'ai lu et j'accepte les <a href=\"https:\/\/jeunessesmusicales.be\/politique-de-confidentialite-jm\/\">politiques de confidentialit\u00e9<\/a><\/span><\/label><\/span><\/span><\/span>\n<\/p>\n<p><input class=\"wpcf7-form-control wpcf7-submit has-spinner\" type=\"submit\" value=\"Envoyer\" \/>\n<\/p><div class=\"wpcf7-response-output\" aria-hidden=\"true\"><\/div>\n<\/form>\n<\/div>\n\n","protected":false},"excerpt":{"rendered":"<p>Cet \u00e9t\u00e9 2026, nous organisons 3 stages de d\u00e9couverte rock \u00ab\u00a0Little Pop School\u00a0\u00bb: 2 \u00e0 Salzinnes et 1 \u00e0 Walcourt. &hellip; <a href=\"https:\/\/www.jeunessesmusicales.be\/namur\/stages\/lps\/\" class=\"more-link\">Continue reading <span class=\"screen-reader-text\">Stages Little Pop School (6-12 ans)<\/span><\/a><\/p>\n","protected":false},"author":10,"featured_media":0,"parent":41,"menu_order":0,"comment_status":"closed","ping_status":"closed","template":"","meta":{"_acf_changed":false,"om_disable_all_campaigns":false,"_monsterinsights_skip_tracking":false,"_monsterinsights_sitenote_active":false,"_monsterinsights_sitenote_note":"","_monsterinsights_sitenote_category":0,"footnotes":""},"class_list":["post-2314","page","type-page","status-publish","hentry"],"acf":[],"aioseo_notices":[],"_links":{"self":[{"href":"https:\/\/www.jeunessesmusicales.be\/namur\/wp-json\/wp\/v2\/pages\/2314","targetHints":{"allow":["GET"]}}],"collection":[{"href":"https:\/\/www.jeunessesmusicales.be\/namur\/wp-json\/wp\/v2\/pages"}],"about":[{"href":"https:\/\/www.jeunessesmusicales.be\/namur\/wp-json\/wp\/v2\/types\/page"}],"author":[{"embeddable":true,"href":"https:\/\/www.jeunessesmusicales.be\/namur\/wp-json\/wp\/v2\/users\/10"}],"replies":[{"embeddable":true,"href":"https:\/\/www.jeunessesmusicales.be\/namur\/wp-json\/wp\/v2\/comments?post=2314"}],"version-history":[{"count":54,"href":"https:\/\/www.jeunessesmusicales.be\/namur\/wp-json\/wp\/v2\/pages\/2314\/revisions"}],"predecessor-version":[{"id":4428,"href":"https:\/\/www.jeunessesmusicales.be\/namur\/wp-json\/wp\/v2\/pages\/2314\/revisions\/4428"}],"up":[{"embeddable":true,"href":"https:\/\/www.jeunessesmusicales.be\/namur\/wp-json\/wp\/v2\/pages\/41"}],"wp:attachment":[{"href":"https:\/\/www.jeunessesmusicales.be\/namur\/wp-json\/wp\/v2\/media?parent=2314"}],"curies":[{"name":"wp","href":"https:\/\/api.w.org\/{rel}","templated":true}]}}