{"id":2582,"date":"2020-10-29T15:04:02","date_gmt":"2020-10-29T14:04:02","guid":{"rendered":"https:\/\/www.jeunessesmusicales.be\/namur\/?page_id=2582"},"modified":"2026-04-22T11:30:53","modified_gmt":"2026-04-22T09:30:53","slug":"stages-dete-a-la-bruyere","status":"publish","type":"page","link":"https:\/\/www.jeunessesmusicales.be\/namur\/stages-dete-a-la-bruyere\/","title":{"rendered":"Stage d&rsquo;\u00e9t\u00e9 \u00e0 Rhisnes"},"content":{"rendered":"<h2>Du 17 au 21 ao\u00fbt<\/h2>\n<p><strong>Stage Kiddynote (3-6 ans) \u00ab T\u00eate, \u00e9paules et genoux-pieds \u00bb &#8211; 115\u20ac <span style=\"color: #ef3740;\">COMPLET, possibilit\u00e9 de s&rsquo;inscrire sur liste d&rsquo;attente<\/span><\/strong><\/p>\n<p>Un stage pour se mettre en mouvement, d\u00e9couvrir son corps, apprivoiser l&rsquo;espace, exprimer ses \u00e9motions,&#8230; avec la musique comme fil conducteur!<\/p>\n<p>Lieu: Ecole communale de Rhisnes (3 rue des Dames Blanches 5080 La Bruy\u00e8re)<\/p>\n<p>Horaire:<br \/>\nActivit\u00e9s de 9h30 \u00e0 15h30.<br \/>\nAccueil \u00e0 partir de 9h et jusque 16h.<br \/>\nGarderie payante et sur demande de 8h30 \u00e0 9h et de 16h \u00e0 16h30<\/p>\n<p><span style=\"color: #ef3740;\"><em>Les stages ne peuvent \u00eatre assur\u00e9s qu\u2019avec la participation d\u2019un minimum\u00a0de\u00a0<strong>7 enfants<\/strong><\/em><\/span><\/p>\n<h3>Formulaire d&rsquo;inscription<\/h3>\n<p><span style=\"color: #ef3740;\"><em>(Le mail de confirmation d\u2019inscription tarde \u00e0 arriver? V\u00e9rifiez si celui-ci ne se trouve pas dans votre courrier ind\u00e9sirable)<\/em><\/span><\/p>\n\n<div class=\"wpcf7 no-js\" id=\"wpcf7-f3209-o1\" lang=\"fr-FR\" dir=\"ltr\" data-wpcf7-id=\"3209\">\n<div class=\"screen-reader-response\"><p role=\"status\" aria-live=\"polite\" aria-atomic=\"true\"><\/p> <ul><\/ul><\/div>\n<form action=\"\/namur\/wp-json\/wp\/v2\/pages\/2582#wpcf7-f3209-o1\" method=\"post\" class=\"wpcf7-form init\" aria-label=\"Formulaire de contact\" novalidate=\"novalidate\" data-status=\"init\">\n<fieldset class=\"hidden-fields-container\"><input type=\"hidden\" name=\"_wpcf7\" value=\"3209\" \/><input type=\"hidden\" name=\"_wpcf7_version\" value=\"6.1.5\" \/><input type=\"hidden\" name=\"_wpcf7_locale\" value=\"fr_FR\" \/><input type=\"hidden\" name=\"_wpcf7_unit_tag\" value=\"wpcf7-f3209-o1\" \/><input type=\"hidden\" name=\"_wpcf7_container_post\" value=\"0\" \/><input type=\"hidden\" name=\"_wpcf7_posted_data_hash\" value=\"\" \/><input type=\"hidden\" name=\"_wpcf7_recaptcha_response\" value=\"\" \/>\n<\/fieldset>\n<p>LISTE D'ATTENTE\n<\/p>\n<p>Nom de famille de l'enfant (obligatoire)\n<\/p>\n<p><span class=\"wpcf7-form-control-wrap\" data-name=\"nom\"><input size=\"40\" maxlength=\"400\" class=\"wpcf7-form-control wpcf7-text wpcf7-validates-as-required\" aria-required=\"true\" aria-invalid=\"false\" value=\"\" type=\"text\" name=\"nom\" \/><\/span>\n<\/p>\n<p>Pr\u00e9nom de l'enfant (obligatoire)\n<\/p>\n<p><span class=\"wpcf7-form-control-wrap\" data-name=\"prenom\"><input size=\"40\" maxlength=\"400\" class=\"wpcf7-form-control wpcf7-text wpcf7-validates-as-required\" aria-required=\"true\" aria-invalid=\"false\" value=\"\" type=\"text\" name=\"prenom\" \/><\/span>\n<\/p>\n<p>Date de naissance (obligatoire)\n<\/p>\n<p><span class=\"wpcf7-form-control-wrap\" data-name=\"datenaissance\"><input size=\"40\" maxlength=\"400\" class=\"wpcf7-form-control wpcf7-text wpcf7-validates-as-required\" aria-required=\"true\" aria-invalid=\"false\" placeholder=\"jj\/mm\/aaaa\" value=\"\" type=\"text\" name=\"datenaissance\" \/><\/span>\n<\/p>\n<p>Adresse (obligatoire)\n<\/p>\n<p><span class=\"wpcf7-form-control-wrap\" data-name=\"adresse\"><input size=\"40\" maxlength=\"400\" class=\"wpcf7-form-control wpcf7-text wpcf7-validates-as-required\" aria-required=\"true\" aria-invalid=\"false\" placeholder=\"rue, num\u00e9ro\" value=\"\" type=\"text\" name=\"adresse\" \/><\/span>\n<\/p>\n<p>Code postal (obligatoire)\n<\/p>\n<p><span class=\"wpcf7-form-control-wrap\" data-name=\"codepostal\"><input size=\"40\" maxlength=\"400\" class=\"wpcf7-form-control wpcf7-text wpcf7-validates-as-required\" aria-required=\"true\" aria-invalid=\"false\" value=\"\" type=\"text\" name=\"codepostal\" \/><\/span>\n<\/p>\n<p>Ville (obligatoire)\n<\/p>\n<p><span class=\"wpcf7-form-control-wrap\" data-name=\"ville\"><input size=\"40\" maxlength=\"400\" class=\"wpcf7-form-control wpcf7-text wpcf7-validates-as-required\" aria-required=\"true\" aria-invalid=\"false\" value=\"\" type=\"text\" name=\"ville\" \/><\/span>\n<\/p>\n<p>Num\u00e9ro de t\u00e9l\u00e9phone 1 (obligatoire)\n<\/p>\n<p><span class=\"wpcf7-form-control-wrap\" data-name=\"telephone1\"><input size=\"40\" maxlength=\"400\" class=\"wpcf7-form-control wpcf7-text wpcf7-validates-as-required\" aria-required=\"true\" aria-invalid=\"false\" value=\"\" type=\"text\" name=\"telephone1\" \/><\/span>\n<\/p>\n<p>Num\u00e9ro de t\u00e9l\u00e9phone 2\n<\/p>\n<p><span class=\"wpcf7-form-control-wrap\" data-name=\"telephone2\"><input size=\"40\" maxlength=\"400\" class=\"wpcf7-form-control wpcf7-text\" aria-invalid=\"false\" value=\"\" type=\"text\" name=\"telephone2\" \/><\/span>\n<\/p>\n<p>Adresse email (obligatoire)\n<\/p>\n<p><span class=\"wpcf7-form-control-wrap\" data-name=\"email\"><input size=\"40\" maxlength=\"400\" class=\"wpcf7-form-control wpcf7-email wpcf7-validates-as-required wpcf7-text wpcf7-validates-as-email\" aria-required=\"true\" aria-invalid=\"false\" value=\"\" type=\"email\" name=\"email\" \/><\/span>\n<\/p>\n<p><span class=\"wpcf7-form-control-wrap\" data-name=\"politique-conf\"><span class=\"wpcf7-form-control wpcf7-acceptance\"><span class=\"wpcf7-list-item\"><label><input type=\"checkbox\" name=\"politique-conf\" value=\"1\" aria-invalid=\"false\" \/><span class=\"wpcf7-list-item-label\">J'ai lu et j'accepte les <a href=\"https:\/\/jeunessesmusicales.be\/politique-de-confidentialite-jm\/\">politiques de confidentialit\u00e9<\/a><\/span><\/label><\/span><\/span><\/span>\n<\/p>\n<p><input class=\"wpcf7-form-control wpcf7-submit has-spinner\" type=\"submit\" value=\"Envoyer\" \/>\n<\/p><div class=\"wpcf7-response-output\" aria-hidden=\"true\"><\/div>\n<\/form>\n<\/div>\n\n","protected":false},"excerpt":{"rendered":"<p>Du 17 au 21 ao\u00fbt Stage Kiddynote (3-6 ans) \u00ab T\u00eate, \u00e9paules et genoux-pieds \u00bb &#8211; 115\u20ac COMPLET, possibilit\u00e9 de &hellip; <a href=\"https:\/\/www.jeunessesmusicales.be\/namur\/stages-dete-a-la-bruyere\/\" class=\"more-link\">Continue reading <span class=\"screen-reader-text\">Stage d&rsquo;\u00e9t\u00e9 \u00e0 Rhisnes<\/span><\/a><\/p>\n","protected":false},"author":10,"featured_media":0,"parent":0,"menu_order":0,"comment_status":"closed","ping_status":"closed","template":"","meta":{"_acf_changed":false,"om_disable_all_campaigns":false,"_monsterinsights_skip_tracking":false,"_monsterinsights_sitenote_active":false,"_monsterinsights_sitenote_note":"","_monsterinsights_sitenote_category":0,"footnotes":""},"class_list":["post-2582","page","type-page","status-publish","hentry"],"acf":[],"aioseo_notices":[],"_links":{"self":[{"href":"https:\/\/www.jeunessesmusicales.be\/namur\/wp-json\/wp\/v2\/pages\/2582","targetHints":{"allow":["GET"]}}],"collection":[{"href":"https:\/\/www.jeunessesmusicales.be\/namur\/wp-json\/wp\/v2\/pages"}],"about":[{"href":"https:\/\/www.jeunessesmusicales.be\/namur\/wp-json\/wp\/v2\/types\/page"}],"author":[{"embeddable":true,"href":"https:\/\/www.jeunessesmusicales.be\/namur\/wp-json\/wp\/v2\/users\/10"}],"replies":[{"embeddable":true,"href":"https:\/\/www.jeunessesmusicales.be\/namur\/wp-json\/wp\/v2\/comments?post=2582"}],"version-history":[{"count":30,"href":"https:\/\/www.jeunessesmusicales.be\/namur\/wp-json\/wp\/v2\/pages\/2582\/revisions"}],"predecessor-version":[{"id":2586,"href":"https:\/\/www.jeunessesmusicales.be\/namur\/wp-json\/wp\/v2\/pages\/2582\/revisions\/2586"}],"wp:attachment":[{"href":"https:\/\/www.jeunessesmusicales.be\/namur\/wp-json\/wp\/v2\/media?parent=2582"}],"curies":[{"name":"wp","href":"https:\/\/api.w.org\/{rel}","templated":true}]}}