{"id":3055,"date":"2022-08-17T14:37:04","date_gmt":"2022-08-17T12:37:04","guid":{"rendered":"https:\/\/www.jeunessesmusicales.be\/namur\/ateliers\/floreffe-copy\/"},"modified":"2026-04-01T11:47:08","modified_gmt":"2026-04-01T09:47:08","slug":"fosses","status":"publish","type":"page","link":"https:\/\/www.jeunessesmusicales.be\/namur\/ateliers\/fosses\/","title":{"rendered":"Ateliers Fosses-la-Ville"},"content":{"rendered":"<h3><img loading=\"lazy\" decoding=\"async\" class=\"aligncenter\" src=\"https:\/\/www.jeunessesmusicales.be\/namur\/wp-content\/uploads\/sites\/2\/2025\/06\/Cocci-Kiddy-site-test-copie.jpg\" alt=\"\" width=\"596\" height=\"310\" \/><\/h3>\n<h3>Sessions de mars \u00e0 juin 2026<\/h3>\n<p><strong>Horaire:<\/strong><br \/>\nCoccinote (0-3 ans): de 9h \u00e0 10h <span style=\"color: #ef3740;\"><strong>COMPLET<\/strong><\/span><br \/>\nCoccinote (0-3 ans): de 10h \u00e0 11h <span style=\"color: #ef3740;\"><strong>COMPLET<\/strong><\/span><br \/>\nKiddynote (3-6 ans): de 11h \u00e0 12h <span style=\"color: #ef3740;\"><strong>COMPLET<\/strong><\/span><br \/>\n<strong>Lieu : <\/strong>Maison Rurale (Rue Donat Masson 22, 5070 Fosses-la-Ville)<br \/>\n<strong>Dates: <\/strong>14\/3, 28\/3, 11\/4, 25\/4, 9\/5, 23\/5, 13\/6, 20\/6<br \/>\n<strong>Prix :<\/strong> 80\u20ac la session de 8 samedis (60\u20ac pour les habitants de la commune de Fosses-la-Ville)<\/p>\n<h3>Formulaire d&rsquo;inscription<\/h3>\n<p><em>(Le mail de confirmation d\u2019inscription tarde \u00e0 arriver? V\u00e9rifiez si celui-ci ne se trouve pas dans votre courrier ind\u00e9sirable)<\/em><\/p>\n<p>&nbsp;<\/p>\n<p>&nbsp;<\/p>\n<p>&nbsp;<\/p>\n","protected":false},"excerpt":{"rendered":"<p>Sessions de mars \u00e0 juin 2026 Horaire: Coccinote (0-3 ans): de 9h \u00e0 10h COMPLET Coccinote (0-3 ans): de 10h &hellip; <a href=\"https:\/\/www.jeunessesmusicales.be\/namur\/ateliers\/fosses\/\" class=\"more-link\">Continue reading <span class=\"screen-reader-text\">Ateliers Fosses-la-Ville<\/span><\/a><\/p>\n","protected":false},"author":10,"featured_media":0,"parent":39,"menu_order":0,"comment_status":"closed","ping_status":"closed","template":"","meta":{"_acf_changed":false,"om_disable_all_campaigns":false,"_monsterinsights_skip_tracking":false,"_monsterinsights_sitenote_active":false,"_monsterinsights_sitenote_note":"","_monsterinsights_sitenote_category":0,"footnotes":""},"class_list":["post-3055","page","type-page","status-publish","hentry"],"acf":[],"aioseo_notices":[],"_links":{"self":[{"href":"https:\/\/www.jeunessesmusicales.be\/namur\/wp-json\/wp\/v2\/pages\/3055","targetHints":{"allow":["GET"]}}],"collection":[{"href":"https:\/\/www.jeunessesmusicales.be\/namur\/wp-json\/wp\/v2\/pages"}],"about":[{"href":"https:\/\/www.jeunessesmusicales.be\/namur\/wp-json\/wp\/v2\/types\/page"}],"author":[{"embeddable":true,"href":"https:\/\/www.jeunessesmusicales.be\/namur\/wp-json\/wp\/v2\/users\/10"}],"replies":[{"embeddable":true,"href":"https:\/\/www.jeunessesmusicales.be\/namur\/wp-json\/wp\/v2\/comments?post=3055"}],"version-history":[{"count":66,"href":"https:\/\/www.jeunessesmusicales.be\/namur\/wp-json\/wp\/v2\/pages\/3055\/revisions"}],"predecessor-version":[{"id":4408,"href":"https:\/\/www.jeunessesmusicales.be\/namur\/wp-json\/wp\/v2\/pages\/3055\/revisions\/4408"}],"up":[{"embeddable":true,"href":"https:\/\/www.jeunessesmusicales.be\/namur\/wp-json\/wp\/v2\/pages\/39"}],"wp:attachment":[{"href":"https:\/\/www.jeunessesmusicales.be\/namur\/wp-json\/wp\/v2\/media?parent=3055"}],"curies":[{"name":"wp","href":"https:\/\/api.w.org\/{rel}","templated":true}]}}