{"id":39,"date":"2015-10-15T14:51:07","date_gmt":"2015-10-15T13:51:07","guid":{"rendered":"http:\/\/www.jeunessesmusicales.be\/namur\/?page_id=39"},"modified":"2025-06-10T14:22:16","modified_gmt":"2025-06-10T12:22:16","slug":"ateliers","status":"publish","type":"page","link":"https:\/\/www.jeunessesmusicales.be\/namur\/ateliers\/","title":{"rendered":"Ateliers d&rsquo;Eveil Musical (0-6 ans)"},"content":{"rendered":"<h4><strong><br \/>\n<\/strong>Les Jeunesses Musicales de Namur organisent chaque ann\u00e9e des ateliers d&rsquo;\u00e9veil musical sur diff\u00e9rents lieux de la Province de Namur le samedi matin.<\/h4>\n<p>Voici les\u00a0diff\u00e9rents ateliers propos\u00e9s:<\/p>\n<h2><span style=\"color: #ef3740;\">COCCINOTE<\/span> pour les 0\/3 ans<\/h2>\n<p>Les plus jeunes (\u00e0 partir de 6-9 mois), qu\u2019ils soient accompagn\u00e9s de leurs parents ou grands-parents sont invit\u00e9s \u00e0 un premier voyage au pays du rythme, du chant et du mouvement. Comptines, jeux de doigts, bercement, d\u00e9couverte d&rsquo;instruments, manipulation de petites percussions&#8230;un moment en duo \u00e0 ne pas manquer.<\/p>\n<h2><span style=\"color: #ef3740;\">KIDDYNOTE\u00a0<\/span>pour les 3\/6 ans<\/h2>\n<p>Comptines, jeux de doigts, manipulations d\u2019instruments, rondes&#8230;plongent les enfants dans un bain sonore color\u00e9 affinant les perceptions sensorielles de chacun et d\u00e9veloppant leurs capacit\u00e9s psychomotrices.<\/p>\n<p><strong>Le samedi matin (Coccinote et Kiddynote):<\/strong><\/p>\n<p><a class=\"btn btn-primary\" href=\"https:\/\/www.jeunessesmusicales.be\/namur\/andenne\/\" target=\"_blank\" rel=\"noopener noreferrer\">Ateliers \u00e0 Andenne<\/a><\/p>\n<p><a class=\"btn btn-primary\" href=\"https:\/\/www.jeunessesmusicales.be\/namur\/ateliers\/namur\/\" target=\"_blank\" rel=\"noopener noreferrer\">Ateliers \u00e0 Bomel<\/a><\/p>\n<p><a class=\"btn btn-primary\" href=\"https:\/\/www.jeunessesmusicales.be\/namur\/ateliers\/ciney\/\" target=\"_blank\" rel=\"noopener noreferrer\">Ateliers \u00e0 Ciney<\/a><\/p>\n<p><a class=\"btn btn-primary\" href=\"https:\/\/www.jeunessesmusicales.be\/namur\/floreffe\/\" target=\"_blank\" rel=\"noopener noreferrer\">Ateliers \u00e0 Floreffe<\/a><\/p>\n<p><a class=\"btn btn-primary\" href=\"https:\/\/www.jeunessesmusicales.be\/namur\/ateliers\/fosses\/\" target=\"_blank\" rel=\"noopener noreferrer\">Ateliers \u00e0 Fosses-la-Ville<\/a><\/p>\n<p><a class=\"btn btn-primary\" href=\"https:\/\/www.jeunessesmusicales.be\/namur\/ateliers\/sombreffe\/\" target=\"_blank\" rel=\"noopener noreferrer\">Ateliers \u00e0 Sombreffe<\/a><\/p>\n<p>&nbsp;<\/p>\n<p><strong>Le mercredi matin (Coccinote):<\/strong><\/p>\n<p><a class=\"btn btn-primary\" href=\"https:\/\/www.jeunessesmusicales.be\/namur\/ateliers\/delta-cocci\/\" target=\"_blank\" rel=\"noopener noreferrer\">Ateliers au Delta &#8211; Namur<\/a><\/p>\n<h5><span style=\"color: #ef3740;\">BESOIN DE PLUS D&rsquo;INFORMATIONS? joignez-nous au 081 74 63 53 ou par mail \u00e0 l&rsquo;adresse suivante: jmn@jeunessesmusicales.be<\/span><\/h5>\n","protected":false},"excerpt":{"rendered":"<p>Les Jeunesses Musicales de Namur organisent chaque ann\u00e9e des ateliers d&rsquo;\u00e9veil musical sur diff\u00e9rents lieux de la Province de Namur &hellip; <a href=\"https:\/\/www.jeunessesmusicales.be\/namur\/ateliers\/\" class=\"more-link\">Continue reading <span class=\"screen-reader-text\">Ateliers d&rsquo;Eveil Musical (0-6 ans)<\/span><\/a><\/p>\n","protected":false},"author":2,"featured_media":0,"parent":0,"menu_order":0,"comment_status":"closed","ping_status":"closed","template":"","meta":{"_acf_changed":false,"om_disable_all_campaigns":false,"_monsterinsights_skip_tracking":false,"_monsterinsights_sitenote_active":false,"_monsterinsights_sitenote_note":"","_monsterinsights_sitenote_category":0,"footnotes":""},"class_list":["post-39","page","type-page","status-publish","hentry"],"acf":[],"aioseo_notices":[],"_links":{"self":[{"href":"https:\/\/www.jeunessesmusicales.be\/namur\/wp-json\/wp\/v2\/pages\/39","targetHints":{"allow":["GET"]}}],"collection":[{"href":"https:\/\/www.jeunessesmusicales.be\/namur\/wp-json\/wp\/v2\/pages"}],"about":[{"href":"https:\/\/www.jeunessesmusicales.be\/namur\/wp-json\/wp\/v2\/types\/page"}],"author":[{"embeddable":true,"href":"https:\/\/www.jeunessesmusicales.be\/namur\/wp-json\/wp\/v2\/users\/2"}],"replies":[{"embeddable":true,"href":"https:\/\/www.jeunessesmusicales.be\/namur\/wp-json\/wp\/v2\/comments?post=39"}],"version-history":[{"count":87,"href":"https:\/\/www.jeunessesmusicales.be\/namur\/wp-json\/wp\/v2\/pages\/39\/revisions"}],"predecessor-version":[{"id":4121,"href":"https:\/\/www.jeunessesmusicales.be\/namur\/wp-json\/wp\/v2\/pages\/39\/revisions\/4121"}],"wp:attachment":[{"href":"https:\/\/www.jeunessesmusicales.be\/namur\/wp-json\/wp\/v2\/media?parent=39"}],"curies":[{"name":"wp","href":"https:\/\/api.w.org\/{rel}","templated":true}]}}