{"id":41,"date":"2015-10-15T14:51:19","date_gmt":"2015-10-15T12:51:19","guid":{"rendered":"http:\/\/www.jeunessesmusicales.be\/namur\/?page_id=41"},"modified":"2026-04-20T09:47:47","modified_gmt":"2026-04-20T07:47:47","slug":"stages","status":"publish","type":"page","link":"https:\/\/www.jeunessesmusicales.be\/namur\/stages\/","title":{"rendered":"Stages"},"content":{"rendered":"<h2><span style=\"color: #ef3740;\">RENCONTRES, DECOUVERTES, PARTAGE ET MUSIQUE.<\/span><\/h2>\n<p style=\"text-align: justify;\">Rafra\u00eechissants et (r\u00e9)cr\u00e9atifs, ces stages s\u2019adressent \u00e0 diff\u00e9rentes tranches d\u2019\u00e2ges et favorisent la d\u00e9couverte de musiques d\u2019ici et d\u2019ailleurs.<br \/>\nPluridisciplinaires, ils permettent \u00e9galement de familiariser l&rsquo;enfant avec d\u2019autres formes artistiques telles que le conte musical, l\u2019expression corporelle, le th\u00e9\u00e2tre, la peinture\u2026<\/p>\n<p style=\"text-align: justify;\">Les enfants, \u00e0 travers la musique, se d\u00e9couvrent et interagissent selon ce nouveau langage. C\u2019est une d\u00e9couverte de soi et des autres au sein de petits groupes et au moyen de canaux parfois forts diff\u00e9rents de ceux utilis\u00e9s au quotidien\u00a0! Le chant, les bodypercussions, le mouvement deviennent autant de moyens d\u2019expression\u00a0\u00e0 exp\u00e9rimenter\u00a0en musique!<\/p>\n<p style=\"text-align: justify;\">D\u00e9couverte de soi, de l\u2019autre, des diff\u00e9rences culturelles tant au niveau des musiques, des instruments que de l\u2019approche que l\u2019on en fait sont des th\u00e9matiques r\u00e9currentes et exploitables pour chacun des stages.<\/p>\n<p>Les JM de Namur organisent r\u00e9guli\u00e8rement, lors des vacances scolaires, des matin\u00e9es musicales en famille et de nombreux stages d&rsquo;\u00e9veil musical. N&rsquo;h\u00e9sitez pas \u00e0 vous inscrire \u00e0 la newsletter pour \u00eatre inform\u00e9s en temps et en heure!<\/p>\n<h2><span style=\"color: #ef3740;\">NOS PROCHAINS STAGES<\/span><\/h2>\n<h3><span style=\"color: #ef3740;\">Vacances de printemps<\/span><\/h3>\n<p><a class=\"btn btn-primary\" href=\"https:\/\/www.jeunessesmusicales.be\/namur\/stages\/stages-printemps\/\">Stage Kiddynote (3-6 ans), Salzinnes (Namur)<\/a><\/p>\n<h3><span style=\"color: #ef3740;\">Vacances d&rsquo;\u00e9t\u00e9<\/span><\/h3>\n<p><a class=\"btn btn-primary\" href=\"https:\/\/www.jeunessesmusicales.be\/namur\/stages\/ete\/\">Stages Kiddynote (3-6 ans), Salzinnes (Namur)<\/a><\/p>\n<p><a class=\"btn btn-primary\" href=\"https:\/\/www.jeunessesmusicales.be\/namur\/stages-dete-a-la-bruyere\/\">Stage Kiddynote (3-6 ans), Rhisnes<\/a><\/p>\n<p><a class=\"btn btn-primary\" href=\"https:\/\/www.jeunessesmusicales.be\/namur\/stages\/lps\/\">Stages Little Pop School (6-12 ans), Salzinnes (Namur) et Walcourt<\/a><\/p>\n","protected":false},"excerpt":{"rendered":"<p>RENCONTRES, DECOUVERTES, PARTAGE ET MUSIQUE. Rafra\u00eechissants et (r\u00e9)cr\u00e9atifs, ces stages s\u2019adressent \u00e0 diff\u00e9rentes tranches d\u2019\u00e2ges et favorisent la d\u00e9couverte de &hellip; <a href=\"https:\/\/www.jeunessesmusicales.be\/namur\/stages\/\" class=\"more-link\">Continue reading <span class=\"screen-reader-text\">Stages<\/span><\/a><\/p>\n","protected":false},"author":2,"featured_media":0,"parent":0,"menu_order":0,"comment_status":"closed","ping_status":"closed","template":"","meta":{"_acf_changed":false,"om_disable_all_campaigns":false,"_monsterinsights_skip_tracking":false,"_monsterinsights_sitenote_active":false,"_monsterinsights_sitenote_note":"","_monsterinsights_sitenote_category":0,"footnotes":""},"class_list":["post-41","page","type-page","status-publish","hentry"],"acf":[],"aioseo_notices":[],"_links":{"self":[{"href":"https:\/\/www.jeunessesmusicales.be\/namur\/wp-json\/wp\/v2\/pages\/41","targetHints":{"allow":["GET"]}}],"collection":[{"href":"https:\/\/www.jeunessesmusicales.be\/namur\/wp-json\/wp\/v2\/pages"}],"about":[{"href":"https:\/\/www.jeunessesmusicales.be\/namur\/wp-json\/wp\/v2\/types\/page"}],"author":[{"embeddable":true,"href":"https:\/\/www.jeunessesmusicales.be\/namur\/wp-json\/wp\/v2\/users\/2"}],"replies":[{"embeddable":true,"href":"https:\/\/www.jeunessesmusicales.be\/namur\/wp-json\/wp\/v2\/comments?post=41"}],"version-history":[{"count":190,"href":"https:\/\/www.jeunessesmusicales.be\/namur\/wp-json\/wp\/v2\/pages\/41\/revisions"}],"predecessor-version":[{"id":4425,"href":"https:\/\/www.jeunessesmusicales.be\/namur\/wp-json\/wp\/v2\/pages\/41\/revisions\/4425"}],"wp:attachment":[{"href":"https:\/\/www.jeunessesmusicales.be\/namur\/wp-json\/wp\/v2\/media?parent=41"}],"curies":[{"name":"wp","href":"https:\/\/api.w.org\/{rel}","templated":true}]}}