{"id":4258,"date":"2025-10-03T10:42:02","date_gmt":"2025-10-03T08:42:02","guid":{"rendered":"https:\/\/www.jeunessesmusicales.be\/namur\/?page_id=4258"},"modified":"2025-10-08T13:22:00","modified_gmt":"2025-10-08T11:22:00","slug":"drole-de-bal","status":"publish","type":"page","link":"https:\/\/www.jeunessesmusicales.be\/namur\/drole-de-bal\/","title":{"rendered":"Le Dr\u00f4le de Bal !"},"content":{"rendered":"<p>Vous cherchez une formule l\u00e9g\u00e8re, festive et dansante pour votre \u00e9cole ou lieu culturel? Alors, le Dr\u00f4le de Bal est fait pour vous!<\/p>\n<p>Pendant une petite heure, Amandine, chanteuse aux milles et une voix, et son acolyte Mayki, guitariste aux doigts de f\u00e9e, font swinguer petits et grands sur des airs de Disney \u00ab\u00a0rock&rsquo;n&rsquo;rollis\u00e9s\u00a0\u00bb. Ils endossent leur tenue de rock star pour d\u00e9poussi\u00e9rer les tubes ind\u00e9modables des dessins anim\u00e9s de notre enfance \u00e0 coups de riffs \u00e9nergiques et d&rsquo;entra\u00eenants pas de danse. Dr\u00f4le et folle ambiance garantie !<\/p>\n<p><strong>Pour toute demande d&rsquo;information et de r\u00e9servation, veuillez contacter notre charg\u00e9 de diffusion, Gregory Carpentier (<\/strong><strong>0492\/73.20.26 | g.carpentier@jeunessesmusicales.be).<\/strong><\/p>\n<p><img loading=\"lazy\" decoding=\"async\" class=\"aligncenter wp-image-4259\" src=\"https:\/\/www.jeunessesmusicales.be\/namur\/wp-content\/uploads\/sites\/2\/2025\/10\/droledebal-192x300.png\" alt=\"\" width=\"303\" height=\"473\" srcset=\"https:\/\/www.jeunessesmusicales.be\/namur\/wp-content\/uploads\/sites\/2\/2025\/10\/droledebal-192x300.png 192w, https:\/\/www.jeunessesmusicales.be\/namur\/wp-content\/uploads\/sites\/2\/2025\/10\/droledebal-657x1024.png 657w, https:\/\/www.jeunessesmusicales.be\/namur\/wp-content\/uploads\/sites\/2\/2025\/10\/droledebal-768x1198.png 768w, https:\/\/www.jeunessesmusicales.be\/namur\/wp-content\/uploads\/sites\/2\/2025\/10\/droledebal-985x1536.png 985w, https:\/\/www.jeunessesmusicales.be\/namur\/wp-content\/uploads\/sites\/2\/2025\/10\/droledebal-67x105.png 67w, https:\/\/www.jeunessesmusicales.be\/namur\/wp-content\/uploads\/sites\/2\/2025\/10\/droledebal.png 1231w\" sizes=\"auto, (max-width: 303px) 100vw, 303px\" \/><\/p>\n","protected":false},"excerpt":{"rendered":"<p>Vous cherchez une formule l\u00e9g\u00e8re, festive et dansante pour votre \u00e9cole ou lieu culturel? Alors, le Dr\u00f4le de Bal est &hellip; <a href=\"https:\/\/www.jeunessesmusicales.be\/namur\/drole-de-bal\/\" class=\"more-link\">Continue reading <span class=\"screen-reader-text\">Le Dr\u00f4le de Bal !<\/span><\/a><\/p>\n","protected":false},"author":10,"featured_media":0,"parent":0,"menu_order":0,"comment_status":"closed","ping_status":"closed","template":"","meta":{"_acf_changed":false,"om_disable_all_campaigns":false,"_monsterinsights_skip_tracking":false,"_monsterinsights_sitenote_active":false,"_monsterinsights_sitenote_note":"","_monsterinsights_sitenote_category":0,"footnotes":""},"class_list":["post-4258","page","type-page","status-publish","hentry"],"acf":[],"aioseo_notices":[],"_links":{"self":[{"href":"https:\/\/www.jeunessesmusicales.be\/namur\/wp-json\/wp\/v2\/pages\/4258","targetHints":{"allow":["GET"]}}],"collection":[{"href":"https:\/\/www.jeunessesmusicales.be\/namur\/wp-json\/wp\/v2\/pages"}],"about":[{"href":"https:\/\/www.jeunessesmusicales.be\/namur\/wp-json\/wp\/v2\/types\/page"}],"author":[{"embeddable":true,"href":"https:\/\/www.jeunessesmusicales.be\/namur\/wp-json\/wp\/v2\/users\/10"}],"replies":[{"embeddable":true,"href":"https:\/\/www.jeunessesmusicales.be\/namur\/wp-json\/wp\/v2\/comments?post=4258"}],"version-history":[{"count":6,"href":"https:\/\/www.jeunessesmusicales.be\/namur\/wp-json\/wp\/v2\/pages\/4258\/revisions"}],"predecessor-version":[{"id":4269,"href":"https:\/\/www.jeunessesmusicales.be\/namur\/wp-json\/wp\/v2\/pages\/4258\/revisions\/4269"}],"wp:attachment":[{"href":"https:\/\/www.jeunessesmusicales.be\/namur\/wp-json\/wp\/v2\/media?parent=4258"}],"curies":[{"name":"wp","href":"https:\/\/api.w.org\/{rel}","templated":true}]}}