{"id":4415,"date":"2026-04-10T12:11:46","date_gmt":"2026-04-10T10:11:46","guid":{"rendered":"https:\/\/www.jeunessesmusicales.be\/namur\/?page_id=4415"},"modified":"2026-04-10T12:22:52","modified_gmt":"2026-04-10T10:22:52","slug":"ateliers-lcole-secondaire","status":"publish","type":"page","link":"https:\/\/www.jeunessesmusicales.be\/namur\/activites-a-lecole\/ateliers-lcole-secondaire\/","title":{"rendered":"Ateliers \u00e0 l&rsquo;\u00e9cole (secondaire)"},"content":{"rendered":"<p>Nous innovons cette ann\u00e9e en vous proposant une offre d&rsquo;ateliers musicaux \u00e0 destination des \u00e9l\u00e8ves du secondaire de la Province de Namur. Les objectifs du PECA (Conna\u00eetre &#8211; Rencontrer &#8211; Pratiquer) sont au coeur de ces formules qui permettent des \u00e9changes entre les artistes et les jeunes.<\/p>\n<p>1\/ Ecriture slam et concert au casque<\/p>\n<p>2\/ Immersion dans le monde de la musique assist\u00e9e par ordinateur (MAO)<\/p>\n<p>3\/ Construction d&rsquo;instruments en PVC<\/p>\n<p>4\/ D\u00e9couverte des techniques vocales et rythmiques du beatbox<\/p>\n<p>N&rsquo;h\u00e9sitez pas \u00e0 nous contacter pour toute question relative \u00e0 ces ateliers (jmn@jeunessesmusicales.be \/ 081\/746353).<\/p>\n<p>&nbsp;<\/p>\n<h3 style=\"text-align: center;\"><a href=\"https:\/\/www.jeunessesmusicales.be\/namur\/wp-content\/uploads\/sites\/2\/2026\/04\/Ateliers-Sec2627_compressed.pdf\"><strong>Retrouvez ici la description de ces ateliers<\/strong><\/a><\/h3>\n","protected":false},"excerpt":{"rendered":"<p>Nous innovons cette ann\u00e9e en vous proposant une offre d&rsquo;ateliers musicaux \u00e0 destination des \u00e9l\u00e8ves du secondaire de la Province &hellip; <a href=\"https:\/\/www.jeunessesmusicales.be\/namur\/activites-a-lecole\/ateliers-lcole-secondaire\/\" class=\"more-link\">Continue reading <span class=\"screen-reader-text\">Ateliers \u00e0 l&rsquo;\u00e9cole (secondaire)<\/span><\/a><\/p>\n","protected":false},"author":10,"featured_media":0,"parent":45,"menu_order":0,"comment_status":"closed","ping_status":"closed","template":"","meta":{"_acf_changed":false,"om_disable_all_campaigns":false,"_monsterinsights_skip_tracking":false,"_monsterinsights_sitenote_active":false,"_monsterinsights_sitenote_note":"","_monsterinsights_sitenote_category":0,"footnotes":""},"class_list":["post-4415","page","type-page","status-publish","hentry"],"acf":[],"aioseo_notices":[],"_links":{"self":[{"href":"https:\/\/www.jeunessesmusicales.be\/namur\/wp-json\/wp\/v2\/pages\/4415","targetHints":{"allow":["GET"]}}],"collection":[{"href":"https:\/\/www.jeunessesmusicales.be\/namur\/wp-json\/wp\/v2\/pages"}],"about":[{"href":"https:\/\/www.jeunessesmusicales.be\/namur\/wp-json\/wp\/v2\/types\/page"}],"author":[{"embeddable":true,"href":"https:\/\/www.jeunessesmusicales.be\/namur\/wp-json\/wp\/v2\/users\/10"}],"replies":[{"embeddable":true,"href":"https:\/\/www.jeunessesmusicales.be\/namur\/wp-json\/wp\/v2\/comments?post=4415"}],"version-history":[{"count":2,"href":"https:\/\/www.jeunessesmusicales.be\/namur\/wp-json\/wp\/v2\/pages\/4415\/revisions"}],"predecessor-version":[{"id":4420,"href":"https:\/\/www.jeunessesmusicales.be\/namur\/wp-json\/wp\/v2\/pages\/4415\/revisions\/4420"}],"up":[{"embeddable":true,"href":"https:\/\/www.jeunessesmusicales.be\/namur\/wp-json\/wp\/v2\/pages\/45"}],"wp:attachment":[{"href":"https:\/\/www.jeunessesmusicales.be\/namur\/wp-json\/wp\/v2\/media?parent=4415"}],"curies":[{"name":"wp","href":"https:\/\/api.w.org\/{rel}","templated":true}]}}