{"id":47,"date":"2015-10-15T14:52:31","date_gmt":"2015-10-15T13:52:31","guid":{"rendered":"http:\/\/www.jeunessesmusicales.be\/namur\/?page_id=47"},"modified":"2026-04-10T12:10:46","modified_gmt":"2026-04-10T10:10:46","slug":"ateliers-a-lecole","status":"publish","type":"page","link":"https:\/\/www.jeunessesmusicales.be\/namur\/activites-a-lecole\/ateliers-a-lecole\/","title":{"rendered":"Ateliers \u00e0 l&rsquo;\u00e9cole (maternelle et primaire)"},"content":{"rendered":"<p style=\"text-align: justify;\"><strong>Chaque jour, des ateliers d&rsquo;\u00e9veil musical qui se veulent ludiques, cr\u00e9atifs et adapt\u00e9s \u00e0 l&rsquo;\u00e2ge des enfants sont organis\u00e9s en cr\u00e8ches et dans les \u00e9coles fondamentales de la Province Namur.<\/strong><\/p>\n<p><a rel=\"fancybox[47]\" href=\"https:\/\/www.jeunessesmusicales.be\/namur\/wp-content\/uploads\/sites\/2\/2025\/05\/brochureateliers2526_low.pdf\" target=\"_blank\" rel=\"noopener\"><img loading=\"lazy\" decoding=\"async\" class=\"aligncenter wp-image-4075 size-medium\" src=\"https:\/\/www.jeunessesmusicales.be\/namur\/wp-content\/uploads\/sites\/2\/2025\/05\/C1-low-pdf-212x300.jpg\" alt=\"\" width=\"212\" height=\"300\" \/ class=\"fancybox\"><\/a><\/p>\n<p>&nbsp;<\/p>\n<p style=\"text-align: justify;\">Lors de ces ateliers, l&rsquo;enfant sera sollicit\u00e9 sur deux plans: le travail individuel mais aussi le travail collectif. L&rsquo;animateur proposera des jeux rythmiques, des jeux de perception auditive, de la d\u00e9couverte instrumentale, de la manipulation de petites percussions, des jeux musicaux d&rsquo;ensemble, de danse.<\/p>\n<p style=\"text-align: justify;\">Chaque ann\u00e9e scolaire, l&rsquo;\u00e9quipe d&rsquo;animation \u00e9tablit un \u00ab\u00a0programme des ateliers\u00a0\u00bb reprenant un choix de th\u00e8mes, par exemple: des ateliers d\u00e9di\u00e9s aux classes d&rsquo;accueil\/M1, des ateliers pour d\u00e9couvrir la musique classique, de l&rsquo;\u00e9veil musical autour d&rsquo;un livre (collaboration avec les \u00e9ditions Mijade), des ateliers \u00ab\u00a0chant\u00a0\u00bb, des ateliers \u00ab\u00a0percussion corporelle\u00a0\u00bb, musiques du monde&#8230; et bien d&rsquo;autres choses.<\/p>\n<h3 style=\"text-align: center;\"><strong>Retrouvez ici notre<span style=\"color: #ef3740;\">\u00a0<\/span><a href=\"https:\/\/www.jeunessesmusicales.be\/namur\/wp-content\/uploads\/sites\/2\/2025\/05\/brochureateliers2526_low.pdf\" target=\"_blank\" rel=\"noopener\"><span style=\"color: #ef3740;\">programme des ateliers 2025-2026<\/span><\/a><\/strong><\/h3>\n<h3 style=\"text-align: center;\"><span style=\"color: #ef3740;\"><strong><a style=\"color: #ef3740;\" href=\"https:\/\/www.jeunessesmusicales.be\/namur\/commande\/\" target=\"_blank\" rel=\"noopener\">Informations et bon de commande<\/a><\/strong><\/span><\/h3>\n","protected":false},"excerpt":{"rendered":"<p>Chaque jour, des ateliers d&rsquo;\u00e9veil musical qui se veulent ludiques, cr\u00e9atifs et adapt\u00e9s \u00e0 l&rsquo;\u00e2ge des enfants sont organis\u00e9s en &hellip; <a href=\"https:\/\/www.jeunessesmusicales.be\/namur\/activites-a-lecole\/ateliers-a-lecole\/\" class=\"more-link\">Continue reading <span class=\"screen-reader-text\">Ateliers \u00e0 l&rsquo;\u00e9cole (maternelle et primaire)<\/span><\/a><\/p>\n","protected":false},"author":2,"featured_media":0,"parent":45,"menu_order":0,"comment_status":"closed","ping_status":"closed","template":"","meta":{"_acf_changed":false,"om_disable_all_campaigns":false,"_monsterinsights_skip_tracking":false,"_monsterinsights_sitenote_active":false,"_monsterinsights_sitenote_note":"","_monsterinsights_sitenote_category":0,"footnotes":""},"class_list":["post-47","page","type-page","status-publish","hentry"],"acf":[],"aioseo_notices":[],"_links":{"self":[{"href":"https:\/\/www.jeunessesmusicales.be\/namur\/wp-json\/wp\/v2\/pages\/47","targetHints":{"allow":["GET"]}}],"collection":[{"href":"https:\/\/www.jeunessesmusicales.be\/namur\/wp-json\/wp\/v2\/pages"}],"about":[{"href":"https:\/\/www.jeunessesmusicales.be\/namur\/wp-json\/wp\/v2\/types\/page"}],"author":[{"embeddable":true,"href":"https:\/\/www.jeunessesmusicales.be\/namur\/wp-json\/wp\/v2\/users\/2"}],"replies":[{"embeddable":true,"href":"https:\/\/www.jeunessesmusicales.be\/namur\/wp-json\/wp\/v2\/comments?post=47"}],"version-history":[{"count":39,"href":"https:\/\/www.jeunessesmusicales.be\/namur\/wp-json\/wp\/v2\/pages\/47\/revisions"}],"predecessor-version":[{"id":4414,"href":"https:\/\/www.jeunessesmusicales.be\/namur\/wp-json\/wp\/v2\/pages\/47\/revisions\/4414"}],"up":[{"embeddable":true,"href":"https:\/\/www.jeunessesmusicales.be\/namur\/wp-json\/wp\/v2\/pages\/45"}],"wp:attachment":[{"href":"https:\/\/www.jeunessesmusicales.be\/namur\/wp-json\/wp\/v2\/media?parent=47"}],"curies":[{"name":"wp","href":"https:\/\/api.w.org\/{rel}","templated":true}]}}