{"id":59,"date":"2015-10-15T14:55:21","date_gmt":"2015-10-15T13:55:21","guid":{"rendered":"http:\/\/www.jeunessesmusicales.be\/namur\/?page_id=59"},"modified":"2026-01-12T14:34:10","modified_gmt":"2026-01-12T13:34:10","slug":"les-jeunesses-musicales","status":"publish","type":"page","link":"https:\/\/www.jeunessesmusicales.be\/namur\/infos-pratiques\/les-jeunesses-musicales\/","title":{"rendered":"L&rsquo;\u00e9quipe"},"content":{"rendered":"<h2><span style=\"text-decoration: underline;\"><span style=\"color: #ef3740; text-decoration: underline;\">Direction<\/span><\/span><\/h2>\n<p>Yannicke Wauthier<\/p>\n<h2><span style=\"text-decoration: underline;\"><span style=\"color: #ef3740; text-decoration: underline;\">Coordonnatrice administrative<\/span><\/span><\/h2>\n<p><a href=\"mailto:jmn@jeunessesmusicales.be\">Annemie Esgain &#8211; jmn@jeunessesmusicales.be<\/a><\/p>\n<h2><span style=\"text-decoration: underline;\"><span style=\"color: #ef3740; text-decoration: underline;\">Coordonnateur tourn\u00e9es<\/span><\/span><\/h2>\n<p><a href=\"mailto:g.carpentier@jeunessesmusicales.be\" target=\"_blank\" rel=\"noopener noreferrer\">Gr\u00e9gory Carpentier &#8211; g.carpentier@jeunessesmusicales.be<\/a><\/p>\n<h2><span style=\"text-decoration: underline;\"><span style=\"color: #ef3740; text-decoration: underline;\">Coordonnatrice p\u00e9dagogique<br \/>\n<\/span><\/span><\/h2>\n<p><a href=\"mailto:c.huberty@jeunessesmusicales.be\">Corinne Huberty &#8211; c.huberty@jeunessesmusicales.be<\/a><\/p>\n<h2><span style=\"text-decoration: underline;\"><span style=\"color: #ef3740; text-decoration: underline;\">Coordonnatrice communication<\/span><\/span><\/h2>\n<p><a href=\"mailto:m.bodson@jeunessesmusicales.be\">M\u00e9lodie Bodson &#8211; m.bodson@jeunessesmusicales.be<\/a><\/p>\n<h2><span style=\"text-decoration: underline;\"><span style=\"color: #ef3740; text-decoration: underline;\">Equipe d&rsquo;intervenant.e.s musicaux.ales<\/span><\/span><\/h2>\n<p>Aur\u00e9lie Pamart<br \/>\nBarbara Antoine<br \/>\nCorinne Huberty<br \/>\nMa\u00efki Ferro<br \/>\nMadeleine Dehalu<br \/>\nMadeline Joseph<br \/>\nMarie-No\u00ebl De Rosso<br \/>\nManon Gustin<br \/>\nMarl\u00e8ne Dorc\u00e9na<br \/>\nMaude Beaufayt<br \/>\nNicolas Kneip<br \/>\nSarah Brohez<\/p>\n","protected":false},"excerpt":{"rendered":"<p>Direction Yannicke Wauthier Coordonnatrice administrative Annemie Esgain &#8211; jmn@jeunessesmusicales.be Coordonnateur tourn\u00e9es Gr\u00e9gory Carpentier &#8211; g.carpentier@jeunessesmusicales.be Coordonnatrice p\u00e9dagogique Corinne Huberty &#8211; &hellip; <a href=\"https:\/\/www.jeunessesmusicales.be\/namur\/infos-pratiques\/les-jeunesses-musicales\/\" class=\"more-link\">Continue reading <span class=\"screen-reader-text\">L&rsquo;\u00e9quipe<\/span><\/a><\/p>\n","protected":false},"author":2,"featured_media":0,"parent":57,"menu_order":0,"comment_status":"closed","ping_status":"closed","template":"","meta":{"_acf_changed":false,"om_disable_all_campaigns":false,"_monsterinsights_skip_tracking":false,"_monsterinsights_sitenote_active":false,"_monsterinsights_sitenote_note":"","_monsterinsights_sitenote_category":0,"footnotes":""},"class_list":["post-59","page","type-page","status-publish","hentry"],"acf":[],"aioseo_notices":[],"_links":{"self":[{"href":"https:\/\/www.jeunessesmusicales.be\/namur\/wp-json\/wp\/v2\/pages\/59","targetHints":{"allow":["GET"]}}],"collection":[{"href":"https:\/\/www.jeunessesmusicales.be\/namur\/wp-json\/wp\/v2\/pages"}],"about":[{"href":"https:\/\/www.jeunessesmusicales.be\/namur\/wp-json\/wp\/v2\/types\/page"}],"author":[{"embeddable":true,"href":"https:\/\/www.jeunessesmusicales.be\/namur\/wp-json\/wp\/v2\/users\/2"}],"replies":[{"embeddable":true,"href":"https:\/\/www.jeunessesmusicales.be\/namur\/wp-json\/wp\/v2\/comments?post=59"}],"version-history":[{"count":24,"href":"https:\/\/www.jeunessesmusicales.be\/namur\/wp-json\/wp\/v2\/pages\/59\/revisions"}],"predecessor-version":[{"id":4351,"href":"https:\/\/www.jeunessesmusicales.be\/namur\/wp-json\/wp\/v2\/pages\/59\/revisions\/4351"}],"up":[{"embeddable":true,"href":"https:\/\/www.jeunessesmusicales.be\/namur\/wp-json\/wp\/v2\/pages\/57"}],"wp:attachment":[{"href":"https:\/\/www.jeunessesmusicales.be\/namur\/wp-json\/wp\/v2\/media?parent=59"}],"curies":[{"name":"wp","href":"https:\/\/api.w.org\/{rel}","templated":true}]}}