{"id":160,"date":"2015-12-14T15:01:22","date_gmt":"2015-12-14T14:01:22","guid":{"rendered":"http:\/\/www.jeunessesmusicales.be\/walloniepicarde\/activites-tous-publics\/concerts-publics-2\/"},"modified":"2025-06-19T10:59:13","modified_gmt":"2025-06-19T08:59:13","slug":"concerts-publics-2","status":"publish","type":"page","link":"https:\/\/www.jeunessesmusicales.be\/walloniepicarde\/concerts-publics-2\/","title":{"rendered":"Wapi Kids festival"},"content":{"rendered":"<h2 style=\"text-align: center;\"><span style=\"color: #ef3740;\"><strong>16i\u00e8me \u00e9dition du WapiKids festival !<\/strong><\/span><\/h2>\n<div style=\"width: 1920px;\" class=\"wp-video\"><video class=\"wp-video-shortcode\" id=\"video-160-1\" width=\"1920\" height=\"1080\" preload=\"metadata\" controls=\"controls\"><source type=\"video\/mp4\" src=\"https:\/\/www.jeunessesmusicales.be\/walloniepicarde\/wp-content\/uploads\/sites\/9\/2023\/09\/wapikids-teaser-2023-24_yYVN2TT1.mp4?_=1\" \/><a href=\"https:\/\/www.jeunessesmusicales.be\/walloniepicarde\/wp-content\/uploads\/sites\/9\/2023\/09\/wapikids-teaser-2023-24_yYVN2TT1.mp4\">https:\/\/www.jeunessesmusicales.be\/walloniepicarde\/wp-content\/uploads\/sites\/9\/2023\/09\/wapikids-teaser-2023-24_yYVN2TT1.mp4<\/a><\/video><\/div>\n<p style=\"text-align: center;\">\u00a0Le Wapi Kids Festival f\u00eate ses 16 ans !<br \/>\nEn partenariat avec vos Centres Culturels de Wallonie picarde, nous vous invitons \u00e0 8 moments inoubliables !<br \/>\nAu menu : animations musicales pour les enfants, d\u00e9couvertes culturelles pour les parents, collations gourmandes et spectacles.<br \/>\nRejoignez-nous pour une ambiance festive, conviviale et familiale c\u00e9l\u00e9brant la musique sous toutes ses formes.<\/p>\n<p style=\"text-align: center;\">Soyez au courant des diff\u00e9rents \u00e9v\u00e8nements via notre \u00a0<a href=\"https:\/\/www.facebook.com\/wapikidsfestival\/?fref=ts\">Page Facebook du Wapi Kids Festiva<\/a>l ou via le site internet <a href=\"https:\/\/www.wapikids.be\">https:\/\/www.wapikids.be<\/a><\/p>\n<p style=\"text-align: center;\"><a rel=\"fancybox[160]\" href=\"https:\/\/www.jeunessesmusicales.be\/walloniepicarde\/wp-content\/uploads\/sites\/9\/2015\/12\/wapikids-logo.jpg\" class=\"fancybox\"><img loading=\"lazy\" decoding=\"async\" class=\"alignnone wp-image-1394\" src=\"https:\/\/www.jeunessesmusicales.be\/walloniepicarde\/wp-content\/uploads\/sites\/9\/2015\/12\/wapikids-logo.jpg\" alt=\"wapikids-logo\" width=\"72\" height=\"45\" srcset=\"https:\/\/www.jeunessesmusicales.be\/walloniepicarde\/wp-content\/uploads\/sites\/9\/2015\/12\/wapikids-logo.jpg 2000w, https:\/\/www.jeunessesmusicales.be\/walloniepicarde\/wp-content\/uploads\/sites\/9\/2015\/12\/wapikids-logo-300x186.jpg 300w, https:\/\/www.jeunessesmusicales.be\/walloniepicarde\/wp-content\/uploads\/sites\/9\/2015\/12\/wapikids-logo-768x477.jpg 768w, https:\/\/www.jeunessesmusicales.be\/walloniepicarde\/wp-content\/uploads\/sites\/9\/2015\/12\/wapikids-logo-1024x635.jpg 1024w, https:\/\/www.jeunessesmusicales.be\/walloniepicarde\/wp-content\/uploads\/sites\/9\/2015\/12\/wapikids-logo-825x510.jpg 825w, https:\/\/www.jeunessesmusicales.be\/walloniepicarde\/wp-content\/uploads\/sites\/9\/2015\/12\/wapikids-logo-150x93.jpg 150w\" sizes=\"auto, (max-width: 72px) 100vw, 72px\" \/><\/a>\u00a0\u00a0<a rel=\"fancybox[160]\" href=\"https:\/\/www.jeunessesmusicales.be\/walloniepicarde\/wp-content\/uploads\/sites\/9\/2019\/05\/JMWAPI_BGsolid.png\" class=\"fancybox\"><img loading=\"lazy\" decoding=\"async\" class=\"alignnone wp-image-1337\" src=\"https:\/\/www.jeunessesmusicales.be\/walloniepicarde\/wp-content\/uploads\/sites\/9\/2019\/05\/JMWAPI_BGsolid.png\" alt=\"JMWAPI_BGsolid\" width=\"148\" height=\"26\" srcset=\"https:\/\/www.jeunessesmusicales.be\/walloniepicarde\/wp-content\/uploads\/sites\/9\/2019\/05\/JMWAPI_BGsolid.png 11738w, https:\/\/www.jeunessesmusicales.be\/walloniepicarde\/wp-content\/uploads\/sites\/9\/2019\/05\/JMWAPI_BGsolid-300x52.png 300w, https:\/\/www.jeunessesmusicales.be\/walloniepicarde\/wp-content\/uploads\/sites\/9\/2019\/05\/JMWAPI_BGsolid-768x134.png 768w, https:\/\/www.jeunessesmusicales.be\/walloniepicarde\/wp-content\/uploads\/sites\/9\/2019\/05\/JMWAPI_BGsolid-1024x179.png 1024w, https:\/\/www.jeunessesmusicales.be\/walloniepicarde\/wp-content\/uploads\/sites\/9\/2019\/05\/JMWAPI_BGsolid-150x26.png 150w\" sizes=\"auto, (max-width: 148px) 100vw, 148px\" \/>\u00a0\u00a0<\/a> \u00a0`<\/p>\n<p style=\"text-align: center;\">\u00a0<a rel=\"fancybox[160]\" href=\"https:\/\/www.jeunessesmusicales.be\/walloniepicarde\/wp-content\/uploads\/sites\/9\/2015\/12\/ccmouscron.jpg\" class=\"fancybox\"><img loading=\"lazy\" decoding=\"async\" class=\"alignnone wp-image-1404\" src=\"https:\/\/www.jeunessesmusicales.be\/walloniepicarde\/wp-content\/uploads\/sites\/9\/2015\/12\/ccmouscron.jpg\" alt=\"ccmouscron\" width=\"44\" height=\"44\" srcset=\"https:\/\/www.jeunessesmusicales.be\/walloniepicarde\/wp-content\/uploads\/sites\/9\/2015\/12\/ccmouscron.jpg 200w, https:\/\/www.jeunessesmusicales.be\/walloniepicarde\/wp-content\/uploads\/sites\/9\/2015\/12\/ccmouscron-150x150.jpg 150w, https:\/\/www.jeunessesmusicales.be\/walloniepicarde\/wp-content\/uploads\/sites\/9\/2015\/12\/ccmouscron-105x105.jpg 105w\" sizes=\"auto, (max-width: 44px) 100vw, 44px\" \/><\/a> \u00a0 \u00a0<a rel=\"fancybox[160]\" href=\"https:\/\/www.jeunessesmusicales.be\/walloniepicarde\/wp-content\/uploads\/sites\/9\/2015\/12\/FoyerLogoTEXTE_Noir_Horizontal-2.png\" class=\"fancybox\"><img loading=\"lazy\" decoding=\"async\" class=\"alignnone wp-image-1408\" src=\"https:\/\/www.jeunessesmusicales.be\/walloniepicarde\/wp-content\/uploads\/sites\/9\/2015\/12\/FoyerLogoTEXTE_Noir_Horizontal-2.png\" alt=\"FoyerLogoTEXTE_Noir_Horizontal 2\" width=\"62\" height=\"30\" srcset=\"https:\/\/www.jeunessesmusicales.be\/walloniepicarde\/wp-content\/uploads\/sites\/9\/2015\/12\/FoyerLogoTEXTE_Noir_Horizontal-2.png 1417w, https:\/\/www.jeunessesmusicales.be\/walloniepicarde\/wp-content\/uploads\/sites\/9\/2015\/12\/FoyerLogoTEXTE_Noir_Horizontal-2-300x142.png 300w, https:\/\/www.jeunessesmusicales.be\/walloniepicarde\/wp-content\/uploads\/sites\/9\/2015\/12\/FoyerLogoTEXTE_Noir_Horizontal-2-768x364.png 768w, https:\/\/www.jeunessesmusicales.be\/walloniepicarde\/wp-content\/uploads\/sites\/9\/2015\/12\/FoyerLogoTEXTE_Noir_Horizontal-2-1024x485.png 1024w, https:\/\/www.jeunessesmusicales.be\/walloniepicarde\/wp-content\/uploads\/sites\/9\/2015\/12\/FoyerLogoTEXTE_Noir_Horizontal-2-150x71.png 150w\" sizes=\"auto, (max-width: 62px) 100vw, 62px\" \/><\/a><\/p>\n<p style=\"text-align: center;\"><a rel=\"fancybox[160]\" href=\"https:\/\/www.jeunessesmusicales.be\/walloniepicarde\/wp-content\/uploads\/sites\/9\/2015\/12\/CCRM-Chapeau.Quadri-17-1.png\" class=\"fancybox\"><img loading=\"lazy\" decoding=\"async\" class=\"alignnone wp-image-1407\" src=\"https:\/\/www.jeunessesmusicales.be\/walloniepicarde\/wp-content\/uploads\/sites\/9\/2015\/12\/CCRM-Chapeau.Quadri-17-1.png\" alt=\"CCRM-Chapeau.Quadri-17-1\" width=\"79\" height=\"29\" srcset=\"https:\/\/www.jeunessesmusicales.be\/walloniepicarde\/wp-content\/uploads\/sites\/9\/2015\/12\/CCRM-Chapeau.Quadri-17-1.png 2623w, https:\/\/www.jeunessesmusicales.be\/walloniepicarde\/wp-content\/uploads\/sites\/9\/2015\/12\/CCRM-Chapeau.Quadri-17-1-300x110.png 300w, https:\/\/www.jeunessesmusicales.be\/walloniepicarde\/wp-content\/uploads\/sites\/9\/2015\/12\/CCRM-Chapeau.Quadri-17-1-768x281.png 768w, https:\/\/www.jeunessesmusicales.be\/walloniepicarde\/wp-content\/uploads\/sites\/9\/2015\/12\/CCRM-Chapeau.Quadri-17-1-1024x375.png 1024w, https:\/\/www.jeunessesmusicales.be\/walloniepicarde\/wp-content\/uploads\/sites\/9\/2015\/12\/CCRM-Chapeau.Quadri-17-1-150x55.png 150w\" sizes=\"auto, (max-width: 79px) 100vw, 79px\" \/><\/a> \u00a0\u00a0\u00a0<a rel=\"fancybox[160]\" href=\"https:\/\/www.jeunessesmusicales.be\/walloniepicarde\/wp-content\/uploads\/sites\/9\/2015\/12\/2_arret59_noir-02.png\" class=\"fancybox\"><img loading=\"lazy\" decoding=\"async\" class=\"alignnone wp-image-1406\" src=\"https:\/\/www.jeunessesmusicales.be\/walloniepicarde\/wp-content\/uploads\/sites\/9\/2015\/12\/2_arret59_noir-02.png\" alt=\"2_arret59_noir-02\" width=\"61\" height=\"29\" srcset=\"https:\/\/www.jeunessesmusicales.be\/walloniepicarde\/wp-content\/uploads\/sites\/9\/2015\/12\/2_arret59_noir-02.png 2900w, https:\/\/www.jeunessesmusicales.be\/walloniepicarde\/wp-content\/uploads\/sites\/9\/2015\/12\/2_arret59_noir-02-300x143.png 300w, https:\/\/www.jeunessesmusicales.be\/walloniepicarde\/wp-content\/uploads\/sites\/9\/2015\/12\/2_arret59_noir-02-768x367.png 768w, https:\/\/www.jeunessesmusicales.be\/walloniepicarde\/wp-content\/uploads\/sites\/9\/2015\/12\/2_arret59_noir-02-1024x490.png 1024w, https:\/\/www.jeunessesmusicales.be\/walloniepicarde\/wp-content\/uploads\/sites\/9\/2015\/12\/2_arret59_noir-02-150x72.png 150w\" sizes=\"auto, (max-width: 61px) 100vw, 61px\" \/><\/a>\u00a0\u00a0\u00a0\u00a0\u00a0\u00a0<a rel=\"fancybox[160]\" href=\"https:\/\/www.jeunessesmusicales.be\/walloniepicarde\/wp-content\/uploads\/sites\/9\/2024\/07\/images.png\" class=\"fancybox\"><img loading=\"lazy\" decoding=\"async\" class=\"alignnone  wp-image-2666\" src=\"https:\/\/www.jeunessesmusicales.be\/walloniepicarde\/wp-content\/uploads\/sites\/9\/2024\/07\/images.png\" alt=\"\" width=\"40\" height=\"40\" srcset=\"https:\/\/www.jeunessesmusicales.be\/walloniepicarde\/wp-content\/uploads\/sites\/9\/2024\/07\/images.png 224w, https:\/\/www.jeunessesmusicales.be\/walloniepicarde\/wp-content\/uploads\/sites\/9\/2024\/07\/images-150x150.png 150w, https:\/\/www.jeunessesmusicales.be\/walloniepicarde\/wp-content\/uploads\/sites\/9\/2024\/07\/images-105x105.png 105w, https:\/\/www.jeunessesmusicales.be\/walloniepicarde\/wp-content\/uploads\/sites\/9\/2024\/07\/images-200x200.png 200w\" sizes=\"auto, (max-width: 40px) 100vw, 40px\" \/> \u00a0<\/a><a rel=\"fancybox[160]\" href=\"https:\/\/www.jeunessesmusicales.be\/walloniepicarde\/wp-content\/uploads\/sites\/9\/2025\/06\/Capture-decran-2025-06-19-a-10.57.26.png\" class=\"fancybox\"><img loading=\"lazy\" decoding=\"async\" class=\"alignnone  wp-image-2827\" src=\"https:\/\/www.jeunessesmusicales.be\/walloniepicarde\/wp-content\/uploads\/sites\/9\/2025\/06\/Capture-decran-2025-06-19-a-10.57.26.png\" alt=\"\" width=\"42\" height=\"34\" srcset=\"https:\/\/www.jeunessesmusicales.be\/walloniepicarde\/wp-content\/uploads\/sites\/9\/2025\/06\/Capture-decran-2025-06-19-a-10.57.26.png 676w, https:\/\/www.jeunessesmusicales.be\/walloniepicarde\/wp-content\/uploads\/sites\/9\/2025\/06\/Capture-decran-2025-06-19-a-10.57.26-300x242.png 300w, https:\/\/www.jeunessesmusicales.be\/walloniepicarde\/wp-content\/uploads\/sites\/9\/2025\/06\/Capture-decran-2025-06-19-a-10.57.26-130x105.png 130w\" sizes=\"auto, (max-width: 42px) 100vw, 42px\" \/><\/a>. <a rel=\"fancybox[160]\" href=\"https:\/\/www.jeunessesmusicales.be\/walloniepicarde\/wp-content\/uploads\/sites\/9\/2024\/11\/images-2.png\" class=\"fancybox\"><img loading=\"lazy\" decoding=\"async\" class=\"alignnone  wp-image-2680\" src=\"https:\/\/www.jeunessesmusicales.be\/walloniepicarde\/wp-content\/uploads\/sites\/9\/2024\/11\/images-2.png\" alt=\"\" width=\"59\" height=\"59\" srcset=\"https:\/\/www.jeunessesmusicales.be\/walloniepicarde\/wp-content\/uploads\/sites\/9\/2024\/11\/images-2.png 225w, https:\/\/www.jeunessesmusicales.be\/walloniepicarde\/wp-content\/uploads\/sites\/9\/2024\/11\/images-2-150x150.png 150w, https:\/\/www.jeunessesmusicales.be\/walloniepicarde\/wp-content\/uploads\/sites\/9\/2024\/11\/images-2-105x105.png 105w, https:\/\/www.jeunessesmusicales.be\/walloniepicarde\/wp-content\/uploads\/sites\/9\/2024\/11\/images-2-200x200.png 200w\" sizes=\"auto, (max-width: 59px) 100vw, 59px\" \/><\/a><\/p>\n","protected":false},"excerpt":{"rendered":"<p>16i\u00e8me \u00e9dition du WapiKids festival ! \u00a0Le Wapi Kids Festival f\u00eate ses 16 ans ! En partenariat avec vos Centres &hellip; <a href=\"https:\/\/www.jeunessesmusicales.be\/walloniepicarde\/concerts-publics-2\/\" class=\"more-link\">Continue reading <span class=\"screen-reader-text\">Wapi Kids festival<\/span><\/a><\/p>\n","protected":false},"author":3,"featured_media":0,"parent":0,"menu_order":0,"comment_status":"closed","ping_status":"closed","template":"","meta":{"_acf_changed":false,"footnotes":""},"class_list":["post-160","page","type-page","status-publish","hentry"],"acf":[],"_links":{"self":[{"href":"https:\/\/www.jeunessesmusicales.be\/walloniepicarde\/wp-json\/wp\/v2\/pages\/160","targetHints":{"allow":["GET"]}}],"collection":[{"href":"https:\/\/www.jeunessesmusicales.be\/walloniepicarde\/wp-json\/wp\/v2\/pages"}],"about":[{"href":"https:\/\/www.jeunessesmusicales.be\/walloniepicarde\/wp-json\/wp\/v2\/types\/page"}],"author":[{"embeddable":true,"href":"https:\/\/www.jeunessesmusicales.be\/walloniepicarde\/wp-json\/wp\/v2\/users\/3"}],"replies":[{"embeddable":true,"href":"https:\/\/www.jeunessesmusicales.be\/walloniepicarde\/wp-json\/wp\/v2\/comments?post=160"}],"version-history":[{"count":41,"href":"https:\/\/www.jeunessesmusicales.be\/walloniepicarde\/wp-json\/wp\/v2\/pages\/160\/revisions"}],"predecessor-version":[{"id":2828,"href":"https:\/\/www.jeunessesmusicales.be\/walloniepicarde\/wp-json\/wp\/v2\/pages\/160\/revisions\/2828"}],"wp:attachment":[{"href":"https:\/\/www.jeunessesmusicales.be\/walloniepicarde\/wp-json\/wp\/v2\/media?parent=160"}],"curies":[{"name":"wp","href":"https:\/\/api.w.org\/{rel}","templated":true}]}}