{"id":2,"date":"2015-09-28T07:57:58","date_gmt":"2015-09-28T06:57:58","guid":{"rendered":"http:\/\/www.jeunessesmusicales.be\/walloniepicarde\/?page_id=2"},"modified":"2025-09-30T10:18:22","modified_gmt":"2025-09-30T08:18:22","slug":"page-d-exemple","status":"publish","type":"page","link":"https:\/\/www.jeunessesmusicales.be\/walloniepicarde\/","title":{"rendered":"Accueil"},"content":{"rendered":"<p style=\"text-align: center;\"><span style=\"color: #ef3740;\"><strong> Nouvelle Saison, Nouvelles Exp\u00e9riences !<\/strong><\/span><\/p>\n<p style=\"text-align: center;\">Nous sommes ravis de vous pr\u00e9senter notre nouvelle saison pleine de surprises et de d\u00e9couvertes musicales.<br \/>\nLaissez-vous \u00e9merveiller par notre programme riche et vari\u00e9, con\u00e7u pour captiver petits et grands !<\/p>\n<p style=\"text-align: center;\"><strong>Stages musicaux pour les enfants de 3 \u00e0 12 ans<\/strong><br \/>\nNos stages de vacances sont sp\u00e9cialement con\u00e7us pour les enfants de 3 \u00e0 12 ans, avec des th\u00e9matiques innovantes et ludiques.<br \/>\nChaque stage offre une immersion compl\u00e8te dans l&rsquo;univers de la musique, permettant aux enfants<br \/>\nde d\u00e9velopper leur cr\u00e9ativit\u00e9, d&rsquo;explorer diff\u00e9rents instruments et de d\u00e9couvrir les joies du rythme et du chant.<br \/>\nLes tout-petits comme les plus grands y trouveront de quoi s&rsquo;amuser et apprendre dans un environnement stimulant et bienveillant.<\/p>\n<p style=\"text-align: center;\"><strong>Ateliers musicaux tout au long de l&rsquo;ann\u00e9e<br \/>\n<\/strong>\u00a0En dehors des p\u00e9riodes de vacances, nous proposons des ateliers musicaux hebdomadaires qui se d\u00e9roulent tout au long de l&rsquo;ann\u00e9e.<br \/>\nCes ateliers offrent une continuit\u00e9 p\u00e9dagogique et un espace d&rsquo;expression pour les enfants,<br \/>\nleur permettant de s&rsquo;initier \u00e0 la musique, de d\u00e9velopper leurs comp\u00e9tences et de s&rsquo;\u00e9panouir au sein d&rsquo;un groupe.<br \/>\nQue votre enfant soit d\u00e9butant ou d\u00e9j\u00e0 passionn\u00e9, nos ateliers sont adapt\u00e9s \u00e0 tous les niveaux et<br \/>\ngarantissent des moments de partage et de d\u00e9couverte.<\/p>\n<p style=\"text-align: center;\"><strong>Le Wapi Kids Festival f\u00eate ses 16 ans !<\/strong><br \/>\nEn partenariat avec vos Centres Culturels de Wallonie picarde, nous vous invitons \u00e0 7 moments inoubliables !<br \/>\nAu menu : animations musicales pour les enfants, d\u00e9couvertes culturelles pour les parents, collations gourmandes et spectacles.<br \/>\nRejoignez-nous pour une ambiance festive, conviviale et familiale c\u00e9l\u00e9brant la musique sous toutes ses formes.<\/p>\n<p style=\"text-align: center;\"><strong><span style=\"color: #ef3740;\"><a style=\"color: #ef3740;\" href=\"https:\/\/www.jeunessesmusicales.be\/walloniepicarde\/wp-content\/uploads\/sites\/9\/2025\/09\/Programme-2526.pdf\">Retrouvez toutes nos activit\u00e9s<\/a><\/span><\/strong><\/p>\n<p style=\"text-align: center;\"><strong>Pour les \u00e9coles et associations<\/strong><br \/>\nCh\u00e8res Directions, Professeurs et Associations de la petite enfance, explorez notre <strong><span style=\"color: #ef3740;\"><a style=\"color: #ef3740;\" href=\"https:\/\/www.jeunessesmusicales.be\/walloniepicarde\/wp-content\/uploads\/sites\/9\/2025\/09\/Catalogue-animations-JM-WAPI-low-2.pdf\">Brochure Scolaire 25-26<\/a><\/span><\/strong>\u00a0!<br \/>\nVous y trouverez nos modules musicaux, formations pour enseignants et spectacles adapt\u00e9s aux enfants de 2,5 \u00e0 12 ans.<\/p>\n<p style=\"text-align: center;\"><strong>Envie d\u2019un spectacle ou d\u2019une activit\u00e9 musicale ?<\/strong><br \/>\nQue ce soit pour votre \u00e9cole, cr\u00e8che, ASBL, entreprise ou autre, nous avons une gamme d&rsquo;artistes talentueux et de spectacles pour tous les \u00e2ges, d\u00e8s 6 mois.<br \/>\nD\u00e9couvrez-les sur <strong><a href=\"https:\/\/jeunessesmusicales.be\/blog\/category\/artistes\/saisons\/saison-24-25\/\">notre page<\/a> <\/strong>d\u00e9di\u00e9e aux artistes.<\/p>\n<p style=\"text-align: center;\"><strong>Contactez-nous !<\/strong><br \/>\nPour toute information ou r\u00e9servation, appelez-nous au 069\/354.328 ou envoyez-nous un email \u00e0 <a rel=\"noreferrer\">jmho@jeunessesmusicales.be<\/a>.<\/p>\n<p style=\"text-align: center;\"><strong>Suivez-nous sur Facebook !<\/strong><br \/>\nNe manquez rien de nos actualit\u00e9s en rejoignant nos pages<br \/>\n<a href=\"https:\/\/www.facebook.com\/JeunessesMusicalesWAPI\"><strong>Jeunesses Musicales Wallonie picarde<\/strong><\/a> et <a href=\"https:\/\/www.facebook.com\/wapikidsfestival\"><strong>Wapi Kids Festival<\/strong><\/a>.<\/p>\n<p style=\"text-align: center;\">\n","protected":false},"excerpt":{"rendered":"<p>Nouvelle Saison, Nouvelles Exp\u00e9riences ! Nous sommes ravis de vous pr\u00e9senter notre nouvelle saison pleine de surprises et de d\u00e9couvertes &hellip; <a href=\"https:\/\/www.jeunessesmusicales.be\/walloniepicarde\/\" class=\"more-link\">Continue reading <span class=\"screen-reader-text\">Accueil<\/span><\/a><\/p>\n","protected":false},"author":1,"featured_media":0,"parent":0,"menu_order":0,"comment_status":"closed","ping_status":"closed","template":"","meta":{"_acf_changed":false,"footnotes":""},"class_list":["post-2","page","type-page","status-publish","hentry"],"acf":[],"_links":{"self":[{"href":"https:\/\/www.jeunessesmusicales.be\/walloniepicarde\/wp-json\/wp\/v2\/pages\/2","targetHints":{"allow":["GET"]}}],"collection":[{"href":"https:\/\/www.jeunessesmusicales.be\/walloniepicarde\/wp-json\/wp\/v2\/pages"}],"about":[{"href":"https:\/\/www.jeunessesmusicales.be\/walloniepicarde\/wp-json\/wp\/v2\/types\/page"}],"author":[{"embeddable":true,"href":"https:\/\/www.jeunessesmusicales.be\/walloniepicarde\/wp-json\/wp\/v2\/users\/1"}],"replies":[{"embeddable":true,"href":"https:\/\/www.jeunessesmusicales.be\/walloniepicarde\/wp-json\/wp\/v2\/comments?post=2"}],"version-history":[{"count":68,"href":"https:\/\/www.jeunessesmusicales.be\/walloniepicarde\/wp-json\/wp\/v2\/pages\/2\/revisions"}],"predecessor-version":[{"id":2942,"href":"https:\/\/www.jeunessesmusicales.be\/walloniepicarde\/wp-json\/wp\/v2\/pages\/2\/revisions\/2942"}],"wp:attachment":[{"href":"https:\/\/www.jeunessesmusicales.be\/walloniepicarde\/wp-json\/wp\/v2\/media?parent=2"}],"curies":[{"name":"wp","href":"https:\/\/api.w.org\/{rel}","templated":true}]}}