{"id":32,"date":"2015-11-03T14:42:52","date_gmt":"2015-11-03T13:42:52","guid":{"rendered":"http:\/\/www.jeunessesmusicales.be\/walloniepicarde\/?page_id=32"},"modified":"2025-09-30T10:18:37","modified_gmt":"2025-09-30T08:18:37","slug":"activites-a-lecole","status":"publish","type":"page","link":"https:\/\/www.jeunessesmusicales.be\/walloniepicarde\/activites-a-lecole\/","title":{"rendered":"Activit\u00e9s \u00e0 l&rsquo;\u00e9cole"},"content":{"rendered":"<div class=\"texte tarticle surlignable\">\n<p style=\"text-align: center;\"><strong>D\u00e9couvrez l&rsquo;ensemble des ateliers aux th\u00e9matiques diverses pour vos \u00e9l\u00e8ves. <\/strong><\/p>\n<p style=\"text-align: center;\"><strong>Voici notre brochure scolaire 2025-2026, \u00e0 t\u00e9l\u00e9charger ci-dessous en version PDF, reprenant l&rsquo;ensemble de nos activit\u00e9s scolaires :<br class=\"clearall\" \/><a href=\"https:\/\/www.jeunessesmusicales.be\/walloniepicarde\/wp-content\/uploads\/sites\/9\/2025\/09\/Catalogue-animations-JM-WAPI-low-2.pdf\">Brochure scolaire 25-26<\/a><br \/>\n<a href=\"https:\/\/www.jeunessesmusicales.be\/walloniepicarde\/wp-content\/uploads\/sites\/9\/2025\/07\/Brochure-Secondaire-25-26.pdf\">Brochure scolaire secondaire<\/a><\/strong><\/p>\n<p>&nbsp;<\/p>\n<\/div>\n<div class=\"texte tarticle surlignable\" style=\"text-align: center;\">\n<p>&nbsp;<\/p>\n<\/div>\n<p style=\"text-align: center;\">\n","protected":false},"excerpt":{"rendered":"<p>D\u00e9couvrez l&rsquo;ensemble des ateliers aux th\u00e9matiques diverses pour vos \u00e9l\u00e8ves. Voici notre brochure scolaire 2025-2026, \u00e0 t\u00e9l\u00e9charger ci-dessous en version &hellip; <a href=\"https:\/\/www.jeunessesmusicales.be\/walloniepicarde\/activites-a-lecole\/\" class=\"more-link\">Continue reading <span class=\"screen-reader-text\">Activit\u00e9s \u00e0 l&rsquo;\u00e9cole<\/span><\/a><\/p>\n","protected":false},"author":3,"featured_media":0,"parent":0,"menu_order":0,"comment_status":"closed","ping_status":"closed","template":"","meta":{"_acf_changed":false,"footnotes":""},"class_list":["post-32","page","type-page","status-publish","hentry"],"acf":[],"_links":{"self":[{"href":"https:\/\/www.jeunessesmusicales.be\/walloniepicarde\/wp-json\/wp\/v2\/pages\/32","targetHints":{"allow":["GET"]}}],"collection":[{"href":"https:\/\/www.jeunessesmusicales.be\/walloniepicarde\/wp-json\/wp\/v2\/pages"}],"about":[{"href":"https:\/\/www.jeunessesmusicales.be\/walloniepicarde\/wp-json\/wp\/v2\/types\/page"}],"author":[{"embeddable":true,"href":"https:\/\/www.jeunessesmusicales.be\/walloniepicarde\/wp-json\/wp\/v2\/users\/3"}],"replies":[{"embeddable":true,"href":"https:\/\/www.jeunessesmusicales.be\/walloniepicarde\/wp-json\/wp\/v2\/comments?post=32"}],"version-history":[{"count":11,"href":"https:\/\/www.jeunessesmusicales.be\/walloniepicarde\/wp-json\/wp\/v2\/pages\/32\/revisions"}],"predecessor-version":[{"id":2943,"href":"https:\/\/www.jeunessesmusicales.be\/walloniepicarde\/wp-json\/wp\/v2\/pages\/32\/revisions\/2943"}],"wp:attachment":[{"href":"https:\/\/www.jeunessesmusicales.be\/walloniepicarde\/wp-json\/wp\/v2\/media?parent=32"}],"curies":[{"name":"wp","href":"https:\/\/api.w.org\/{rel}","templated":true}]}}