{"id":42,"date":"2015-11-03T14:44:10","date_gmt":"2015-11-03T13:44:10","guid":{"rendered":"http:\/\/www.jeunessesmusicales.be\/walloniepicarde\/?page_id=42"},"modified":"2025-09-12T08:53:34","modified_gmt":"2025-09-12T06:53:34","slug":"ateliers","status":"publish","type":"page","link":"https:\/\/www.jeunessesmusicales.be\/walloniepicarde\/activites-tous-publics\/ateliers\/","title":{"rendered":"Ateliers Permanents"},"content":{"rendered":"<h2 style=\"text-align: center;\"><strong>Nos ateliers permanents\u00a0<\/strong><\/h2>\n<p style=\"text-align: center;\"><strong><span style=\"color: #ef3740;\">Les ateliers d\u00e9butent le lundi 08 septembre 2025<\/span><span style=\"color: #ef3740;\">.<\/span><\/strong><\/p>\n<p class=\"cvGsUA direction-ltr align-center para-style-body\" style=\"text-align: center;\"><span class=\"OYPEnA text-decoration-none text-strikethrough-none\">D\u00e9couvrons le monde en musique !<br \/>\n<\/span><span class=\"OYPEnA text-decoration-none text-strikethrough-none\">Au programme, de nombreuses activit\u00e9s ludiques et p\u00e9dagogiques adapt\u00e9es \u00e0 l&rsquo;\u00e2ge de vos enfants :<br \/>\nd\u00e9couverte et manipulation d&rsquo;instruments, comptines, chants, danses et mouvements, rythmes, etc.<\/span><\/p>\n<p class=\"cvGsUA direction-ltr align-center para-style-body\" style=\"text-align: center;\"><span class=\"OYPEnA text-decoration-none text-strikethrough-none\">Des ateliers hebdomadaires de 50 minutes sont organis\u00e9s dans diff\u00e9rentes communes de Wallonie picarde<\/span><\/p>\n<p style=\"text-align: center;\">Tarifs : 140\u20ac*\/150\u20ac \u00e0 l&rsquo;ann\u00e9e<\/p>\n<p style=\"text-align: center;\">Voici les diff\u00e9rents ateliers propos\u00e9s :<\/p>\n<h3><span style=\"color: #ef3740;\">TAINTIGNIES<\/span> pour les 6 \u00e0 9 ans<\/h3>\n<ul>\n<li>Horaire : Lundi de 16h10 \u00e0 17h<\/li>\n<li>Lieu : Ecole autonome de Taintignies \u2013 rue des Bois 31, Taintignies<\/li>\n<\/ul>\n<p><a href=\"https:\/\/www.jeunessesmusicales.be\/walloniepicarde\/atelier-a-taintignies-6-9-ans\/\">Inscription en ligne<\/a><\/p>\n<h3><span style=\"color: #ef3740;\">LEUZE<\/span> pour les 2,5 \u00e0 4 ans<\/h3>\n<ul>\n<li>Horaire : Mardi de 16h20 \u00e0 17h10<\/li>\n<li>Lieu : Centre Culturel de Leuze \u2013 33, rue d\u2019Ath \u00e0 7900 Leuze-en-Hainaut<\/li>\n<li>L\u2019inscription se fait directement via le Centre Culturel de Leuze 069\/662.467 \u2013 <a href=\"mailto:info@cultureleuze.be\">info@cultureleuze.be<\/a><\/li>\n<\/ul>\n<h3><span style=\"color: #ef3740;\">P\u00c9RUWELZ<\/span> pour les 3 \u00e0 5 ans<\/h3>\n<ul>\n<li>Horaire : Mardi de 16h \u00e0 16h50<\/li>\n<li>Lieu : Centre Culturel de P\u00e9ruwelz, Arr\u00eat 59\u00a0\u2013\u00a059, rue des Fran\u00e7ais \u00e0 7600 P\u00e9ruwelz<\/li>\n<li>L\u2019inscription se fait directement via le Centre Culturel de P\u00e9ruwelz\u00a0069\/454.248 \u2013 contact@arret59.be<\/li>\n<\/ul>\n<h3><span style=\"color: #ef3740;\">TOURNAI RYTHME SIGN\u00c9<\/span>\u00a0pour les 9 \u00e0 13 ans<\/h3>\n<ul>\n<li>Horaire : Mardi de 18h \u00e0 19h<\/li>\n<li>Lieu : Maison de la Culture de Tournai &#8211; Avenue des Fr\u00e8res Rimbaud 2, 7500 Tournai<\/li>\n<li>L\u2019inscription se fait directement via la Maison de la Culture de Tournai 069\/25.30.80<\/li>\n<\/ul>\n<h3><span style=\"color: #ef3740;\">MOUSCRON*<\/span>\u00a0 pour les 6 \u00e0 9 ans<\/h3>\n<ul>\n<li>Horaire : Mercredi de 14h10 \u00e0 15h<\/li>\n<li>Lieu : Maison des associations\u00a0 &#8211; Rue des combattants 20, 7700 Mouscron<\/li>\n<\/ul>\n<p><em>*En collaboration avec le Centre Culturel de Mouscron<\/em><\/p>\n<p><a href=\"https:\/\/www.jeunessesmusicales.be\/walloniepicarde\/atelier-mouscron-5-a-8-ans\/\">Inscription en ligne<\/a><\/p>\n<h3><span style=\"color: #ef3740;\">TAINTIGNIES<\/span>\u00a0<span style=\"color: #ef3740;\">PERCUSSIONS<\/span> pour les 9 \u00e0 99 ans<\/h3>\n<ul>\n<li>Horaire : Mercredi de 14h15 \u00e0 15h05<\/li>\n<li>Lieu : Biblioth\u00e8que Communale R\u00e9sidence de la Baille 13, 7618 Rumes<\/li>\n<\/ul>\n<p><a href=\"https:\/\/www.jeunessesmusicales.be\/walloniepicarde\/atelier-taintignies-percussions\/\">Inscription en ligne<\/a><\/p>\n<h3><span style=\"color: #ef3740;\">MOUSCRON*<\/span> pour les 3 \u00e0 5 ans<\/h3>\n<ul>\n<li>Horaire : Mercredi de 15h \u00e0 15h50<\/li>\n<li>Lieu : Maison des associations\u00a0 &#8211; Rue des combattants 20, 7700 Mouscron<\/li>\n<\/ul>\n<p><em>*En collaboration avec le Centre Culturel de Mouscron<\/em><\/p>\n<p><a href=\"https:\/\/www.jeunessesmusicales.be\/walloniepicarde\/atelier-mouscron-25-a-4-ans\/\">Inscription en ligne<\/a><\/p>\n<h3><span style=\"color: #ef3740;\">TAINTIGNIES<\/span> pour les 2,5 \u00e0 5 ans<\/h3>\n<ul>\n<li>Horaire : Mercredi de 15h10 \u00e0 16h<\/li>\n<li>Lieu : Biblioth\u00e8que communale : R\u00e9sidence de la Baille 13, 7618 Rumes<\/li>\n<\/ul>\n<p><a href=\"https:\/\/www.jeunessesmusicales.be\/walloniepicarde\/inscriptions-atelier-permanent-taintignies-25-a-5-ans\/\">Inscription en ligne<\/a><\/p>\n<h3><span style=\"color: #ef3740;\">TEN BRIELEN\u00a0<\/span>pour les 3 \u00e0 5 ans<\/h3>\n<ul>\n<li>Horaire : Jeudi de 16h20 \u00e0 17h10<\/li>\n<li>Lieu : Maison Communale Rue du Jardinets 3, 7780 Ten Brielen<\/li>\n<li>Inscriptions via le Centre Culture de Comines 056\/56.15.15<\/li>\n<\/ul>\n<p>&nbsp;<\/p>\n","protected":false},"excerpt":{"rendered":"<p>Nos ateliers permanents\u00a0 Les ateliers d\u00e9butent le lundi 08 septembre 2025. D\u00e9couvrons le monde en musique ! Au programme, de &hellip; <a href=\"https:\/\/www.jeunessesmusicales.be\/walloniepicarde\/activites-tous-publics\/ateliers\/\" class=\"more-link\">Continue reading <span class=\"screen-reader-text\">Ateliers Permanents<\/span><\/a><\/p>\n","protected":false},"author":3,"featured_media":2600,"parent":40,"menu_order":0,"comment_status":"closed","ping_status":"closed","template":"","meta":{"_acf_changed":false,"footnotes":""},"class_list":["post-42","page","type-page","status-publish","has-post-thumbnail","hentry"],"acf":[],"_links":{"self":[{"href":"https:\/\/www.jeunessesmusicales.be\/walloniepicarde\/wp-json\/wp\/v2\/pages\/42","targetHints":{"allow":["GET"]}}],"collection":[{"href":"https:\/\/www.jeunessesmusicales.be\/walloniepicarde\/wp-json\/wp\/v2\/pages"}],"about":[{"href":"https:\/\/www.jeunessesmusicales.be\/walloniepicarde\/wp-json\/wp\/v2\/types\/page"}],"author":[{"embeddable":true,"href":"https:\/\/www.jeunessesmusicales.be\/walloniepicarde\/wp-json\/wp\/v2\/users\/3"}],"replies":[{"embeddable":true,"href":"https:\/\/www.jeunessesmusicales.be\/walloniepicarde\/wp-json\/wp\/v2\/comments?post=42"}],"version-history":[{"count":68,"href":"https:\/\/www.jeunessesmusicales.be\/walloniepicarde\/wp-json\/wp\/v2\/pages\/42\/revisions"}],"predecessor-version":[{"id":2937,"href":"https:\/\/www.jeunessesmusicales.be\/walloniepicarde\/wp-json\/wp\/v2\/pages\/42\/revisions\/2937"}],"up":[{"embeddable":true,"href":"https:\/\/www.jeunessesmusicales.be\/walloniepicarde\/wp-json\/wp\/v2\/pages\/40"}],"wp:featuredmedia":[{"embeddable":true,"href":"https:\/\/www.jeunessesmusicales.be\/walloniepicarde\/wp-json\/wp\/v2\/media\/2600"}],"wp:attachment":[{"href":"https:\/\/www.jeunessesmusicales.be\/walloniepicarde\/wp-json\/wp\/v2\/media?parent=42"}],"curies":[{"name":"wp","href":"https:\/\/api.w.org\/{rel}","templated":true}]}}