{"id":46,"date":"2015-11-03T14:44:35","date_gmt":"2015-11-03T13:44:35","guid":{"rendered":"http:\/\/www.jeunessesmusicales.be\/walloniepicarde\/?page_id=46"},"modified":"2025-07-10T12:34:01","modified_gmt":"2025-07-10T10:34:01","slug":"stages","status":"publish","type":"page","link":"https:\/\/www.jeunessesmusicales.be\/walloniepicarde\/activites-tous-publics\/stages\/","title":{"rendered":"Stages"},"content":{"rendered":"<p><iframe loading=\"lazy\" title=\"stages Jeunesses musicales Wallonie picarde\" width=\"500\" height=\"281\" src=\"https:\/\/www.youtube.com\/embed\/-QKeqiPgKmo?feature=oembed&#038;enablejsapi=1&#038;origin=https:\/\/www.jeunessesmusicales.be\" frameborder=\"0\" allow=\"accelerometer; autoplay; clipboard-write; encrypted-media; gyroscope; picture-in-picture; web-share\" referrerpolicy=\"strict-origin-when-cross-origin\" allowfullscreen><\/iframe><\/p>\n<p style=\"text-align: center;\"><strong>Stages musicaux pour les enfants de 2 \u00e0 12 ans<\/strong><br \/>\nNos stages de vacances sont sp\u00e9cialement con\u00e7us pour les enfants de 2 \u00e0 8 ans, avec des th\u00e9matiques innovantes et ludiques.<br \/>\nChaque stage offre une immersion compl\u00e8te dans l\u2019univers de la musique, permettant aux enfants<br \/>\nde d\u00e9velopper leur cr\u00e9ativit\u00e9, d\u2019explorer diff\u00e9rents instruments et de d\u00e9couvrir les joies du rythme et du chant.<br \/>\nLes tout-petits comme les plus grands y trouveront de quoi s\u2019amuser et apprendre dans un environnement stimulant et bienveillant.<\/p>\n<p>&nbsp;<\/p>\n","protected":false},"excerpt":{"rendered":"<p>Stages musicaux pour les enfants de 2 \u00e0 12 ans Nos stages de vacances sont sp\u00e9cialement con\u00e7us pour les enfants &hellip; <a href=\"https:\/\/www.jeunessesmusicales.be\/walloniepicarde\/activites-tous-publics\/stages\/\" class=\"more-link\">Continue reading <span class=\"screen-reader-text\">Stages<\/span><\/a><\/p>\n","protected":false},"author":3,"featured_media":0,"parent":40,"menu_order":0,"comment_status":"closed","ping_status":"closed","template":"","meta":{"_acf_changed":false,"footnotes":""},"class_list":["post-46","page","type-page","status-publish","hentry"],"acf":[],"_links":{"self":[{"href":"https:\/\/www.jeunessesmusicales.be\/walloniepicarde\/wp-json\/wp\/v2\/pages\/46","targetHints":{"allow":["GET"]}}],"collection":[{"href":"https:\/\/www.jeunessesmusicales.be\/walloniepicarde\/wp-json\/wp\/v2\/pages"}],"about":[{"href":"https:\/\/www.jeunessesmusicales.be\/walloniepicarde\/wp-json\/wp\/v2\/types\/page"}],"author":[{"embeddable":true,"href":"https:\/\/www.jeunessesmusicales.be\/walloniepicarde\/wp-json\/wp\/v2\/users\/3"}],"replies":[{"embeddable":true,"href":"https:\/\/www.jeunessesmusicales.be\/walloniepicarde\/wp-json\/wp\/v2\/comments?post=46"}],"version-history":[{"count":15,"href":"https:\/\/www.jeunessesmusicales.be\/walloniepicarde\/wp-json\/wp\/v2\/pages\/46\/revisions"}],"predecessor-version":[{"id":2914,"href":"https:\/\/www.jeunessesmusicales.be\/walloniepicarde\/wp-json\/wp\/v2\/pages\/46\/revisions\/2914"}],"up":[{"embeddable":true,"href":"https:\/\/www.jeunessesmusicales.be\/walloniepicarde\/wp-json\/wp\/v2\/pages\/40"}],"wp:attachment":[{"href":"https:\/\/www.jeunessesmusicales.be\/walloniepicarde\/wp-json\/wp\/v2\/media?parent=46"}],"curies":[{"name":"wp","href":"https:\/\/api.w.org\/{rel}","templated":true}]}}