{"id":737,"date":"2016-12-01T11:31:45","date_gmt":"2016-12-01T10:31:45","guid":{"rendered":"http:\/\/www.jeunessesmusicales.be\/walloniepicarde\/?page_id=737"},"modified":"2024-07-01T13:45:48","modified_gmt":"2024-07-01T11:45:48","slug":"les-fetes-de-la-musique","status":"publish","type":"page","link":"https:\/\/www.jeunessesmusicales.be\/walloniepicarde\/les-fetes-de-la-musique\/","title":{"rendered":"Les F\u00eates de la musique"},"content":{"rendered":"<p>Retrouvez nos diff\u00e9rents projets, \u00e0 l&rsquo;occasion de ce rendez-vous annuel sur tous nos r\u00e9seaux sociaux.<\/p>\n","protected":false},"excerpt":{"rendered":"<p>Retrouvez nos diff\u00e9rents projets, \u00e0 l&rsquo;occasion de ce rendez-vous annuel sur tous nos r\u00e9seaux sociaux.<\/p>\n","protected":false},"author":15,"featured_media":0,"parent":0,"menu_order":0,"comment_status":"closed","ping_status":"closed","template":"","meta":{"_acf_changed":false,"footnotes":""},"class_list":["post-737","page","type-page","status-publish","hentry"],"acf":[],"_links":{"self":[{"href":"https:\/\/www.jeunessesmusicales.be\/walloniepicarde\/wp-json\/wp\/v2\/pages\/737","targetHints":{"allow":["GET"]}}],"collection":[{"href":"https:\/\/www.jeunessesmusicales.be\/walloniepicarde\/wp-json\/wp\/v2\/pages"}],"about":[{"href":"https:\/\/www.jeunessesmusicales.be\/walloniepicarde\/wp-json\/wp\/v2\/types\/page"}],"author":[{"embeddable":true,"href":"https:\/\/www.jeunessesmusicales.be\/walloniepicarde\/wp-json\/wp\/v2\/users\/15"}],"replies":[{"embeddable":true,"href":"https:\/\/www.jeunessesmusicales.be\/walloniepicarde\/wp-json\/wp\/v2\/comments?post=737"}],"version-history":[{"count":8,"href":"https:\/\/www.jeunessesmusicales.be\/walloniepicarde\/wp-json\/wp\/v2\/pages\/737\/revisions"}],"predecessor-version":[{"id":2605,"href":"https:\/\/www.jeunessesmusicales.be\/walloniepicarde\/wp-json\/wp\/v2\/pages\/737\/revisions\/2605"}],"wp:attachment":[{"href":"https:\/\/www.jeunessesmusicales.be\/walloniepicarde\/wp-json\/wp\/v2\/media?parent=737"}],"curies":[{"name":"wp","href":"https:\/\/api.w.org\/{rel}","templated":true}]}}